{"id":71063,"date":"2024-02-07T15:25:00","date_gmt":"2024-02-07T14:25:00","guid":{"rendered":"http:\/\/martehelgetun.no\/?post_type=product&#038;p=71063"},"modified":"2025-06-10T13:38:48","modified_gmt":"2025-06-10T11:38:48","slug":"tullemors-knutelue","status":"publish","type":"product","link":"https:\/\/martehelgetun.no\/en\/product\/tullemors-knutelue\/","title":{"rendered":"Tullemors Knutelue"},"content":{"rendered":"<p><strong>ST\u00d8RRELSER OG M\u00c5L<\/strong><br \/>\nBarnehagebarn (Skolebarn)<\/p>\n<p>&nbsp;<\/p>\n<p><strong>GARN OG GARNFORBRUK<\/strong><br \/>\nLunt + Lett by Marte Helgetun<br \/>\n1 (1) n\u00f8ste Lunt nr. 01 Kitt<br \/>\n1 (1) n\u00f8ste Lett nr. 01 Kitt<br \/>\nLuen strikkes med 1 tr\u00e5d Lunt og 1 tr\u00e5d Lett sammen<\/p>\n<p>&nbsp;<\/p>\n<p><strong>PINNER OG STRIKKEFASTHET<\/strong><br \/>\n40 cm lang rundpinne nr. 4,5 og settpinner 4,5<br \/>\n22 masker glattstrikk med en tr\u00e5d av hver kvalitet p\u00e5 pinne nr. 4,5 = 10 cm<\/p>\n","protected":false},"excerpt":{"rendered":"<p>En superenkel lue med rullekant nede og en litt artig knute i toppen.<\/p>\n<p>&nbsp;<\/p>\n<p>&nbsp;<\/p>\n<p><strong>Norsk og Engelsk oppskrift.<\/strong> Du f\u00e5r tilgang til alle spr\u00e5k som pdf fil ved kj\u00f8p.<\/p>\n","protected":false},"featured_media":71064,"template":"","meta":{"_acf_changed":false,"_relevanssi_hide_post":"","_relevanssi_hide_content":"","_relevanssi_pin_for_all":"","_relevanssi_pin_keywords":"","_relevanssi_unpin_keywords":"","_relevanssi_related_keywords":"","_relevanssi_related_include_ids":"","_relevanssi_related_exclude_ids":"","_relevanssi_related_no_append":"","_relevanssi_related_not_related":"","_relevanssi_related_posts":"","_relevanssi_noindex_reason":""},"product_brand":[],"product_cat":[401,60,246],"product_tag":[128,382,37,171,370,33,134,136,383,384],"class_list":{"0":"post-71063","1":"product","2":"type-product","3":"status-publish","4":"has-post-thumbnail","6":"product_cat-lue-panneband","7":"product_cat-strikkeoppskrifter","8":"product_cat-tullemor-lillebror","9":"product_tag-design-by-marte-helgetun","10":"product_tag-knutelue","11":"product_tag-lett","12":"product_tag-lue","13":"product_tag-lue-barn","14":"product_tag-lunt","15":"product_tag-marte-helgetun","16":"product_tag-strikkeoppskrift","17":"product_tag-strikket-knutelue","18":"product_tag-strikket-lue-barn","20":"first","21":"instock","22":"downloadable","23":"taxable","24":"shipping-taxable","25":"purchasable","26":"product-type-mht_bundle"},"acf":[],"_links":{"self":[{"href":"https:\/\/martehelgetun.no\/en\/wp-json\/wp\/v2\/product\/71063","targetHints":{"allow":["GET"]}}],"collection":[{"href":"https:\/\/martehelgetun.no\/en\/wp-json\/wp\/v2\/product"}],"about":[{"href":"https:\/\/martehelgetun.no\/en\/wp-json\/wp\/v2\/types\/product"}],"wp:featuredmedia":[{"embeddable":true,"href":"https:\/\/martehelgetun.no\/en\/wp-json\/wp\/v2\/media\/71064"}],"wp:attachment":[{"href":"https:\/\/martehelgetun.no\/en\/wp-json\/wp\/v2\/media?parent=71063"}],"wp:term":[{"taxonomy":"product_brand","embeddable":true,"href":"https:\/\/martehelgetun.no\/en\/wp-json\/wp\/v2\/product_brand?post=71063"},{"taxonomy":"product_cat","embeddable":true,"href":"https:\/\/martehelgetun.no\/en\/wp-json\/wp\/v2\/product_cat?post=71063"},{"taxonomy":"product_tag","embeddable":true,"href":"https:\/\/martehelgetun.no\/en\/wp-json\/wp\/v2\/product_tag?post=71063"}],"curies":[{"name":"wp","href":"https:\/\/api.w.org\/{rel}","templated":true}]}}