{"id":71044,"date":"2024-02-07T15:11:55","date_gmt":"2024-02-07T14:11:55","guid":{"rendered":"http:\/\/martehelgetun.no\/?post_type=product&#038;p=71044"},"modified":"2025-06-10T13:23:23","modified_gmt":"2025-06-10T11:23:23","slug":"lun-genser-junior","status":"publish","type":"product","link":"https:\/\/martehelgetun.no\/en\/produkt\/lun-genser-junior\/","title":{"rendered":"Lun Genser Junior"},"content":{"rendered":"<p><strong>ST\u00d8RRELSER OG M\u00c5L<\/strong><b><br \/>\n<\/b>St\u00f8rrelser: 6 (8) 10 (12) \u00e5r<br \/>\nOvervidde: 87 (91) 96 (101) cm<br \/>\nHel lengde: ca 44 (48) 52 (56) cm<br \/>\nErmelengde: 32 (34) 36 (38) cm<\/p>\n<p>&nbsp;<\/p>\n<p><strong>GARN OG GARNFORBRUK<\/strong><b><br \/>\n<\/b>Luftig + Lett by Marte Helgetun<br \/>\n2 (2) 2 (2) n\u00f8ster Kitt nr. 01 i Luftig<br \/>\n1 (1) 1 (1) n\u00f8ste Sand nr. 03 i Luftig<br \/>\n1 (1) 1 (1) n\u00f8ste Kl\u00f8ver nr. 14 i Luftig<br \/>\n2 (2) 2 (2) n\u00f8ster Kitt nr. 01 i Lett<br \/>\n1 (1) 1 (1) n\u00f8ste Sand nr. 17 i Lett<br \/>\n1 (1) 1 (1) n\u00f8ste Kl\u00f8ver nr. 14 i Lett<\/p>\n<p>Hele genseren strikkes med en tr\u00e5d Luftig og en tr\u00e5d Lett sammen.<br \/>\nTil ensfarget versjon av genseren i st\u00f8rrelsen 10 \u00e5r brukte jeg 3 n\u00f8ster av hver kvalitet<\/p>\n<p>&nbsp;<\/p>\n<p><strong>PINNER OG STRIKKEFASTHET<\/strong><b><br \/>\n<\/b>80 og 40 cm rundpinne nr. 6 og 5. Settpinner nr. 5 og 6.<br \/>\nHa gjerne en ekstra pinne eller vaier, slik at det blir lettere for deg \u00e5 strikke for- og bakstykkene.<br \/>\n17 masker glattstrikk med dobbelt garn p\u00e5 pinne nr. 6 = 10 cm i bredden<\/p>\n","protected":false},"excerpt":{"rendered":"<p>En lun, lett og lekker genser. Genseren er strikket fra halsen og ned med en tr\u00e5d Luftig og\u00a0en tr\u00e5d Lett og du starter med noen f\u00e5 masker bak i nakken. Ellen har p\u00e5 seg genseren\u00a0strikket i st\u00f8rrelse 10 \u00e5r her p\u00e5 bildene, og pleier \u00e5 bruke 10-12 \u00e5r til vanlig.<\/p>\n<p>&nbsp;<\/p>\n<p>&nbsp;<\/p>\n<p><strong>Norsk og Engelsk oppskrift.<\/strong> Du f\u00e5r tilgang til alle spr\u00e5k som pdf fil ved kj\u00f8p.<\/p>\n","protected":false},"featured_media":71055,"template":"","meta":{"_acf_changed":false,"_relevanssi_hide_post":"","_relevanssi_hide_content":"","_relevanssi_pin_for_all":"","_relevanssi_pin_keywords":"","_relevanssi_unpin_keywords":"","_relevanssi_related_keywords":"","_relevanssi_related_include_ids":"","_relevanssi_related_exclude_ids":"","_relevanssi_related_no_append":"","_relevanssi_related_not_related":"","_relevanssi_related_posts":"","_relevanssi_noindex_reason":""},"product_cat":[60,246,76],"product_tag":[128,379,381,37,36,380,378,134,136,374],"class_list":{"0":"post-71044","1":"product","2":"type-product","3":"status-publish","4":"has-post-thumbnail","6":"product_cat-strikkeoppskrifter","7":"product_cat-tullemor-lillebror","8":"product_cat-genser","9":"product_tag-design-by-marte-helgetun","10":"product_tag-genser-junior","11":"product_tag-genser-skolebarn","12":"product_tag-lett","13":"product_tag-luftig","14":"product_tag-lun-genser","15":"product_tag-lun-genser-junior","16":"product_tag-marte-helgetun","17":"product_tag-strikkeoppskrift","18":"product_tag-strikket-genser-skolebarn","20":"first","21":"instock","22":"downloadable","23":"taxable","24":"shipping-taxable","25":"purchasable","26":"product-type-mht_bundle"},"acf":[],"_links":{"self":[{"href":"https:\/\/martehelgetun.no\/en\/wp-json\/wp\/v2\/product\/71044","targetHints":{"allow":["GET"]}}],"collection":[{"href":"https:\/\/martehelgetun.no\/en\/wp-json\/wp\/v2\/product"}],"about":[{"href":"https:\/\/martehelgetun.no\/en\/wp-json\/wp\/v2\/types\/product"}],"wp:featuredmedia":[{"embeddable":true,"href":"https:\/\/martehelgetun.no\/en\/wp-json\/wp\/v2\/media\/71055"}],"wp:attachment":[{"href":"https:\/\/martehelgetun.no\/en\/wp-json\/wp\/v2\/media?parent=71044"}],"wp:term":[{"taxonomy":"product_cat","embeddable":true,"href":"https:\/\/martehelgetun.no\/en\/wp-json\/wp\/v2\/product_cat?post=71044"},{"taxonomy":"product_tag","embeddable":true,"href":"https:\/\/martehelgetun.no\/en\/wp-json\/wp\/v2\/product_tag?post=71044"}],"curies":[{"name":"wp","href":"https:\/\/api.w.org\/{rel}","templated":true}]}}