{"id":71014,"date":"2024-02-07T14:59:27","date_gmt":"2024-02-07T13:59:27","guid":{"rendered":"http:\/\/martehelgetun.no\/?post_type=product&#038;p=71014"},"modified":"2025-06-10T13:23:35","modified_gmt":"2025-06-10T11:23:35","slug":"storkosegenser-junior","status":"publish","type":"product","link":"https:\/\/martehelgetun.no\/en\/produkt\/storkosegenser-junior\/","title":{"rendered":"Storkosegenser Junior"},"content":{"rendered":"<p><strong>ST\u00d8RRELSER OG M\u00c5L<\/strong><br \/>\nSt\u00f8rrelser: (6) 8 (10) 12 \u00e5r<br \/>\nOvervidde: (70) 75 (81) 87 cm<br \/>\nHel lengde lang variant: (47) 51 (55) 59 cm m\u00e5lt fra halskanten (uten ribb)<br \/>\nHel lengde kort variant: (37) 41 (45) 49 cm m\u00e5lt fra halskanten (uten ribb)<br \/>\nErmlengde: (37) 39 (41) 43 cm<\/p>\n<p>&nbsp;<\/p>\n<p><strong>GARN OG GARNFORBRUK<\/strong><br \/>\nLuftig + Lett by Marte Helgetun<br \/>\n(3) 3 (3) 4 n\u00f8ster Luftig nr. 14 Kl\u00f8ver<br \/>\n(3) 3 (3) 4 n\u00f8ster Lett nr. 14 Kl\u00f8ver<br \/>\nHele genseren strikkes med en tr\u00e5d av hver kvalitet.<br \/>\nDen korte genseren er strikket i fargen Lys Skifer.<\/p>\n<p>&nbsp;<\/p>\n<p><strong>PINNER OG STRIKKEFASTHET<\/strong><br \/>\n60 og 40 cm rundpinne nr. 5 og 6 og settpinner nr. 5 og 6 hvis du ikke strikker magic loop<br \/>\n17 masker glattstrikk med en tr\u00e5d av hver kvalitet p\u00e5 pinne nr. 6 = 10 cm i bredden<\/p>\n","protected":false},"excerpt":{"rendered":"<p>Storkosegenseren lever virkelig opp til navnet sitt. En superlett og god hverdagsgenser som passer til alt. Kombinasjonen av Luftig og Lett gj\u00f8r denne genseren til et veldig lett og behagelig plagg selv om den er tykk og god. Genseren strikkes ovenfra og ned med en tr\u00e5d av hver kvalitet, og du kan velge mellom kort og lang variant.<\/p>\n<p>&nbsp;<\/p>\n<p>&nbsp;<\/p>\n<p><strong>Norsk og Engelsk oppskrift.<\/strong> Du f\u00e5r tilgang til alle spr\u00e5k som pdf fil ved kj\u00f8p.<\/p>\n","protected":false},"featured_media":71019,"template":"","meta":{"_acf_changed":false,"_relevanssi_hide_post":"","_relevanssi_hide_content":"","_relevanssi_pin_for_all":"","_relevanssi_pin_keywords":"","_relevanssi_unpin_keywords":"","_relevanssi_related_keywords":"","_relevanssi_related_include_ids":"","_relevanssi_related_exclude_ids":"","_relevanssi_related_no_append":"","_relevanssi_related_not_related":"","_relevanssi_related_posts":"","_relevanssi_noindex_reason":""},"product_cat":[60,246,76],"product_tag":[128,376,377,37,36,134,278,373,136,375,374],"class_list":{"0":"post-71014","1":"product","2":"type-product","3":"status-publish","4":"has-post-thumbnail","6":"product_cat-strikkeoppskrifter","7":"product_cat-tullemor-lillebror","8":"product_cat-genser","9":"product_tag-design-by-marte-helgetun","10":"product_tag-genser-barn","11":"product_tag-genser-i-luftig-og-lett","12":"product_tag-lett","13":"product_tag-luftig","14":"product_tag-marte-helgetun","15":"product_tag-storkosegenser","16":"product_tag-storkosegenser-junior","17":"product_tag-strikkeoppskrift","18":"product_tag-strikket-genser-barn","19":"product_tag-strikket-genser-skolebarn","21":"first","22":"instock","23":"downloadable","24":"taxable","25":"shipping-taxable","26":"purchasable","27":"product-type-mht_bundle"},"acf":[],"_links":{"self":[{"href":"https:\/\/martehelgetun.no\/en\/wp-json\/wp\/v2\/product\/71014","targetHints":{"allow":["GET"]}}],"collection":[{"href":"https:\/\/martehelgetun.no\/en\/wp-json\/wp\/v2\/product"}],"about":[{"href":"https:\/\/martehelgetun.no\/en\/wp-json\/wp\/v2\/types\/product"}],"wp:featuredmedia":[{"embeddable":true,"href":"https:\/\/martehelgetun.no\/en\/wp-json\/wp\/v2\/media\/71019"}],"wp:attachment":[{"href":"https:\/\/martehelgetun.no\/en\/wp-json\/wp\/v2\/media?parent=71014"}],"wp:term":[{"taxonomy":"product_cat","embeddable":true,"href":"https:\/\/martehelgetun.no\/en\/wp-json\/wp\/v2\/product_cat?post=71014"},{"taxonomy":"product_tag","embeddable":true,"href":"https:\/\/martehelgetun.no\/en\/wp-json\/wp\/v2\/product_tag?post=71014"}],"curies":[{"name":"wp","href":"https:\/\/api.w.org\/{rel}","templated":true}]}}