{"id":71012,"date":"2024-02-07T14:45:25","date_gmt":"2024-02-07T13:45:25","guid":{"rendered":"http:\/\/martehelgetun.no\/?post_type=product&#038;p=71012"},"modified":"2025-06-10T13:38:45","modified_gmt":"2025-06-10T11:38:45","slug":"tullemors-finlue","status":"publish","type":"product","link":"https:\/\/martehelgetun.no\/en\/produkt\/tullemors-finlue\/","title":{"rendered":"Tullemors finlue"},"content":{"rendered":"<p><strong>ST\u00d8RRELSER OG M\u00c5L<\/strong><br \/>\nSt\u00f8rrelser: 0,5-1 \u00e5r (barnehage) skole<\/p>\n<p>&nbsp;<\/p>\n<p><strong>GARN OG GARNFORBRUK<\/strong><br \/>\nLunt + Lett by Marte Helgetun<br \/>\n1 n\u00f8ste Lunt nr. 14 Kl\u00f8ver<br \/>\n1 n\u00f8ste Lett nr. 14 Kl\u00f8ver<\/p>\n<p>&nbsp;<\/p>\n<p><strong>TILBEH\u00d8R<\/strong><br \/>\n1 kokosknapp 18 mm i diameter<br \/>\nHvit fuskepelsdusk<\/p>\n<p>&nbsp;<\/p>\n<p><strong>PINNER OG STRIKKEFASTHET<\/strong><br \/>\nRundpinne 40 cm lang nr. 3,5 og 4<br \/>\n24 masker strukturstrikk p\u00e5 pinne nr. 4 = 10 cm<\/p>\n","protected":false},"excerpt":{"rendered":"<p>Ungene her elsker luer som sitter godt p\u00e5 hodet. \u00c5 joda, denne har alt en liten jente kan be om. Den er lilla med en enkel kokosknapp og en fluffy hvit dusk i toppen!<\/p>\n<p>&nbsp;<\/p>\n<p>&nbsp;<\/p>\n<p><strong>Norsk og Engelsk oppskrift.<\/strong> Du f\u00e5r tilgang til alle spr\u00e5k som pdf fil ved kj\u00f8p.<\/p>\n","protected":false},"featured_media":71008,"template":"","meta":{"_acf_changed":false,"_relevanssi_hide_post":"","_relevanssi_hide_content":"","_relevanssi_pin_for_all":"","_relevanssi_pin_keywords":"","_relevanssi_unpin_keywords":"","_relevanssi_related_keywords":"","_relevanssi_related_include_ids":"","_relevanssi_related_exclude_ids":"","_relevanssi_related_no_append":"","_relevanssi_related_not_related":"","_relevanssi_related_posts":"","_relevanssi_noindex_reason":""},"product_cat":[60,246,401],"product_tag":[128,372,37,171,371,33,134,136,327,368],"class_list":{"0":"post-71012","1":"product","2":"type-product","3":"status-publish","4":"has-post-thumbnail","6":"product_cat-strikkeoppskrifter","7":"product_cat-tullemor-lillebror","8":"product_cat-lue-panneband","9":"product_tag-design-by-marte-helgetun","10":"product_tag-finlue","11":"product_tag-lett","12":"product_tag-lue","13":"product_tag-lue-med-dusk","14":"product_tag-lunt","15":"product_tag-marte-helgetun","16":"product_tag-strikkeoppskrift","17":"product_tag-strikket-lue","18":"product_tag-tullemors-finlue","20":"first","21":"instock","22":"downloadable","23":"taxable","24":"shipping-taxable","25":"purchasable","26":"product-type-mht_bundle"},"acf":[],"_links":{"self":[{"href":"https:\/\/martehelgetun.no\/en\/wp-json\/wp\/v2\/product\/71012","targetHints":{"allow":["GET"]}}],"collection":[{"href":"https:\/\/martehelgetun.no\/en\/wp-json\/wp\/v2\/product"}],"about":[{"href":"https:\/\/martehelgetun.no\/en\/wp-json\/wp\/v2\/types\/product"}],"wp:featuredmedia":[{"embeddable":true,"href":"https:\/\/martehelgetun.no\/en\/wp-json\/wp\/v2\/media\/71008"}],"wp:attachment":[{"href":"https:\/\/martehelgetun.no\/en\/wp-json\/wp\/v2\/media?parent=71012"}],"wp:term":[{"taxonomy":"product_cat","embeddable":true,"href":"https:\/\/martehelgetun.no\/en\/wp-json\/wp\/v2\/product_cat?post=71012"},{"taxonomy":"product_tag","embeddable":true,"href":"https:\/\/martehelgetun.no\/en\/wp-json\/wp\/v2\/product_tag?post=71012"}],"curies":[{"name":"wp","href":"https:\/\/api.w.org\/{rel}","templated":true}]}}