{"id":70966,"date":"2024-02-07T12:45:13","date_gmt":"2024-02-07T11:45:13","guid":{"rendered":"http:\/\/martehelgetun.no\/?post_type=product&#038;p=70966"},"modified":"2025-06-10T13:10:00","modified_gmt":"2025-06-10T11:10:00","slug":"3-luer-av-1-noste","status":"publish","type":"product","link":"https:\/\/martehelgetun.no\/en\/product\/3-luer-av-1-noste\/","title":{"rendered":"Tre luer av 1 n\u00f8ste"},"content":{"rendered":"<p><strong>ST\u00d8RRELSER OG M\u00c5L<\/strong><br \/>\nSt\u00f8rrelser: dame<\/p>\n<p>&nbsp;<\/p>\n<p><strong>GARN OG GARNFORBRUK<\/strong><br \/>\nLunt Fargespill by Marte Helgetun<br \/>\n1 n\u00f8ste Fargespill nr. 03 Jeansbl\u00e5<\/p>\n<p>&nbsp;<\/p>\n<p><strong>PINNER OG STRIKKEFASTHET<\/strong><br \/>\n40 cm rundpinne nr. 4<br \/>\n24 masker glattstrikk p\u00e5 pinne nr. 4 = 10 cm i bredden<\/p>\n","protected":false},"excerpt":{"rendered":"<p>Jeg er s\u00e5 glad i dette garnet som med sine flotte, gradvise fargeskift gir en nydelig dip-dye effekt.\u00a0Her har jeg strikket 3 luer av 1 n\u00f8ste Lunt Fargespill!<\/p>\n<div>\n<p>&nbsp;<\/p>\n<p>&nbsp;<\/p>\n<p><strong>Norsk og Engelsk oppskrift.<\/strong> Du f\u00e5r tilgang til alle spr\u00e5k som pdf fil ved kj\u00f8p.<\/p>\n<\/div>\n<p>&nbsp;<\/p>\n","protected":false},"featured_media":70967,"template":"","meta":{"_acf_changed":false,"_relevanssi_hide_post":"","_relevanssi_hide_content":"","_relevanssi_pin_for_all":"","_relevanssi_pin_keywords":"","_relevanssi_unpin_keywords":"","_relevanssi_related_keywords":"","_relevanssi_related_include_ids":"","_relevanssi_related_exclude_ids":"","_relevanssi_related_no_append":"","_relevanssi_related_not_related":"","_relevanssi_related_posts":"","_relevanssi_noindex_reason":""},"product_brand":[],"product_cat":[86,401,60],"product_tag":[358,357,128,171,28,134,136,327],"class_list":{"0":"post-70966","1":"product","2":"type-product","3":"status-publish","4":"has-post-thumbnail","6":"product_cat-fargespill","7":"product_cat-lue-panneband","8":"product_cat-strikkeoppskrifter","9":"product_tag-3-luer","10":"product_tag-3-luer-av-1-noste","11":"product_tag-design-by-marte-helgetun","12":"product_tag-lue","13":"product_tag-lunt-fargespill","14":"product_tag-marte-helgetun","15":"product_tag-strikkeoppskrift","16":"product_tag-strikket-lue","18":"first","19":"instock","20":"downloadable","21":"taxable","22":"shipping-taxable","23":"purchasable","24":"product-type-mht_bundle"},"acf":[],"_links":{"self":[{"href":"https:\/\/martehelgetun.no\/en\/wp-json\/wp\/v2\/product\/70966","targetHints":{"allow":["GET"]}}],"collection":[{"href":"https:\/\/martehelgetun.no\/en\/wp-json\/wp\/v2\/product"}],"about":[{"href":"https:\/\/martehelgetun.no\/en\/wp-json\/wp\/v2\/types\/product"}],"wp:featuredmedia":[{"embeddable":true,"href":"https:\/\/martehelgetun.no\/en\/wp-json\/wp\/v2\/media\/70967"}],"wp:attachment":[{"href":"https:\/\/martehelgetun.no\/en\/wp-json\/wp\/v2\/media?parent=70966"}],"wp:term":[{"taxonomy":"product_brand","embeddable":true,"href":"https:\/\/martehelgetun.no\/en\/wp-json\/wp\/v2\/product_brand?post=70966"},{"taxonomy":"product_cat","embeddable":true,"href":"https:\/\/martehelgetun.no\/en\/wp-json\/wp\/v2\/product_cat?post=70966"},{"taxonomy":"product_tag","embeddable":true,"href":"https:\/\/martehelgetun.no\/en\/wp-json\/wp\/v2\/product_tag?post=70966"}],"curies":[{"name":"wp","href":"https:\/\/api.w.org\/{rel}","templated":true}]}}