{"id":70958,"date":"2024-02-07T12:31:10","date_gmt":"2024-02-07T11:31:10","guid":{"rendered":"http:\/\/martehelgetun.no\/?post_type=product&#038;p=70958"},"modified":"2025-04-24T12:06:42","modified_gmt":"2025-04-24T10:06:42","slug":"tubehals-i-fargespill","status":"publish","type":"product","link":"https:\/\/martehelgetun.no\/en\/produkt\/tubehals-i-fargespill\/","title":{"rendered":"Tubehals i Fargespill"},"content":{"rendered":"<p><strong>ST\u00d8RRELSER OG M\u00c5L<br \/>\n<\/strong>St\u00f8rrelser: en st\u00f8rrelse<br \/>\nLengde: ca. 65 cm (m\u00e5lt med kantene rullet ut)<br \/>\nVidde: ca. 30 cm<\/p>\n<p>&nbsp;<\/p>\n<p><strong>GARN OG GARNFORBRUK<\/strong><br \/>\nLunt Fargespill by Marte Helgetun<br \/>\n1 n\u00f8ste nr. 05 Korn\u00e5ker<\/p>\n<p><strong><br \/>\nPINNER OG STRIKKEFASTHET<br \/>\n<\/strong>40 cm rundpinne nr. 4<br \/>\n24 masker glattstrikk p\u00e5 pinne nr. 4 = 10 cm<\/p>\n","protected":false},"excerpt":{"rendered":"<p>Her strikker du en enkel tubehals av kun 1 n\u00f8ste Lunt Fargespill. Et perfekt nybegynnerprosjekt.<\/p>\n<p>&nbsp;<\/p>\n<p>&nbsp;<\/p>\n<p><strong>Norsk og Engelsk oppskrift.<\/strong> Du f\u00e5r tilgang til alle spr\u00e5k som pdf fil ved kj\u00f8p.<\/p>\n","protected":false},"featured_media":70963,"template":"","meta":{"_acf_changed":false,"_relevanssi_hide_post":"","_relevanssi_hide_content":"","_relevanssi_pin_for_all":"","_relevanssi_pin_keywords":"","_relevanssi_unpin_keywords":"","_relevanssi_related_keywords":"","_relevanssi_related_include_ids":"","_relevanssi_related_exclude_ids":"","_relevanssi_related_no_append":"","_relevanssi_related_not_related":"","_relevanssi_related_posts":"","_relevanssi_noindex_reason":""},"product_cat":[60,86,735,81],"product_tag":[128,83,356,28,134,136,286,355,354],"class_list":{"0":"post-70958","1":"product","2":"type-product","3":"status-publish","4":"has-post-thumbnail","6":"product_cat-strikkeoppskrifter","7":"product_cat-fargespill","8":"product_cat-gratis-oppskrifter","9":"product_cat-skjerf-sjal-hals","10":"product_tag-design-by-marte-helgetun","11":"product_tag-hals","12":"product_tag-hals-i-fargespill","13":"product_tag-lunt-fargespill","14":"product_tag-marte-helgetun","15":"product_tag-strikkeoppskrift","16":"product_tag-strikket-hals","17":"product_tag-strikket-tubehals","18":"product_tag-tubehals","20":"first","21":"instock","22":"downloadable","23":"taxable","24":"shipping-taxable","25":"purchasable","26":"product-type-mht_bundle"},"acf":[],"_links":{"self":[{"href":"https:\/\/martehelgetun.no\/en\/wp-json\/wp\/v2\/product\/70958","targetHints":{"allow":["GET"]}}],"collection":[{"href":"https:\/\/martehelgetun.no\/en\/wp-json\/wp\/v2\/product"}],"about":[{"href":"https:\/\/martehelgetun.no\/en\/wp-json\/wp\/v2\/types\/product"}],"wp:featuredmedia":[{"embeddable":true,"href":"https:\/\/martehelgetun.no\/en\/wp-json\/wp\/v2\/media\/70963"}],"wp:attachment":[{"href":"https:\/\/martehelgetun.no\/en\/wp-json\/wp\/v2\/media?parent=70958"}],"wp:term":[{"taxonomy":"product_cat","embeddable":true,"href":"https:\/\/martehelgetun.no\/en\/wp-json\/wp\/v2\/product_cat?post=70958"},{"taxonomy":"product_tag","embeddable":true,"href":"https:\/\/martehelgetun.no\/en\/wp-json\/wp\/v2\/product_tag?post=70958"}],"curies":[{"name":"wp","href":"https:\/\/api.w.org\/{rel}","templated":true}]}}