{"id":70940,"date":"2024-02-07T12:23:06","date_gmt":"2024-02-07T11:23:06","guid":{"rendered":"http:\/\/martehelgetun.no\/?post_type=product&#038;p=70940"},"modified":"2025-06-10T13:10:10","modified_gmt":"2025-06-10T11:10:10","slug":"rillespill-tee","status":"publish","type":"product","link":"https:\/\/martehelgetun.no\/en\/produkt\/rillespill-tee\/","title":{"rendered":"Rillespill Tee"},"content":{"rendered":"<p><strong>ST\u00d8RRELSER OG M\u00c5L<\/strong><br \/>\nSt\u00f8rrelser: (XS) S (M) L (XL) XXL<br \/>\nOvervidde: (90) 100 (110) 120 (130) 140 cm<br \/>\nHel lengde: (48) 52 (56) 60 (64) 68 cm<br \/>\nErmer: (15) 15 (15) 17 (17) 17 cm<\/p>\n<p>&nbsp;<\/p>\n<p><strong>GARN OG GARNFORBRUK<br \/>\n<\/strong>Fargespill by Marte Helgetun og Lunt<br \/>\n(1) 1 (1) 1 (1) 1 n\u00f8ste Fargespill nr. 13 Kl\u00f8vereng<br \/>\n(2) 3 (3) 4 (4) 5 n\u00f8ster Lunt nr. 01 Kitt<\/p>\n<p>&nbsp;<\/p>\n<p><strong>PINNER OG STRIKKEFASTHET<br \/>\n<\/strong>80 cm rundpinne nr. 4 (gjerne to stk, eller en hjelpetr\u00e5d)<br \/>\n40 cm pinne 4 og 3,5<br \/>\n22 masker strukturstrikk p\u00e5 pinne nr. 4 = 10 cm i bredden<\/p>\n","protected":false},"excerpt":{"rendered":"<p>Jeg har laget en T-skjorte med god vidde og en enkel fin rillestruktur. Her g\u00e5r st\u00f8rrelsen fra XS &#8211; XXL.\u00a0Rillespillmodellene er konstruert p\u00e5 en enkel m\u00e5te, og skrevet uten forkortelser og avansert fagspr\u00e5k, og er derfor et veldig fint nybegynnerprosjekt.<\/p>\n<p>&nbsp;<\/p>\n<p><strong>Norsk og Engelsk oppskrift.<\/strong> Du f\u00e5r tilgang til alle spr\u00e5k som pdf fil ved kj\u00f8p.<\/p>\n","protected":false},"featured_media":70951,"template":"","meta":{"_acf_changed":false,"_relevanssi_hide_post":"","_relevanssi_hide_content":"","_relevanssi_pin_for_all":"","_relevanssi_pin_keywords":"","_relevanssi_unpin_keywords":"","_relevanssi_related_keywords":"","_relevanssi_related_include_ids":"","_relevanssi_related_exclude_ids":"","_relevanssi_related_no_append":"","_relevanssi_related_not_related":"","_relevanssi_related_posts":"","_relevanssi_noindex_reason":""},"product_cat":[60,86,734,279],"product_tag":[128,33,28,134,353,136,352,351,265,294,306],"class_list":{"0":"post-70940","1":"product","2":"type-product","3":"status-publish","4":"has-post-thumbnail","6":"product_cat-strikkeoppskrifter","7":"product_cat-fargespill","8":"product_cat-sommerstrikk","9":"product_cat-topp","10":"product_tag-design-by-marte-helgetun","11":"product_tag-lunt","12":"product_tag-lunt-fargespill","13":"product_tag-marte-helgetun","14":"product_tag-rillespilll-tee","15":"product_tag-strikkeoppskrift","16":"product_tag-strikket-t-skjorte","17":"product_tag-strikket-tee","18":"product_tag-strikket-topp","19":"product_tag-tee","20":"product_tag-topp","22":"first","23":"instock","24":"downloadable","25":"taxable","26":"shipping-taxable","27":"purchasable","28":"product-type-mht_bundle"},"acf":[],"_links":{"self":[{"href":"https:\/\/martehelgetun.no\/en\/wp-json\/wp\/v2\/product\/70940","targetHints":{"allow":["GET"]}}],"collection":[{"href":"https:\/\/martehelgetun.no\/en\/wp-json\/wp\/v2\/product"}],"about":[{"href":"https:\/\/martehelgetun.no\/en\/wp-json\/wp\/v2\/types\/product"}],"wp:featuredmedia":[{"embeddable":true,"href":"https:\/\/martehelgetun.no\/en\/wp-json\/wp\/v2\/media\/70951"}],"wp:attachment":[{"href":"https:\/\/martehelgetun.no\/en\/wp-json\/wp\/v2\/media?parent=70940"}],"wp:term":[{"taxonomy":"product_cat","embeddable":true,"href":"https:\/\/martehelgetun.no\/en\/wp-json\/wp\/v2\/product_cat?post=70940"},{"taxonomy":"product_tag","embeddable":true,"href":"https:\/\/martehelgetun.no\/en\/wp-json\/wp\/v2\/product_tag?post=70940"}],"curies":[{"name":"wp","href":"https:\/\/api.w.org\/{rel}","templated":true}]}}