{"id":70924,"date":"2024-02-07T12:09:21","date_gmt":"2024-02-07T11:09:21","guid":{"rendered":"http:\/\/martehelgetun.no\/?post_type=product&#038;p=70924"},"modified":"2025-06-10T13:34:33","modified_gmt":"2025-06-10T11:34:33","slug":"rillespill-kjole-i-fargespill","status":"publish","type":"product","link":"https:\/\/martehelgetun.no\/en\/produkt\/rillespill-kjole-i-fargespill\/","title":{"rendered":"Rillespill Kjole i Fargespill"},"content":{"rendered":"<p><strong>ST\u00d8RRELSER OG M\u00c5L<br \/>\n<\/strong>St\u00f8rrelser: (XS) S (M) L (XL) XXL<br \/>\nOvervidde: (90) 100 (110) 120 (130) 140 cm<br \/>\nHel lengde: (88) 92 (96) 100 (104) 108 cm<br \/>\nErmer: (28) 25 (25) 30 (30) 30 cm<strong><br \/>\n<\/strong><\/p>\n<p><strong><br \/>\nGARN OG GARNFORBRUK<br \/>\n<\/strong>Lunt Fargespill og Lunt by Marte Helgetun<br \/>\n(1) 1 (1) 1 (1) 1 n\u00f8ste Fargespill nr. 3 Jeansbl\u00e5<br \/>\n(2) 2 (2) 3 (3) 3 n\u00f8ster Fargespill nr. 09 Skifer Mono<br \/>\neller<br \/>\n(1) 1 (1) 1 (1) 1 n\u00f8ste Fargespill nr. 3 Jeansbl\u00e5<br \/>\n(5) 5 (6) 7 (8) 9 n\u00f8ster Lunt nr. 06 Skifer<\/p>\n<p>&nbsp;<\/p>\n<p><strong>PINNER OG STRIKKEFASTHET<\/strong><br \/>\n80 cm rundpinne nr. 4 (gjerne to stk, eller en hjelpetr\u00e5d)<br \/>\nog en 40 cm pinne 4 og 3,5<br \/>\n22 masker strukturstrikk p\u00e5 pinne nr. 4 = 10 cm i bredden<\/p>\n","protected":false},"excerpt":{"rendered":"<p>Jeg har laget en enkel rillekjole med enkel passform, trekvart erm og en fin rillestruktur.<br \/>\nHer g\u00e5r st\u00f8rrelsen fra XS &#8211; XXL.\u00a0Kjolen strikkes fram og tilbake, nedenfra og opp, og syes sammen i siden. Du kan selvf\u00f8lgelig velge\u00a0\u00e5 strikke denne rundt hvis du ikke liker \u00e5 sy, men da blir det noen flere vrange omganger p\u00e5 deg.<\/p>\n<p>&nbsp;<\/p>\n<p>&nbsp;<\/p>\n<p><strong>Norsk og Engelsk oppskrift.<\/strong> Du f\u00e5r tilgang til alle spr\u00e5k som pdf fil ved kj\u00f8p.<\/p>\n","protected":false},"featured_media":70935,"template":"","meta":{"_acf_changed":false,"_relevanssi_hide_post":"","_relevanssi_hide_content":"","_relevanssi_pin_for_all":"","_relevanssi_pin_keywords":"","_relevanssi_unpin_keywords":"","_relevanssi_related_keywords":"","_relevanssi_related_include_ids":"","_relevanssi_related_exclude_ids":"","_relevanssi_related_no_append":"","_relevanssi_related_not_related":"","_relevanssi_related_posts":"","_relevanssi_noindex_reason":""},"product_cat":[60,86,201],"product_tag":[128,206,33,28,134,347,348,350,136,349],"class_list":{"0":"post-70924","1":"product","2":"type-product","3":"status-publish","4":"has-post-thumbnail","6":"product_cat-strikkeoppskrifter","7":"product_cat-fargespill","8":"product_cat-kjoler-og-skjort","9":"product_tag-design-by-marte-helgetun","10":"product_tag-kjole","11":"product_tag-lunt","12":"product_tag-lunt-fargespill","13":"product_tag-marte-helgetun","14":"product_tag-rillespill","15":"product_tag-rillespill-kjole","16":"product_tag-rillespill-kjole-i-fargespill","17":"product_tag-strikkeoppskrift","18":"product_tag-strikket-kjole","20":"first","21":"instock","22":"downloadable","23":"taxable","24":"shipping-taxable","25":"purchasable","26":"product-type-mht_bundle"},"acf":[],"_links":{"self":[{"href":"https:\/\/martehelgetun.no\/en\/wp-json\/wp\/v2\/product\/70924","targetHints":{"allow":["GET"]}}],"collection":[{"href":"https:\/\/martehelgetun.no\/en\/wp-json\/wp\/v2\/product"}],"about":[{"href":"https:\/\/martehelgetun.no\/en\/wp-json\/wp\/v2\/types\/product"}],"wp:featuredmedia":[{"embeddable":true,"href":"https:\/\/martehelgetun.no\/en\/wp-json\/wp\/v2\/media\/70935"}],"wp:attachment":[{"href":"https:\/\/martehelgetun.no\/en\/wp-json\/wp\/v2\/media?parent=70924"}],"wp:term":[{"taxonomy":"product_cat","embeddable":true,"href":"https:\/\/martehelgetun.no\/en\/wp-json\/wp\/v2\/product_cat?post=70924"},{"taxonomy":"product_tag","embeddable":true,"href":"https:\/\/martehelgetun.no\/en\/wp-json\/wp\/v2\/product_tag?post=70924"}],"curies":[{"name":"wp","href":"https:\/\/api.w.org\/{rel}","templated":true}]}}