{"id":70904,"date":"2024-02-07T11:58:18","date_gmt":"2024-02-07T10:58:18","guid":{"rendered":"http:\/\/martehelgetun.no\/?post_type=product&#038;p=70904"},"modified":"2025-06-10T13:10:17","modified_gmt":"2025-06-10T11:10:17","slug":"rillespill-genser-i-fargespill","status":"publish","type":"product","link":"https:\/\/martehelgetun.no\/en\/produkt\/rillespill-genser-i-fargespill\/","title":{"rendered":"Rillespill Genser i Fargespill"},"content":{"rendered":"<p><strong>ST\u00d8RRELSER OG M\u00c5L<br \/>\n<\/strong>St\u00f8rrelser: (XS) S (M) L (XL) XXL<br \/>\nOvervidde: (90) 100 (110) 120 (130) 140 cm<br \/>\nHel lengde: (48) 52 (56) 60 (64) 68 cm<br \/>\nErmer: (38) 38 (40) 40 (42) 42 cm<\/p>\n<p>&nbsp;<\/p>\n<p><strong>GARN OG GARNFORBRUK<\/strong><br \/>\nLunt Fargespill og Lunt by Marte Helgetun<br \/>\n1 n\u00f8ste (a 150 g) nr. 12 Himmelbl\u00e5<br \/>\n(3) 4 (4) 5 (6) 7 n\u00f8ster (a 50 g) Lunt nr. 01 Kitt<\/p>\n<p>&nbsp;<\/p>\n<p><strong>PINNER OG STRIKKEFASTHET<\/strong><br \/>\n80 cm rundpinne nr. 4 (gjerne to stk, eller en hjelpetr\u00e5d)<br \/>\nog en 40 cm pinne 4 og 3,5<br \/>\n22 masker strukturstrikk p\u00e5 pinne nr. 4 = 10 cm i bredden<\/p>\n","protected":false},"excerpt":{"rendered":"<p>Jeg har laget en genser med god vidde og en enkel fin rillestruktur. Her g\u00e5r st\u00f8rrelsen fra XS &#8211; XXL.\u00a0Genseren strikkes fram og tilbake, nedenfra og opp, og syes sammen i siden. Du kan<br \/>\nselvf\u00f8lgelig velge \u00e5 strikke denne rundt hvis du ikke liker \u00e5 sy, men da blir det noen flere vrange omganger p\u00e5 deg.<\/p>\n<p>&nbsp;<\/p>\n<p>&nbsp;<\/p>\n<p><strong>Norsk og Engelsk oppskrift.<\/strong> Du f\u00e5r tilgang til alle spr\u00e5k som pdf fil ved kj\u00f8p.<\/p>\n","protected":false},"featured_media":70911,"template":"","meta":{"_acf_changed":false,"_relevanssi_hide_post":"","_relevanssi_hide_content":"","_relevanssi_pin_for_all":"","_relevanssi_pin_keywords":"","_relevanssi_unpin_keywords":"","_relevanssi_related_keywords":"","_relevanssi_related_include_ids":"","_relevanssi_related_exclude_ids":"","_relevanssi_related_no_append":"","_relevanssi_related_not_related":"","_relevanssi_related_posts":"","_relevanssi_noindex_reason":""},"product_cat":[60,86,76],"product_tag":[128,77,33,28,134,347,346,136,272],"class_list":{"0":"post-70904","1":"product","2":"type-product","3":"status-publish","4":"has-post-thumbnail","6":"product_cat-strikkeoppskrifter","7":"product_cat-fargespill","8":"product_cat-genser","9":"product_tag-design-by-marte-helgetun","10":"product_tag-genser","11":"product_tag-lunt","12":"product_tag-lunt-fargespill","13":"product_tag-marte-helgetun","14":"product_tag-rillespill","15":"product_tag-rillespill-genser","16":"product_tag-strikkeoppskrift","17":"product_tag-strikket-genser","19":"first","20":"instock","21":"downloadable","22":"taxable","23":"shipping-taxable","24":"purchasable","25":"product-type-mht_bundle"},"acf":[],"_links":{"self":[{"href":"https:\/\/martehelgetun.no\/en\/wp-json\/wp\/v2\/product\/70904","targetHints":{"allow":["GET"]}}],"collection":[{"href":"https:\/\/martehelgetun.no\/en\/wp-json\/wp\/v2\/product"}],"about":[{"href":"https:\/\/martehelgetun.no\/en\/wp-json\/wp\/v2\/types\/product"}],"wp:featuredmedia":[{"embeddable":true,"href":"https:\/\/martehelgetun.no\/en\/wp-json\/wp\/v2\/media\/70911"}],"wp:attachment":[{"href":"https:\/\/martehelgetun.no\/en\/wp-json\/wp\/v2\/media?parent=70904"}],"wp:term":[{"taxonomy":"product_cat","embeddable":true,"href":"https:\/\/martehelgetun.no\/en\/wp-json\/wp\/v2\/product_cat?post=70904"},{"taxonomy":"product_tag","embeddable":true,"href":"https:\/\/martehelgetun.no\/en\/wp-json\/wp\/v2\/product_tag?post=70904"}],"curies":[{"name":"wp","href":"https:\/\/api.w.org\/{rel}","templated":true}]}}