{"id":70889,"date":"2024-02-07T11:50:26","date_gmt":"2024-02-07T10:50:26","guid":{"rendered":"http:\/\/martehelgetun.no\/?post_type=product&#038;p=70889"},"modified":"2025-06-10T13:10:21","modified_gmt":"2025-06-10T11:10:21","slug":"basic-genser-i-fargespill","status":"publish","type":"product","link":"https:\/\/martehelgetun.no\/en\/produkt\/basic-genser-i-fargespill\/","title":{"rendered":"Basic Genser i Fargespill"},"content":{"rendered":"<p><strong>ST\u00d8RRELSER OG M\u00c5L<\/strong><br \/>\nSt\u00f8rrelser: (XS) S (M) L (XL) XXL<br \/>\nOvervidde: (85) 95 (105) 115 (125) 135 cm<br \/>\nHel lengde: (54) 56 (58) 60 (62) 64 cm<br \/>\nErmer: (40) 41 (42) 43 (44) 45 cm<\/p>\n<p>&nbsp;<\/p>\n<p><strong>GARN OG GARNFORBRUK<\/strong><br \/>\nLunt og Lunt Fargespill by Marte Helgetun<br \/>\n1 n\u00f8ste Lunt Fargespill nr. 06 Midnattsol<br \/>\n(3) 4 (4) 5 (6) 7 n\u00f8ster (a 50 g) Lunt nr. 06 Skifer<br \/>\neller<br \/>\n1 n\u00f8ste Lunt Fargespill nr. 06 Midnattsol<br \/>\n(1) 2 (2) 2 (2) 3 n\u00f8ster (a 150 g) Fargespill Mono nr. 10 Skifer<\/p>\n<p>&nbsp;<\/p>\n<p><strong>PINNER OG STRIKKEFASTHET<\/strong><br \/>\n80 og 40 cm rundpinne nr. 3,5 og 4<br \/>\nSettpinner nr. 3,5 og 4 dersom du ikke bruker magic loop<br \/>\n24 masker glattstrikk p\u00e5 pinne nr. 4 = 10 cm i bredden<\/p>\n","protected":false},"excerpt":{"rendered":"<p>Det som er s\u00e5 kjekt med disse tidl\u00f8se basicplaggene, er at de blir brukt om og om igjen. Denne blir garantert en av mine mest brukte gensere, og er en fin oppskrift for nybegynnere. Genseren strikkes ovenfra og ned med raglan\u00f8kinger. Her g\u00e5r det an \u00e5 leke seg med farger og graderinger.<\/p>\n<p>&nbsp;<\/p>\n<p>&nbsp;<\/p>\n<p><strong>Norsk og Engelsk oppskrift.<\/strong> Du f\u00e5r tilgang til alle spr\u00e5k som pdf fil ved kj\u00f8p.<\/p>\n","protected":false},"featured_media":70900,"template":"","meta":{"_acf_changed":false,"_relevanssi_hide_post":"","_relevanssi_hide_content":"","_relevanssi_pin_for_all":"","_relevanssi_pin_keywords":"","_relevanssi_unpin_keywords":"","_relevanssi_related_keywords":"","_relevanssi_related_include_ids":"","_relevanssi_related_exclude_ids":"","_relevanssi_related_no_append":"","_relevanssi_related_not_related":"","_relevanssi_related_posts":"","_relevanssi_noindex_reason":""},"product_cat":[60,86,76],"product_tag":[345,344,128,77,33,28,134,136,272],"class_list":{"0":"post-70889","1":"product","2":"type-product","3":"status-publish","4":"has-post-thumbnail","6":"product_cat-strikkeoppskrifter","7":"product_cat-fargespill","8":"product_cat-genser","9":"product_tag-basic-genser","10":"product_tag-basic-genser-i-fargespill","11":"product_tag-design-by-marte-helgetun","12":"product_tag-genser","13":"product_tag-lunt","14":"product_tag-lunt-fargespill","15":"product_tag-marte-helgetun","16":"product_tag-strikkeoppskrift","17":"product_tag-strikket-genser","19":"first","20":"instock","21":"downloadable","22":"taxable","23":"shipping-taxable","24":"purchasable","25":"product-type-mht_bundle"},"acf":[],"_links":{"self":[{"href":"https:\/\/martehelgetun.no\/en\/wp-json\/wp\/v2\/product\/70889","targetHints":{"allow":["GET"]}}],"collection":[{"href":"https:\/\/martehelgetun.no\/en\/wp-json\/wp\/v2\/product"}],"about":[{"href":"https:\/\/martehelgetun.no\/en\/wp-json\/wp\/v2\/types\/product"}],"wp:featuredmedia":[{"embeddable":true,"href":"https:\/\/martehelgetun.no\/en\/wp-json\/wp\/v2\/media\/70900"}],"wp:attachment":[{"href":"https:\/\/martehelgetun.no\/en\/wp-json\/wp\/v2\/media?parent=70889"}],"wp:term":[{"taxonomy":"product_cat","embeddable":true,"href":"https:\/\/martehelgetun.no\/en\/wp-json\/wp\/v2\/product_cat?post=70889"},{"taxonomy":"product_tag","embeddable":true,"href":"https:\/\/martehelgetun.no\/en\/wp-json\/wp\/v2\/product_tag?post=70889"}],"curies":[{"name":"wp","href":"https:\/\/api.w.org\/{rel}","templated":true}]}}