{"id":70886,"date":"2024-02-06T15:32:50","date_gmt":"2024-02-06T14:32:50","guid":{"rendered":"http:\/\/martehelgetun.no\/?post_type=product&#038;p=70886"},"modified":"2025-06-10T13:10:26","modified_gmt":"2025-06-10T11:10:26","slug":"alvehals","status":"publish","type":"product","link":"https:\/\/martehelgetun.no\/en\/produkt\/alvehals\/","title":{"rendered":"Alvehals"},"content":{"rendered":"<p><strong>ST\u00d8RRELSER OG M\u00c5L<\/strong><br \/>\nSt\u00f8rrelser: S\/M (L\/XL)<\/p>\n<p>&nbsp;<\/p>\n<p><strong>GARN OG GARNFORBRUK<br \/>\n<\/strong>Fargespill by Marte Helgetun<br \/>\n1 n\u00f8ste Fargespill nr. 12 Kl\u00f8vereng<\/p>\n<p>&nbsp;<\/p>\n<p><strong>PINNER OG STRIKKEFASTHET<br \/>\n<\/strong>40 cm rundpinne nr. 3,5 og 4<br \/>\n60 cm rundpinne nr. 4<br \/>\n24 masker glattstrikk p\u00e5 pinne nr. 4 = 10 cm<\/p>\n","protected":false},"excerpt":{"rendered":"<p>Alvem\u00f8nsteret er ett av mine mest solgte m\u00f8nstere, og best\u00e5r i dag av gensere, topper og ikke minst to alvesjal. N\u00e5 var det veldig g\u00f8y \u00e5 pr\u00f8ve det ut p\u00e5 en hals. Du starter i toppen med halsen og alle \u00f8kingene skjer i selve hullm\u00f8nsteret. Du kan strikke to halser i den minste st\u00f8rrelsen av ett n\u00f8ste.\u00a0Oppskriften finner du b\u00e5de som singeloppskrift og i heftet &#8220;Hverdagsfavoritter 04 Kl\u00f8vereng.&#8221;<\/p>\n<p>&nbsp;<\/p>\n<p>&nbsp;<\/p>\n<p><strong>Norsk og Engelsk oppskrift.<\/strong> Du f\u00e5r tilgang til alle spr\u00e5k som pdf fil ved kj\u00f8p.<\/p>\n","protected":false},"featured_media":70708,"template":"","meta":{"_acf_changed":false,"_relevanssi_hide_post":"","_relevanssi_hide_content":"","_relevanssi_pin_for_all":"","_relevanssi_pin_keywords":"","_relevanssi_unpin_keywords":"","_relevanssi_related_keywords":"","_relevanssi_related_include_ids":"","_relevanssi_related_exclude_ids":"","_relevanssi_related_no_append":"","_relevanssi_related_not_related":"","_relevanssi_related_posts":"","_relevanssi_noindex_reason":""},"product_cat":[60,86,81],"product_tag":[341,128,83,28,134,136,286],"class_list":{"0":"post-70886","1":"product","2":"type-product","3":"status-publish","4":"has-post-thumbnail","6":"product_cat-strikkeoppskrifter","7":"product_cat-fargespill","8":"product_cat-skjerf-sjal-hals","9":"product_tag-alvehals","10":"product_tag-design-by-marte-helgetun","11":"product_tag-hals","12":"product_tag-lunt-fargespill","13":"product_tag-marte-helgetun","14":"product_tag-strikkeoppskrift","15":"product_tag-strikket-hals","17":"first","18":"instock","19":"downloadable","20":"taxable","21":"shipping-taxable","22":"purchasable","23":"product-type-mht_bundle"},"acf":[],"_links":{"self":[{"href":"https:\/\/martehelgetun.no\/en\/wp-json\/wp\/v2\/product\/70886","targetHints":{"allow":["GET"]}}],"collection":[{"href":"https:\/\/martehelgetun.no\/en\/wp-json\/wp\/v2\/product"}],"about":[{"href":"https:\/\/martehelgetun.no\/en\/wp-json\/wp\/v2\/types\/product"}],"wp:featuredmedia":[{"embeddable":true,"href":"https:\/\/martehelgetun.no\/en\/wp-json\/wp\/v2\/media\/70708"}],"wp:attachment":[{"href":"https:\/\/martehelgetun.no\/en\/wp-json\/wp\/v2\/media?parent=70886"}],"wp:term":[{"taxonomy":"product_cat","embeddable":true,"href":"https:\/\/martehelgetun.no\/en\/wp-json\/wp\/v2\/product_cat?post=70886"},{"taxonomy":"product_tag","embeddable":true,"href":"https:\/\/martehelgetun.no\/en\/wp-json\/wp\/v2\/product_tag?post=70886"}],"curies":[{"name":"wp","href":"https:\/\/api.w.org\/{rel}","templated":true}]}}