{"id":70655,"date":"2024-02-06T14:35:43","date_gmt":"2024-02-06T13:35:43","guid":{"rendered":"http:\/\/martehelgetun.no\/?post_type=product&#038;p=70655"},"modified":"2025-01-10T12:21:12","modified_gmt":"2025-01-10T11:21:12","slug":"hefte-happy-x-mas","status":"publish","type":"product","link":"https:\/\/martehelgetun.no\/en\/produkt\/hefte-happy-x-mas\/","title":{"rendered":"HEFTE &#8211; Happy X-mas"},"content":{"rendered":"<p>Du velger selv om du vil ha heftet tilsendt pr post eller som pdf fil p\u00e5 epost n\u00e5r du kommer til kassen.<\/p>\n<p>Materialpakkene kj\u00f8per du enklest under hver enkelt oppskrift, se relaterte produkter nederst p\u00e5 siden.<\/p>\n<p>Om du har kj\u00f8pt heftet og \u00f8nsker \u00e5 kj\u00f8pe garn til et eller flere plagg i heftet, kan du velge &#8220;Garnpakke uten oppskrift&#8221; ved aktuelt produkt.<\/p>\n","protected":false},"excerpt":{"rendered":"<p>Gi hele familien en magisk f\u00f8rjulstid med hjemmestrikket tilbeh\u00f8r med et sjarmerende julemotiv.<br \/>\nHeftet inneholder fem oppskrifter: Happyfeet X-mas barn og voksen, HappyHands X-mas barn og voksen og Happy X-mas lue til barn og voksne<\/p>\n<p>&nbsp;<\/p>\n","protected":false},"featured_media":82288,"template":"","meta":{"_acf_changed":false,"_relevanssi_hide_post":"","_relevanssi_hide_content":"","_relevanssi_pin_for_all":"","_relevanssi_pin_keywords":"","_relevanssi_unpin_keywords":"","_relevanssi_related_keywords":"","_relevanssi_related_include_ids":"","_relevanssi_related_exclude_ids":"","_relevanssi_related_no_append":"","_relevanssi_related_not_related":"","_relevanssi_related_posts":"","_relevanssi_noindex_reason":""},"product_cat":[60,312],"product_tag":[],"class_list":{"0":"post-70655","1":"product","2":"type-product","3":"status-publish","4":"has-post-thumbnail","6":"product_cat-strikkeoppskrifter","7":"product_cat-boker-hefter","9":"first","10":"instock","11":"downloadable","12":"taxable","13":"shipping-taxable","14":"purchasable","15":"product-type-simple"},"acf":[],"_links":{"self":[{"href":"https:\/\/martehelgetun.no\/en\/wp-json\/wp\/v2\/product\/70655","targetHints":{"allow":["GET"]}}],"collection":[{"href":"https:\/\/martehelgetun.no\/en\/wp-json\/wp\/v2\/product"}],"about":[{"href":"https:\/\/martehelgetun.no\/en\/wp-json\/wp\/v2\/types\/product"}],"wp:featuredmedia":[{"embeddable":true,"href":"https:\/\/martehelgetun.no\/en\/wp-json\/wp\/v2\/media\/82288"}],"wp:attachment":[{"href":"https:\/\/martehelgetun.no\/en\/wp-json\/wp\/v2\/media?parent=70655"}],"wp:term":[{"taxonomy":"product_cat","embeddable":true,"href":"https:\/\/martehelgetun.no\/en\/wp-json\/wp\/v2\/product_cat?post=70655"},{"taxonomy":"product_tag","embeddable":true,"href":"https:\/\/martehelgetun.no\/en\/wp-json\/wp\/v2\/product_tag?post=70655"}],"curies":[{"name":"wp","href":"https:\/\/api.w.org\/{rel}","templated":true}]}}