{"id":70642,"date":"2024-02-06T14:26:12","date_gmt":"2024-02-06T13:26:12","guid":{"rendered":"http:\/\/martehelgetun.no\/?post_type=product&#038;p=70642"},"modified":"2025-06-10T13:42:55","modified_gmt":"2025-06-10T11:42:55","slug":"rainy-days-flettehals","status":"publish","type":"product","link":"https:\/\/martehelgetun.no\/en\/produkt\/rainy-days-flettehals\/","title":{"rendered":"Rainy Days Flettehals"},"content":{"rendered":"<p><strong>ST\u00d8RRELSER OG M\u00c5L<\/strong><br \/>\nSt\u00f8rrelser: En st\u00f8rrelse<br \/>\nLengde: ca 135 cm<br \/>\n(f\u00f8r du syr den sammen)<br \/>\nBredde: ca 31 cm<\/p>\n<p>&nbsp;<\/p>\n<p><strong>GARN OG GARNFORBRUK<\/strong><br \/>\nLunt + Lett by Marte Helgetun<br \/>\n3 n\u00f8ster Lunt nr. 01 Kitt<br \/>\n3 n\u00f8ster Lett nr. 01 Kitt<\/p>\n<p>&nbsp;<\/p>\n<p><strong>PINNER OG STRIKKEFASTHET<\/strong><br \/>\n80 cm rundpinne nr. 5<br \/>\n21 masker rillestrikk p\u00e5 pinne<br \/>\nnr. 5 = 10 cm i bredden<\/p>\n","protected":false},"excerpt":{"rendered":"<p>I rufsete og ustabilt v\u00e6r er det godt med en hals du kan trekke opp som en hette over hodet. De fine flettene l\u00f8fter en ellers s\u00e5 enkel rillehals opp til en av mine favoritter. Oppskriften finner du b\u00e5de som singeloppskrift og i heftet \u00abHappyFeet Rainy Days\u00bb<\/p>\n<p>&nbsp;<\/p>\n<p>&nbsp;<\/p>\n<p><strong>Norsk og Engelsk oppskrift.<\/strong> Du f\u00e5r tilgang til alle spr\u00e5k som pdf fil ved kj\u00f8p.<\/p>\n","protected":false},"featured_media":70644,"template":"","meta":{"_acf_changed":false,"_relevanssi_hide_post":"","_relevanssi_hide_content":"","_relevanssi_pin_for_all":"","_relevanssi_pin_keywords":"","_relevanssi_unpin_keywords":"","_relevanssi_related_keywords":"","_relevanssi_related_include_ids":"","_relevanssi_related_exclude_ids":"","_relevanssi_related_no_append":"","_relevanssi_related_not_related":"","_relevanssi_related_posts":"","_relevanssi_noindex_reason":""},"product_cat":[60,81],"product_tag":[128,337,338,37,33,134,335,340,136,339],"class_list":{"0":"post-70642","1":"product","2":"type-product","3":"status-publish","4":"has-post-thumbnail","6":"product_cat-strikkeoppskrifter","7":"product_cat-skjerf-sjal-hals","8":"product_tag-design-by-marte-helgetun","9":"product_tag-flettehals","10":"product_tag-hals-med-fletter","11":"product_tag-lett","12":"product_tag-lunt","13":"product_tag-marte-helgetun","14":"product_tag-rainy-days","15":"product_tag-rainy-days-flettehals","16":"product_tag-strikkeoppskrift","17":"product_tag-strikket-hals-med-fletter","19":"first","20":"instock","21":"downloadable","22":"taxable","23":"shipping-taxable","24":"purchasable","25":"product-type-mht_bundle"},"acf":[],"_links":{"self":[{"href":"https:\/\/martehelgetun.no\/en\/wp-json\/wp\/v2\/product\/70642","targetHints":{"allow":["GET"]}}],"collection":[{"href":"https:\/\/martehelgetun.no\/en\/wp-json\/wp\/v2\/product"}],"about":[{"href":"https:\/\/martehelgetun.no\/en\/wp-json\/wp\/v2\/types\/product"}],"wp:featuredmedia":[{"embeddable":true,"href":"https:\/\/martehelgetun.no\/en\/wp-json\/wp\/v2\/media\/70644"}],"wp:attachment":[{"href":"https:\/\/martehelgetun.no\/en\/wp-json\/wp\/v2\/media?parent=70642"}],"wp:term":[{"taxonomy":"product_cat","embeddable":true,"href":"https:\/\/martehelgetun.no\/en\/wp-json\/wp\/v2\/product_cat?post=70642"},{"taxonomy":"product_tag","embeddable":true,"href":"https:\/\/martehelgetun.no\/en\/wp-json\/wp\/v2\/product_tag?post=70642"}],"curies":[{"name":"wp","href":"https:\/\/api.w.org\/{rel}","templated":true}]}}