{"id":70546,"date":"2024-02-06T13:59:38","date_gmt":"2024-02-06T12:59:38","guid":{"rendered":"http:\/\/martehelgetun.no\/?post_type=product&#038;p=70546"},"modified":"2025-06-10T13:38:42","modified_gmt":"2025-06-10T11:38:42","slug":"sunny-varlue","status":"publish","type":"product","link":"https:\/\/martehelgetun.no\/en\/produkt\/sunny-varlue\/","title":{"rendered":"Sunny V\u00e5rlue"},"content":{"rendered":"<p><strong>ST\u00d8RRELSER OG M\u00c5L<\/strong><br \/>\nSt\u00f8rrelser: S\/M (L\/XL)<\/p>\n<p>&nbsp;<\/p>\n<p><strong>GARN OG GARNFORBRUK<\/strong><br \/>\nLunt + Lett by Marte Helgetun<br \/>\n1 (2) n\u00f8ster Lunt nr. 11 Solgul<br \/>\n1 (1) n\u00f8ste Lett nr. 11 Solgul<\/p>\n<p>&nbsp;<\/p>\n<p><strong>PINNER OG STRIKKEFASTHET<\/strong><br \/>\nLiten rundpinne 40 cm nr. 3,5 og 4, og<br \/>\nstr\u00f8mpepinne nr. 4<br \/>\n24 masker glattstrikk p\u00e5 pinne nr. 4 = 10 cm.<\/p>\n","protected":false},"excerpt":{"rendered":"<p>Flere lyse dager er like rundt hj\u00f8rnet, og dette feires med en lett lue i en farge som matcher den varmende sola. Her har vi benyttet garnkvalitetene Lunt + Lett og lua strikkes nedenfra og opp. Du starter med en enkel strukturbord, deretter f\u00e5r den en mer romslig fasong med symmetriske fellinger opp mot bakhodet. Den ligner litt p\u00e5 en Beret i fasongen.<\/p>\n<p>&nbsp;<\/p>\n<p>&nbsp;<\/p>\n<p><strong>Norsk og Engelsk oppskrift.<\/strong> Du f\u00e5r tilgang til alle spr\u00e5k som pdf fil ved kj\u00f8p.<\/p>\n","protected":false},"featured_media":70522,"template":"","meta":{"_acf_changed":false,"_relevanssi_hide_post":"","_relevanssi_hide_content":"","_relevanssi_pin_for_all":"","_relevanssi_pin_keywords":"","_relevanssi_unpin_keywords":"","_relevanssi_related_keywords":"","_relevanssi_related_include_ids":"","_relevanssi_related_exclude_ids":"","_relevanssi_related_no_append":"","_relevanssi_related_not_related":"","_relevanssi_related_posts":"","_relevanssi_noindex_reason":""},"product_cat":[60,401],"product_tag":[329,330,128,37,171,33,134,136,327,328],"class_list":{"0":"post-70546","1":"product","2":"type-product","3":"status-publish","4":"has-post-thumbnail","6":"product_cat-strikkeoppskrifter","7":"product_cat-lue-panneband","8":"product_tag-alpelue","9":"product_tag-beret","10":"product_tag-design-by-marte-helgetun","11":"product_tag-lett","12":"product_tag-lue","13":"product_tag-lunt","14":"product_tag-marte-helgetun","15":"product_tag-strikkeoppskrift","16":"product_tag-strikket-lue","17":"product_tag-sunny-varlue","19":"first","20":"instock","21":"downloadable","22":"taxable","23":"shipping-taxable","24":"purchasable","25":"product-type-mht_bundle"},"acf":[],"_links":{"self":[{"href":"https:\/\/martehelgetun.no\/en\/wp-json\/wp\/v2\/product\/70546","targetHints":{"allow":["GET"]}}],"collection":[{"href":"https:\/\/martehelgetun.no\/en\/wp-json\/wp\/v2\/product"}],"about":[{"href":"https:\/\/martehelgetun.no\/en\/wp-json\/wp\/v2\/types\/product"}],"wp:featuredmedia":[{"embeddable":true,"href":"https:\/\/martehelgetun.no\/en\/wp-json\/wp\/v2\/media\/70522"}],"wp:attachment":[{"href":"https:\/\/martehelgetun.no\/en\/wp-json\/wp\/v2\/media?parent=70546"}],"wp:term":[{"taxonomy":"product_cat","embeddable":true,"href":"https:\/\/martehelgetun.no\/en\/wp-json\/wp\/v2\/product_cat?post=70546"},{"taxonomy":"product_tag","embeddable":true,"href":"https:\/\/martehelgetun.no\/en\/wp-json\/wp\/v2\/product_tag?post=70546"}],"curies":[{"name":"wp","href":"https:\/\/api.w.org\/{rel}","templated":true}]}}