{"id":70543,"date":"2024-02-06T13:15:31","date_gmt":"2024-02-06T12:15:31","guid":{"rendered":"http:\/\/martehelgetun.no\/?post_type=product&#038;p=70543"},"modified":"2025-06-10T13:38:37","modified_gmt":"2025-06-10T11:38:37","slug":"sunny-skilue-med-ribb","status":"publish","type":"product","link":"https:\/\/martehelgetun.no\/en\/produkt\/sunny-skilue-med-ribb\/","title":{"rendered":"Sunny Skilue med ribb"},"content":{"rendered":"<p><strong>ST\u00d8RRELSER OG M\u00c5L<\/strong><br \/>\nSt\u00f8rrelse: En st\u00f8rrelse voksen<br \/>\nH\u00f8yde: ca. 18 cm med oppbrettet vrangbord<\/p>\n<p>&nbsp;<\/p>\n<p><strong>GARN OG GARNFORBRUK<\/strong><br \/>\nLunt + Lett by Marte Helgetun<br \/>\n1 n\u00f8ste Lunt nr. 11 Solgul<br \/>\n1 n\u00f8ste Lett nr. 11 Solgul<\/p>\n<p>&nbsp;<\/p>\n<p><strong>TILBEH\u00d8R<\/strong><br \/>\n1 skinntagg<\/p>\n<p>&nbsp;<\/p>\n<p><strong>PINNER OG STRIKKEFASTHET<\/strong><br \/>\n100 cm lang rundpinne nr. 4 (Bruker du rundpinner med utskiftbare tupper, anbefaler vi \u00e5 bruke en tupp nr. 4 og en tupp nr. 3) Eventuelt en liten rundpinne 40 cm nr. 4, f\u00f8r du bytter til liten rundpinne 40 cm nr. 3 p\u00e5 vrangborden.<br \/>\n22 masker strukturstrikk med en tr\u00e5d av hver garnkvalitet p\u00e5 pinne nr. 4 = 10 cm<\/p>\n","protected":false},"excerpt":{"rendered":"<p>Denne lua sitter som st\u00f8pt p\u00e5 hodet og har en enkel ribbestrikket oppbrett. Den strikkes fra toppen og ned og har et par artige teknikker \u00e5 pr\u00f8ve seg p\u00e5. En lue som er veldig kjekk \u00e5 finne i tursekken.<\/p>\n<p>&nbsp;<\/p>\n<p>&nbsp;<\/p>\n<p><strong>Norsk og Engelsk oppskrift.<\/strong> Du f\u00e5r tilgang til alle spr\u00e5k som pdf fil ved kj\u00f8p.<\/p>\n","protected":false},"featured_media":70524,"template":"","meta":{"_acf_changed":false,"_relevanssi_hide_post":"","_relevanssi_hide_content":"","_relevanssi_pin_for_all":"","_relevanssi_pin_keywords":"","_relevanssi_unpin_keywords":"","_relevanssi_related_keywords":"","_relevanssi_related_include_ids":"","_relevanssi_related_exclude_ids":"","_relevanssi_related_no_append":"","_relevanssi_related_not_related":"","_relevanssi_related_posts":"","_relevanssi_noindex_reason":""},"product_cat":[60,401],"product_tag":[128,37,171,326,33,136,327,325,324],"class_list":{"0":"post-70543","1":"product","2":"type-product","3":"status-publish","4":"has-post-thumbnail","6":"product_cat-strikkeoppskrifter","7":"product_cat-lue-panneband","8":"product_tag-design-by-marte-helgetun","9":"product_tag-lett","10":"product_tag-lue","11":"product_tag-lue-med-ribb","12":"product_tag-lunt","13":"product_tag-strikkeoppskrift","14":"product_tag-strikket-lue","15":"product_tag-sunny-lue","16":"product_tag-sunny-skilue-med-ribb","18":"first","19":"instock","20":"downloadable","21":"taxable","22":"shipping-taxable","23":"purchasable","24":"product-type-mht_bundle"},"acf":[],"_links":{"self":[{"href":"https:\/\/martehelgetun.no\/en\/wp-json\/wp\/v2\/product\/70543","targetHints":{"allow":["GET"]}}],"collection":[{"href":"https:\/\/martehelgetun.no\/en\/wp-json\/wp\/v2\/product"}],"about":[{"href":"https:\/\/martehelgetun.no\/en\/wp-json\/wp\/v2\/types\/product"}],"wp:featuredmedia":[{"embeddable":true,"href":"https:\/\/martehelgetun.no\/en\/wp-json\/wp\/v2\/media\/70524"}],"wp:attachment":[{"href":"https:\/\/martehelgetun.no\/en\/wp-json\/wp\/v2\/media?parent=70543"}],"wp:term":[{"taxonomy":"product_cat","embeddable":true,"href":"https:\/\/martehelgetun.no\/en\/wp-json\/wp\/v2\/product_cat?post=70543"},{"taxonomy":"product_tag","embeddable":true,"href":"https:\/\/martehelgetun.no\/en\/wp-json\/wp\/v2\/product_tag?post=70543"}],"curies":[{"name":"wp","href":"https:\/\/api.w.org\/{rel}","templated":true}]}}