{"id":70540,"date":"2024-02-06T13:09:19","date_gmt":"2024-02-06T12:09:19","guid":{"rendered":"http:\/\/martehelgetun.no\/?post_type=product&#038;p=70540"},"modified":"2025-06-10T13:51:59","modified_gmt":"2025-06-10T11:51:59","slug":"happyhands-sunny-edition","status":"publish","type":"product","link":"https:\/\/martehelgetun.no\/en\/produkt\/happyhands-sunny-edition\/","title":{"rendered":"HappyHands Sunny Edition"},"content":{"rendered":"<p><strong>ST\u00d8RRELSER OG M\u00c5L<\/strong><br \/>\nSt\u00f8rrelser: En st\u00f8rrelse dame<\/p>\n<p>&nbsp;<\/p>\n<p><strong>GARN OG GARNFORBRUK<\/strong><br \/>\nLunt + Lett by Marte Helgetun<br \/>\n1 n\u00f8ste Lunt nr. 11 Solgul<br \/>\n1 n\u00f8ste Lett nr. 11 Solgul<\/p>\n<p>&nbsp;<\/p>\n<p><strong>TILBEH\u00d8R<\/strong><br \/>\n2 skinntagger<\/p>\n<p>&nbsp;<\/p>\n<p><strong>PINNER OG STRIKKEFASTHET<\/strong><br \/>\n80 cm lang rundpinne nr. 3,5<br \/>\nBruker du rundpinner med utskiftbare tupper\u00a0anbefaler vi \u00e5 bruke en tupp nr. 3,5 og en tupp nr. 3<br \/>\nPinne nr. 3 til vrangbord, enten lang rundpinne\u00a0eller settpinner<br \/>\n24 masker strukturstrikk med en tr\u00e5d\u00a0av hver kvalitet p\u00e5 pinne nr. 3,5 = 10 cm<\/p>\n","protected":false},"excerpt":{"rendered":"<p>Disse strukturstrikkede vottene holder godt p\u00e5 varmen og avslutningen med vrangbord gj\u00f8r\u00a0at de sitter fint rundt h\u00e5ndleddet. Vottene strikkes fra fingertuppene og nedover. Dekorative\u00a0skinnlapper gir vottene det lille ekstra og vil passe godt sammen med luen i samme struktur.<\/p>\n<p>&nbsp;<\/p>\n<p>&nbsp;<\/p>\n<p><strong>Norsk og Engelsk oppskrift.<\/strong> Du f\u00e5r tilgang til alle spr\u00e5k som pdf fil ved kj\u00f8p.<\/p>\n","protected":false},"featured_media":70506,"template":"","meta":{"_acf_changed":false,"_relevanssi_hide_post":"","_relevanssi_hide_content":"","_relevanssi_pin_for_all":"","_relevanssi_pin_keywords":"","_relevanssi_unpin_keywords":"","_relevanssi_related_keywords":"","_relevanssi_related_include_ids":"","_relevanssi_related_exclude_ids":"","_relevanssi_related_no_append":"","_relevanssi_related_not_related":"","_relevanssi_related_posts":"","_relevanssi_noindex_reason":""},"product_cat":[60,402],"product_tag":[128,323,322,321,182,37,33,134,136,181],"class_list":{"0":"post-70540","1":"product","2":"type-product","3":"status-publish","4":"has-post-thumbnail","6":"product_cat-strikkeoppskrifter","7":"product_cat-votter","8":"product_tag-design-by-marte-helgetun","9":"product_tag-gule-votter","10":"product_tag-happy-hands","11":"product_tag-happy-hands-sunny-edition","12":"product_tag-happyhands","13":"product_tag-lett","14":"product_tag-lunt","15":"product_tag-marte-helgetun","16":"product_tag-strikkeoppskrift","17":"product_tag-votter","19":"first","20":"instock","21":"downloadable","22":"taxable","23":"shipping-taxable","24":"purchasable","25":"product-type-mht_bundle"},"acf":[],"_links":{"self":[{"href":"https:\/\/martehelgetun.no\/en\/wp-json\/wp\/v2\/product\/70540","targetHints":{"allow":["GET"]}}],"collection":[{"href":"https:\/\/martehelgetun.no\/en\/wp-json\/wp\/v2\/product"}],"about":[{"href":"https:\/\/martehelgetun.no\/en\/wp-json\/wp\/v2\/types\/product"}],"wp:featuredmedia":[{"embeddable":true,"href":"https:\/\/martehelgetun.no\/en\/wp-json\/wp\/v2\/media\/70506"}],"wp:attachment":[{"href":"https:\/\/martehelgetun.no\/en\/wp-json\/wp\/v2\/media?parent=70540"}],"wp:term":[{"taxonomy":"product_cat","embeddable":true,"href":"https:\/\/martehelgetun.no\/en\/wp-json\/wp\/v2\/product_cat?post=70540"},{"taxonomy":"product_tag","embeddable":true,"href":"https:\/\/martehelgetun.no\/en\/wp-json\/wp\/v2\/product_tag?post=70540"}],"curies":[{"name":"wp","href":"https:\/\/api.w.org\/{rel}","templated":true}]}}