{"id":70532,"date":"2024-02-06T13:00:39","date_gmt":"2024-02-06T12:00:39","guid":{"rendered":"http:\/\/martehelgetun.no\/?post_type=product&#038;p=70532"},"modified":"2025-04-24T12:37:10","modified_gmt":"2025-04-24T10:37:10","slug":"sunny-panneband","status":"publish","type":"product","link":"https:\/\/martehelgetun.no\/en\/produkt\/sunny-panneband\/","title":{"rendered":"Sunny Panneb\u00e5nd"},"content":{"rendered":"<p><strong>ST\u00d8RRELSER OG M\u00c5L<\/strong><br \/>\nSt\u00f8rrelser: en st\u00f8rrelse<\/p>\n<p>&nbsp;<\/p>\n<p><strong>GARN OG GARNFORBRUK<\/strong><br \/>\nLunt + Lett by Marte Helgetun<br \/>\n1 n\u00f8ste Lunt nr. 11 Solgul<br \/>\n1 n\u00f8ste Lett nr. 11 Solgul<\/p>\n<p>&nbsp;<\/p>\n<p><strong>PINNER OG STRIKKEFASTHET<\/strong><br \/>\n80 cm lang rundpinne nr. 4<br \/>\neller str\u00f8mpepinne nr. 4 hvis du ikke strikker magic loop.<br \/>\n22 masker srukturstrikk p\u00e5 pinne nr. 4 = 10 cm.<\/p>\n","protected":false},"excerpt":{"rendered":"<p>Panneb\u00e5nd er som skapt for den skarpe v\u00e5rlufta. Her valgte vi \u00e5 strikke det p\u00e5 tvers med den fine \u201csunny\u201dstrukturen og sydde det sammen med en tvist.<\/p>\n<p>&nbsp;<\/p>\n<p>&nbsp;<\/p>\n<p><strong>Norsk og Engelsk oppskrift.<\/strong> Du f\u00e5r tilgang til alle spr\u00e5k som pdf fil ved kj\u00f8p.<\/p>\n","protected":false},"featured_media":70536,"template":"","meta":{"_acf_changed":false,"_relevanssi_hide_post":"","_relevanssi_hide_content":"","_relevanssi_pin_for_all":"","_relevanssi_pin_keywords":"","_relevanssi_unpin_keywords":"","_relevanssi_related_keywords":"","_relevanssi_related_include_ids":"","_relevanssi_related_exclude_ids":"","_relevanssi_related_no_append":"","_relevanssi_related_not_related":"","_relevanssi_related_posts":"","_relevanssi_noindex_reason":""},"product_cat":[60,735,401],"product_tag":[128,37,33,134,173,319,136,320,318],"class_list":{"0":"post-70532","1":"product","2":"type-product","3":"status-publish","4":"has-post-thumbnail","6":"product_cat-strikkeoppskrifter","7":"product_cat-gratis-oppskrifter","8":"product_cat-lue-panneband","9":"product_tag-design-by-marte-helgetun","10":"product_tag-lett","11":"product_tag-lunt","12":"product_tag-marte-helgetun","13":"product_tag-panneband","14":"product_tag-panneband-med-tvist","15":"product_tag-strikkeoppskrift","16":"product_tag-strikket-panneband","17":"product_tag-sunny-panneband","19":"first","20":"instock","21":"downloadable","22":"taxable","23":"shipping-taxable","24":"purchasable","25":"product-type-mht_bundle"},"acf":[],"_links":{"self":[{"href":"https:\/\/martehelgetun.no\/en\/wp-json\/wp\/v2\/product\/70532","targetHints":{"allow":["GET"]}}],"collection":[{"href":"https:\/\/martehelgetun.no\/en\/wp-json\/wp\/v2\/product"}],"about":[{"href":"https:\/\/martehelgetun.no\/en\/wp-json\/wp\/v2\/types\/product"}],"wp:featuredmedia":[{"embeddable":true,"href":"https:\/\/martehelgetun.no\/en\/wp-json\/wp\/v2\/media\/70536"}],"wp:attachment":[{"href":"https:\/\/martehelgetun.no\/en\/wp-json\/wp\/v2\/media?parent=70532"}],"wp:term":[{"taxonomy":"product_cat","embeddable":true,"href":"https:\/\/martehelgetun.no\/en\/wp-json\/wp\/v2\/product_cat?post=70532"},{"taxonomy":"product_tag","embeddable":true,"href":"https:\/\/martehelgetun.no\/en\/wp-json\/wp\/v2\/product_tag?post=70532"}],"curies":[{"name":"wp","href":"https:\/\/api.w.org\/{rel}","templated":true}]}}