{"id":70511,"date":"2024-02-06T12:53:06","date_gmt":"2024-02-06T11:53:06","guid":{"rendered":"http:\/\/martehelgetun.no\/?post_type=product&#038;p=70511"},"modified":"2026-04-09T10:51:39","modified_gmt":"2026-04-09T08:51:39","slug":"sommeralv-i-line","status":"publish","type":"product","link":"https:\/\/martehelgetun.no\/en\/produkt\/sommeralv-i-line\/","title":{"rendered":"Sommeralv i Line"},"content":{"rendered":"<p><strong>ST\u00d8RRELSER OG M\u00c5L<br \/>\n<\/strong>St\u00f8rrelser: S (M) L (XL) XXL<br \/>\nVidde under ermene: 91 (100) 109 (118) 127 cm<br \/>\nHel lengde: 55 (57) 59 (62) 65 cm<\/p>\n<p>&nbsp;<\/p>\n<p><strong>GARN OG GARNFORBRUK<\/strong><br \/>\nLine fra Sandnes Garn<br \/>\n6 (7) 8 (9) 10 n\u00f8ster lys lin nr. 2331<\/p>\n<p>&nbsp;<\/p>\n<p><strong>PINNER OG STRIKKEFASTHET<\/strong><br \/>\n80 cm rundpinne nr. 4<br \/>\n22 masker glattstrikk p\u00e5 pinne nr. 4 = 10 cm<\/p>\n","protected":false},"excerpt":{"rendered":"<p>Alveserien er en av mine personlige favoritter, og jeg elsker at \u00f8kningene er en del av m\u00f8nsteret. Dette gir toppen et diskret feminint touch. \u00a0Toppen strikkes ovenfra og ned.<\/p>\n<p>&nbsp;<\/p>\n<p><strong>Norsk, Engelsk, Tysk og Italiensk oppskrift.<\/strong> Du f\u00e5r tilgang til alle spr\u00e5k som pdf fil ved kj\u00f8p.<\/p>\n","protected":false},"featured_media":75683,"template":"","meta":{"_acf_changed":false,"_relevanssi_hide_post":"","_relevanssi_hide_content":"","_relevanssi_pin_for_all":"","_relevanssi_pin_keywords":"","_relevanssi_unpin_keywords":"","_relevanssi_related_keywords":"","_relevanssi_related_include_ids":"","_relevanssi_related_exclude_ids":"","_relevanssi_related_no_append":"","_relevanssi_related_not_related":"","_relevanssi_related_posts":"","_relevanssi_noindex_reason":""},"product_cat":[60,734,279],"product_tag":[128,43,134,316,317,300,136,265,294,293],"class_list":{"0":"post-70511","1":"product","2":"type-product","3":"status-publish","4":"has-post-thumbnail","6":"product_cat-strikkeoppskrifter","7":"product_cat-sommerstrikk","8":"product_cat-topp","9":"product_tag-design-by-marte-helgetun","10":"product_tag-line","11":"product_tag-marte-helgetun","12":"product_tag-sommeralv","13":"product_tag-sommeralv-i-line","14":"product_tag-sommeralv-topp","15":"product_tag-strikkeoppskrift","16":"product_tag-strikket-topp","17":"product_tag-tee","18":"product_tag-topp-i-line","20":"first","21":"instock","22":"downloadable","23":"taxable","24":"shipping-taxable","25":"purchasable","26":"product-type-mht_bundle"},"acf":[],"_links":{"self":[{"href":"https:\/\/martehelgetun.no\/en\/wp-json\/wp\/v2\/product\/70511","targetHints":{"allow":["GET"]}}],"collection":[{"href":"https:\/\/martehelgetun.no\/en\/wp-json\/wp\/v2\/product"}],"about":[{"href":"https:\/\/martehelgetun.no\/en\/wp-json\/wp\/v2\/types\/product"}],"wp:featuredmedia":[{"embeddable":true,"href":"https:\/\/martehelgetun.no\/en\/wp-json\/wp\/v2\/media\/75683"}],"wp:attachment":[{"href":"https:\/\/martehelgetun.no\/en\/wp-json\/wp\/v2\/media?parent=70511"}],"wp:term":[{"taxonomy":"product_cat","embeddable":true,"href":"https:\/\/martehelgetun.no\/en\/wp-json\/wp\/v2\/product_cat?post=70511"},{"taxonomy":"product_tag","embeddable":true,"href":"https:\/\/martehelgetun.no\/en\/wp-json\/wp\/v2\/product_tag?post=70511"}],"curies":[{"name":"wp","href":"https:\/\/api.w.org\/{rel}","templated":true}]}}