{"id":70431,"date":"2024-02-05T15:30:38","date_gmt":"2024-02-05T14:30:38","guid":{"rendered":"http:\/\/martehelgetun.no\/?post_type=product&#038;p=70431"},"modified":"2025-06-10T13:29:37","modified_gmt":"2025-06-10T11:29:37","slug":"ragnis-jakke","status":"publish","type":"product","link":"https:\/\/martehelgetun.no\/en\/produkt\/ragnis-jakke\/","title":{"rendered":"Luftig perlejakke"},"content":{"rendered":"<p><strong>ST\u00d8RRELSER OG M\u00c5L:<\/strong><br \/>\nSt\u00f8rrelser: (XS) S (M) L (XL) XXL<br \/>\nHel lengde m\u00e5lt fra oppleggskanten midt bak i nakken:<br \/>\nKort jakke: (47) 48 (49) 50 (51) 52 cm<br \/>\nLang jakke er strikket 15 cm lengre.<br \/>\nOvervidde: (95) 100 (106) 111 (122) 133 cm<br \/>\nErmlengde: (44) 45 (46) 47 (48) 49 cm<\/p>\n<p>&nbsp;<\/p>\n<p><strong>GARN OG GARNFORBRUK<\/strong><br \/>\nLuftig + 2 x Lett by Marte Helgetun<br \/>\n(3) 4 (4) 5 (5) 6 n\u00f8ster Luftig nr. 02 Lysgr\u00e5 Melert<br \/>\n(3) 4 (4) 5 (5) 6 n\u00f8ster Lett nr. 01 Kitt<br \/>\n(3) 4 (4) 5 (5) 6 n\u00f8ster Lett nr. 07 Lys Skifer<br \/>\nTa med ett n\u00f8stesett ekstra hvis du \u00f8nsker \u00e5 strikke jakken litt lengre.<\/p>\n<p>&nbsp;<\/p>\n<p><strong>PINNER OG STRIKKEFASTHET<\/strong><br \/>\n80 og 40 cm rundpinne nr. 7<br \/>\nStr\u00f8mpepinner nr. 7 eller en lang rundpinne nr. 7<br \/>\ndersom du bruker magic loop til ermer<br \/>\nStr\u00f8mpepinne 6 til I-cordfelling<br \/>\n15 masker strukturstrikk p\u00e5 pinne nr. 7 = 10 cm<\/p>\n","protected":false},"excerpt":{"rendered":"<p>Denne jakken f\u00e5r et helt fantastisk fargespill n\u00e5r man setter\u00a0sammen 1 tr\u00e5d Luftig og 2 tr\u00e5der Lett i ulike farger. Du starter\u00a0med noen f\u00e5 masker bak i nakken og strikker deg\u00a0nedover. Jakken har en krage som g\u00e5r litt oppover i nakken slik at den varmer litt ekstra.<\/p>\n<p>&nbsp;<\/p>\n<p>&nbsp;<\/p>\n<p><strong>Norsk og Engelsk oppskrift.<\/strong> Du f\u00e5r tilgang til alle spr\u00e5k som pdf fil ved kj\u00f8p.<\/p>\n","protected":false},"featured_media":74991,"template":"","meta":{"_acf_changed":false,"_relevanssi_hide_post":"","_relevanssi_hide_content":"","_relevanssi_pin_for_all":"","_relevanssi_pin_keywords":"","_relevanssi_unpin_keywords":"","_relevanssi_related_keywords":"","_relevanssi_related_include_ids":"","_relevanssi_related_exclude_ids":"","_relevanssi_related_no_append":"","_relevanssi_related_not_related":"","_relevanssi_related_posts":"","_relevanssi_noindex_reason":""},"product_cat":[60,208],"product_tag":[128,308,37,36,134,307,136,267],"class_list":{"0":"post-70431","1":"product","2":"type-product","3":"status-publish","4":"has-post-thumbnail","6":"product_cat-strikkeoppskrifter","7":"product_cat-jakke","8":"product_tag-design-by-marte-helgetun","9":"product_tag-fargespill-jakke","10":"product_tag-lett","11":"product_tag-luftig","12":"product_tag-marte-helgetun","13":"product_tag-ragnis-jakke","14":"product_tag-strikkeoppskrift","15":"product_tag-strikket-jakke","17":"first","18":"instock","19":"downloadable","20":"taxable","21":"shipping-taxable","22":"purchasable","23":"product-type-mht_bundle"},"acf":[],"_links":{"self":[{"href":"https:\/\/martehelgetun.no\/en\/wp-json\/wp\/v2\/product\/70431","targetHints":{"allow":["GET"]}}],"collection":[{"href":"https:\/\/martehelgetun.no\/en\/wp-json\/wp\/v2\/product"}],"about":[{"href":"https:\/\/martehelgetun.no\/en\/wp-json\/wp\/v2\/types\/product"}],"wp:featuredmedia":[{"embeddable":true,"href":"https:\/\/martehelgetun.no\/en\/wp-json\/wp\/v2\/media\/74991"}],"wp:attachment":[{"href":"https:\/\/martehelgetun.no\/en\/wp-json\/wp\/v2\/media?parent=70431"}],"wp:term":[{"taxonomy":"product_cat","embeddable":true,"href":"https:\/\/martehelgetun.no\/en\/wp-json\/wp\/v2\/product_cat?post=70431"},{"taxonomy":"product_tag","embeddable":true,"href":"https:\/\/martehelgetun.no\/en\/wp-json\/wp\/v2\/product_tag?post=70431"}],"curies":[{"name":"wp","href":"https:\/\/api.w.org\/{rel}","templated":true}]}}