{"id":70365,"date":"2024-02-05T14:26:23","date_gmt":"2024-02-05T13:26:23","guid":{"rendered":"http:\/\/martehelgetun.no\/?post_type=product&#038;p=70365"},"modified":"2025-06-10T13:46:16","modified_gmt":"2025-06-10T11:46:16","slug":"grovstrikka-t-skjorte","status":"publish","type":"product","link":"https:\/\/martehelgetun.no\/en\/produkt\/grovstrikka-t-skjorte\/","title":{"rendered":"Grovstrikka T-skjorte"},"content":{"rendered":"<p><strong>ST\u00d8RRELSER OG M\u00c5L<\/strong><br \/>\nSt\u00f8rrelser: S (M) L (XL)<br \/>\nOvervidde: 97 (103) 109 (122) cm<br \/>\nHel lengde: 49 (51) 53 (57) cm, m\u00e5lt midt bak i trekanten<\/p>\n<p>&nbsp;<\/p>\n<p><strong>GARN OG GARNFORBRUK<\/strong><br \/>\n2 x Line fra Sandnes Garn<br \/>\n8 (9) 10 (12) n\u00f8ster Kitt nr. 1015<br \/>\nT-skjorten strikkes med dobbel tr\u00e5d Line<\/p>\n<p>&nbsp;<\/p>\n<p><strong>PINNE OG STRIKKEFASTHET<\/strong><br \/>\nRundpinne 80 cm lang nr. 7<br \/>\nHeklen\u00e5l nr. 5<br \/>\nHa gjerne en ekstra pinne eller vaier, slik at det blir lettere for deg \u00e5 strikke forstykkene.<br \/>\n14 masker strukturstrikk p\u00e5 pinne nr. 7 med dobbel tr\u00e5d = 10 cm i bredden<br \/>\nEtter damping og strekking er strikkefastheten 12 masker. Det er dette m\u00e5lene tar utgangspunkt i.<\/p>\n","protected":false},"excerpt":{"rendered":"<p>Jeg elsker denne strukturen, som blir som en glissen perlestrikk. Denne typen t-skjorter, som starter som en trekant bak i nakken, faller s\u00e5 fint og er s\u00e5 behagelige \u00e5 ha p\u00e5. Perfekt om sommeren!<\/p>\n<p>&nbsp;<\/p>\n<p>&nbsp;<\/p>\n<p><strong>Norsk og Engelsk oppskrift.<\/strong> Du f\u00e5r tilgang til alle spr\u00e5k som pdf fil ved kj\u00f8p.<\/p>\n","protected":false},"featured_media":76011,"template":"","meta":{"_acf_changed":false,"_relevanssi_hide_post":"","_relevanssi_hide_content":"","_relevanssi_pin_for_all":"","_relevanssi_pin_keywords":"","_relevanssi_unpin_keywords":"","_relevanssi_related_keywords":"","_relevanssi_related_include_ids":"","_relevanssi_related_exclude_ids":"","_relevanssi_related_no_append":"","_relevanssi_related_not_related":"","_relevanssi_related_posts":"","_relevanssi_noindex_reason":""},"product_cat":[60,734,279],"product_tag":[128,304,43,134,136,305,294,306],"class_list":{"0":"post-70365","1":"product","2":"type-product","3":"status-publish","4":"has-post-thumbnail","6":"product_cat-strikkeoppskrifter","7":"product_cat-sommerstrikk","8":"product_cat-topp","9":"product_tag-design-by-marte-helgetun","10":"product_tag-grovstrikka-t-skjorte","11":"product_tag-line","12":"product_tag-marte-helgetun","13":"product_tag-strikkeoppskrift","14":"product_tag-t-skjorte","15":"product_tag-tee","16":"product_tag-topp","18":"first","19":"instock","20":"downloadable","21":"taxable","22":"shipping-taxable","23":"purchasable","24":"product-type-mht_bundle"},"acf":[],"_links":{"self":[{"href":"https:\/\/martehelgetun.no\/en\/wp-json\/wp\/v2\/product\/70365","targetHints":{"allow":["GET"]}}],"collection":[{"href":"https:\/\/martehelgetun.no\/en\/wp-json\/wp\/v2\/product"}],"about":[{"href":"https:\/\/martehelgetun.no\/en\/wp-json\/wp\/v2\/types\/product"}],"wp:featuredmedia":[{"embeddable":true,"href":"https:\/\/martehelgetun.no\/en\/wp-json\/wp\/v2\/media\/76011"}],"wp:attachment":[{"href":"https:\/\/martehelgetun.no\/en\/wp-json\/wp\/v2\/media?parent=70365"}],"wp:term":[{"taxonomy":"product_cat","embeddable":true,"href":"https:\/\/martehelgetun.no\/en\/wp-json\/wp\/v2\/product_cat?post=70365"},{"taxonomy":"product_tag","embeddable":true,"href":"https:\/\/martehelgetun.no\/en\/wp-json\/wp\/v2\/product_tag?post=70365"}],"curies":[{"name":"wp","href":"https:\/\/api.w.org\/{rel}","templated":true}]}}