{"id":70339,"date":"2024-02-02T16:34:17","date_gmt":"2024-02-02T15:34:17","guid":{"rendered":"http:\/\/martehelgetun.no\/?post_type=product&#038;p=70339"},"modified":"2025-06-10T13:29:31","modified_gmt":"2025-06-10T11:29:31","slug":"arwens-varjakke","status":"publish","type":"product","link":"https:\/\/martehelgetun.no\/en\/produkt\/arwens-varjakke\/","title":{"rendered":"Arwens V\u00e5rjakke"},"content":{"rendered":"<p><strong>ST\u00d8RRELSER OG M\u00c5L<\/strong><br \/>\nSt\u00f8rrelser: (XS) S (M) L (XL) XXL<br \/>\nOvervidde: (100) 105 (112) 118 (130) 142 cm<br \/>\nHel lengde: (46) 48 (50) 52 (54) 56 cm<br \/>\n(m\u00e5lt midt bak)<br \/>\nErmer: (44) 45 (46) 47 (48) 49 cm<\/p>\n<p>&nbsp;<\/p>\n<p><strong>GARN OG GARNFORBRUK<\/strong><br \/>\nLuftig + Lett by Marte Helgetun<br \/>\n(3) 4 (4) 5 (5) 6 n\u00f8ster Luftig nr. 03 Sand<br \/>\n(3) 4 (4) 5 (5) 6 n\u00f8ster Lett nr. 01 Kitt<\/p>\n<p>&nbsp;<\/p>\n<p><strong>TILBEH\u00d8R<\/strong><br \/>\n6 Kokosknapper 18 mm i diameter<\/p>\n<p>&nbsp;<\/p>\n<p><strong>PINNER OG STRIKKEFASTHET<\/strong><br \/>\n80 cm lang rundpinne nr. 5 og 6<br \/>\n40 cm lang rundpinne nr. 6<br \/>\nSettpinner nr. 5 dersom du ikke bruker<br \/>\nmagic loop<br \/>\n17 masker glattstrikk p\u00e5 pinne nr. 6<br \/>\n= 10 cm i bredden<\/p>\n","protected":false},"excerpt":{"rendered":"<p>Noen design blir vi litt ekstra glad i, og dette er helt klart en av dem. Arwens v\u00e5rjakke har f\u00e5tt den enkle hullstrukturen hele veien rundt skuldrene. Jakken strikkes fram og tilbake, ovenfra og ned.<\/p>\n<p>&nbsp;<\/p>\n<p>&nbsp;<\/p>\n<p><strong>Norsk og Engelsk oppskrift.<\/strong> Du f\u00e5r tilgang til alle spr\u00e5k som pdf fil ved kj\u00f8p.<\/p>\n","protected":false},"featured_media":70358,"template":"","meta":{"_acf_changed":false,"_relevanssi_hide_post":"","_relevanssi_hide_content":"","_relevanssi_pin_for_all":"","_relevanssi_pin_keywords":"","_relevanssi_unpin_keywords":"","_relevanssi_related_keywords":"","_relevanssi_related_include_ids":"","_relevanssi_related_exclude_ids":"","_relevanssi_related_no_append":"","_relevanssi_related_not_related":"","_relevanssi_related_posts":"","_relevanssi_noindex_reason":""},"product_cat":[60,208],"product_tag":[302,237,128,211,37,36,134,136,267,303],"class_list":{"0":"post-70339","1":"product","2":"type-product","3":"status-publish","4":"has-post-thumbnail","6":"product_cat-strikkeoppskrifter","7":"product_cat-jakke","8":"product_tag-arwens-varjakke","9":"product_tag-cardigan","10":"product_tag-design-by-marte-helgetun","11":"product_tag-jakke","12":"product_tag-lett","13":"product_tag-luftig","14":"product_tag-marte-helgetun","15":"product_tag-strikkeoppskrift","16":"product_tag-strikket-jakke","17":"product_tag-varjakke","19":"first","20":"instock","21":"downloadable","22":"taxable","23":"shipping-taxable","24":"purchasable","25":"product-type-mht_bundle"},"acf":[],"_links":{"self":[{"href":"https:\/\/martehelgetun.no\/en\/wp-json\/wp\/v2\/product\/70339","targetHints":{"allow":["GET"]}}],"collection":[{"href":"https:\/\/martehelgetun.no\/en\/wp-json\/wp\/v2\/product"}],"about":[{"href":"https:\/\/martehelgetun.no\/en\/wp-json\/wp\/v2\/types\/product"}],"wp:featuredmedia":[{"embeddable":true,"href":"https:\/\/martehelgetun.no\/en\/wp-json\/wp\/v2\/media\/70358"}],"wp:attachment":[{"href":"https:\/\/martehelgetun.no\/en\/wp-json\/wp\/v2\/media?parent=70339"}],"wp:term":[{"taxonomy":"product_cat","embeddable":true,"href":"https:\/\/martehelgetun.no\/en\/wp-json\/wp\/v2\/product_cat?post=70339"},{"taxonomy":"product_tag","embeddable":true,"href":"https:\/\/martehelgetun.no\/en\/wp-json\/wp\/v2\/product_tag?post=70339"}],"curies":[{"name":"wp","href":"https:\/\/api.w.org\/{rel}","templated":true}]}}