{"id":70328,"date":"2024-02-02T16:25:48","date_gmt":"2024-02-02T15:25:48","guid":{"rendered":"http:\/\/martehelgetun.no\/?post_type=product&#038;p=70328"},"modified":"2025-06-10T13:46:22","modified_gmt":"2025-06-10T11:46:22","slug":"sommeralv-mohair-edition","status":"publish","type":"product","link":"https:\/\/martehelgetun.no\/en\/produkt\/sommeralv-mohair-edition\/","title":{"rendered":"Sommeralv Mohair edition"},"content":{"rendered":"<p><strong>ST\u00d8RRELSER OG M\u00c5L<\/strong><br \/>\nSt\u00f8rrelser: S (M) L (XL)<br \/>\nOvervidde: 106 (112) 120 (126) cm<br \/>\nLivvidde: 94 (100) 110 (120) cm<br \/>\nHel lengde: ca 56 (58) 60 (62) cm<\/p>\n<p>&nbsp;<\/p>\n<p><strong>GARN OG GARNFORBRUK<\/strong><br \/>\nLett x 2 by Marte Helgetun<br \/>\n6 (6) 8 (8) n\u00f8ster nr. 01 Kitt<br \/>\nHele toppen strikkes med to tr\u00e5der Lett samtidig<\/p>\n<p>&nbsp;<\/p>\n<p><strong>PINNER OG STRIKKEFASTHET<\/strong><br \/>\n40 og 80 cm rundpinne nr. 4<br \/>\n20 masker glattstrikk med dobbel tr\u00e5d p\u00e5 pinne nr. 4 = 10 cm<\/p>\n","protected":false},"excerpt":{"rendered":"<p>Alveserien er en av mine personlige favoritter, og jeg elsker at \u00f8kningene er en del av m\u00f8nsteret. Dette gir toppen et diskret feminint touch. N\u00e5r jeg fikk strikket denne i dobbel tr\u00e5d Lett, ble den akkurat slik jeg har dr\u00f8mt om.<\/p>\n<p>&nbsp;<\/p>\n<p>&nbsp;<\/p>\n<p><strong>Norsk og Engelsk oppskrift.<\/strong> Du f\u00e5r tilgang til alle spr\u00e5k som pdf fil ved kj\u00f8p.<\/p>\n","protected":false},"featured_media":70331,"template":"","meta":{"_acf_changed":false,"_relevanssi_hide_post":"","_relevanssi_hide_content":"","_relevanssi_pin_for_all":"","_relevanssi_pin_keywords":"","_relevanssi_unpin_keywords":"","_relevanssi_related_keywords":"","_relevanssi_related_include_ids":"","_relevanssi_related_exclude_ids":"","_relevanssi_related_no_append":"","_relevanssi_related_not_related":"","_relevanssi_related_posts":"","_relevanssi_noindex_reason":""},"product_cat":[60,734,279],"product_tag":[128,37,134,299,300,136,301,294],"class_list":{"0":"post-70328","1":"product","2":"type-product","3":"status-publish","4":"has-post-thumbnail","6":"product_cat-strikkeoppskrifter","7":"product_cat-sommerstrikk","8":"product_cat-topp","9":"product_tag-design-by-marte-helgetun","10":"product_tag-lett","11":"product_tag-marte-helgetun","12":"product_tag-sommeralv-mohair-edition","13":"product_tag-sommeralv-topp","14":"product_tag-strikkeoppskrift","15":"product_tag-strikket-topp-i-silk-mohair","16":"product_tag-tee","18":"first","19":"instock","20":"downloadable","21":"taxable","22":"shipping-taxable","23":"purchasable","24":"product-type-mht_bundle"},"acf":[],"_links":{"self":[{"href":"https:\/\/martehelgetun.no\/en\/wp-json\/wp\/v2\/product\/70328","targetHints":{"allow":["GET"]}}],"collection":[{"href":"https:\/\/martehelgetun.no\/en\/wp-json\/wp\/v2\/product"}],"about":[{"href":"https:\/\/martehelgetun.no\/en\/wp-json\/wp\/v2\/types\/product"}],"wp:featuredmedia":[{"embeddable":true,"href":"https:\/\/martehelgetun.no\/en\/wp-json\/wp\/v2\/media\/70331"}],"wp:attachment":[{"href":"https:\/\/martehelgetun.no\/en\/wp-json\/wp\/v2\/media?parent=70328"}],"wp:term":[{"taxonomy":"product_cat","embeddable":true,"href":"https:\/\/martehelgetun.no\/en\/wp-json\/wp\/v2\/product_cat?post=70328"},{"taxonomy":"product_tag","embeddable":true,"href":"https:\/\/martehelgetun.no\/en\/wp-json\/wp\/v2\/product_tag?post=70328"}],"curies":[{"name":"wp","href":"https:\/\/api.w.org\/{rel}","templated":true}]}}