{"id":70305,"date":"2024-02-02T16:10:45","date_gmt":"2024-02-02T15:10:45","guid":{"rendered":"http:\/\/martehelgetun.no\/?post_type=product&#038;p=70305"},"modified":"2026-04-22T14:52:05","modified_gmt":"2026-04-22T12:52:05","slug":"softice-tee-i-line","status":"publish","type":"product","link":"https:\/\/martehelgetun.no\/en\/product\/softice-tee-i-line\/","title":{"rendered":"Softice Tee i Line"},"content":{"rendered":"<p><strong>ST\u00d8RRELSER OG M\u00c5L<\/strong><br \/>\nSt\u00f8rrelser: (XS) S (M) L (XL) XXL<br \/>\nOvervidde: (82) 92 (102) 112 (122) 135 cm<br \/>\nHel lengde: (46) 48 (50) 52 (54) 56 cm (m\u00e5l midt bak i nakken)<\/p>\n<p>&nbsp;<\/p>\n<p><strong>GARN OG GARNFORBRUK<\/strong><br \/>\nLine fra Sandnes Garn<br \/>\n(6) 6 (7) 8 (9) 10 n\u00f8ster nr. 1015 Kitt<\/p>\n<p>&nbsp;<\/p>\n<p><strong>PINNER OG STRIKKEFASTHET<\/strong><br \/>\n80 og 40 cm rundpinne nr. 4<br \/>\n80 cm rundpinne nr. 3,5<br \/>\n22 masker glattstrikk p\u00e5 pinne nr. 4 = 10 cm<\/p>\n","protected":false},"excerpt":{"rendered":"<p>Jeg liker aller best hverdager, det enkle og det elegante. Flettene p\u00e5 denne sommertoppen l\u00f8fter den fra \u00e5 v\u00e6re et helt basic hverdagsplagg, til \u00e5 bli en skikkelig fin topp du godt kan bruke n\u00e5r du skal pynte deg litt.<\/p>\n<p>&nbsp;<\/p>\n<p>&nbsp;<\/p>\n<p><strong>Norsk og Engelsk oppskrift.<\/strong> Du f\u00e5r tilgang til alle spr\u00e5k som pdf fil ved kj\u00f8p.<\/p>\n<hr \/>\n<p data-start=\"0\" data-end=\"212\">I love everyday life the most \u2013 the simple and the elegant. The cables on this summer top elevate it from a basic everyday piece to a truly beautiful top that you can easily dress up for more special occasions.<\/p>\n<p data-start=\"214\" data-end=\"322\" data-is-last-node=\"\" data-is-only-node=\"\"><strong>Norwegian and English pattern included.<\/strong> You will receive access to all languages as PDF files upon purchase.<\/p>\n<p>&nbsp;<\/p>\n","protected":false},"featured_media":70324,"template":"","meta":{"_acf_changed":false,"_relevanssi_hide_post":"","_relevanssi_hide_content":"","_relevanssi_pin_for_all":"","_relevanssi_pin_keywords":"","_relevanssi_unpin_keywords":"","_relevanssi_related_keywords":"","_relevanssi_related_include_ids":"","_relevanssi_related_exclude_ids":"","_relevanssi_related_no_append":"","_relevanssi_related_not_related":"","_relevanssi_related_posts":"","_relevanssi_noindex_reason":""},"product_brand":[],"product_cat":[734,279],"product_tag":[128,43,134,292,136,294,293],"class_list":{"0":"post-70305","1":"product","2":"type-product","3":"status-publish","4":"has-post-thumbnail","6":"product_cat-sommerstrikk","7":"product_cat-topp","8":"product_tag-design-by-marte-helgetun","9":"product_tag-line","10":"product_tag-marte-helgetun","11":"product_tag-softice-tee","12":"product_tag-strikkeoppskrift","13":"product_tag-tee","14":"product_tag-topp-i-line","16":"first","17":"instock","18":"downloadable","19":"taxable","20":"shipping-taxable","21":"purchasable","22":"product-type-mht_bundle"},"acf":[],"_links":{"self":[{"href":"https:\/\/martehelgetun.no\/en\/wp-json\/wp\/v2\/product\/70305","targetHints":{"allow":["GET"]}}],"collection":[{"href":"https:\/\/martehelgetun.no\/en\/wp-json\/wp\/v2\/product"}],"about":[{"href":"https:\/\/martehelgetun.no\/en\/wp-json\/wp\/v2\/types\/product"}],"wp:featuredmedia":[{"embeddable":true,"href":"https:\/\/martehelgetun.no\/en\/wp-json\/wp\/v2\/media\/70324"}],"wp:attachment":[{"href":"https:\/\/martehelgetun.no\/en\/wp-json\/wp\/v2\/media?parent=70305"}],"wp:term":[{"taxonomy":"product_brand","embeddable":true,"href":"https:\/\/martehelgetun.no\/en\/wp-json\/wp\/v2\/product_brand?post=70305"},{"taxonomy":"product_cat","embeddable":true,"href":"https:\/\/martehelgetun.no\/en\/wp-json\/wp\/v2\/product_cat?post=70305"},{"taxonomy":"product_tag","embeddable":true,"href":"https:\/\/martehelgetun.no\/en\/wp-json\/wp\/v2\/product_tag?post=70305"}],"curies":[{"name":"wp","href":"https:\/\/api.w.org\/{rel}","templated":true}]}}