{"id":70292,"date":"2024-02-02T15:42:53","date_gmt":"2024-02-02T14:42:53","guid":{"rendered":"http:\/\/martehelgetun.no\/?post_type=product&#038;p=70292"},"modified":"2026-04-09T10:52:13","modified_gmt":"2026-04-09T08:52:13","slug":"lett-a-like-vest","status":"publish","type":"product","link":"https:\/\/martehelgetun.no\/en\/produkt\/lett-a-like-vest\/","title":{"rendered":"Lett \u00e5 like Vest"},"content":{"rendered":"<p><strong>ST\u00d8RRELSERE OG M\u00c5L<\/strong><br \/>\nSt\u00f8rrelser: (XS) S (M) L (XL) XXL<br \/>\nOvervidde: (104) 112 (121) 130 (138) 147<br \/>\nHel lengde: (54) 56 (58) 60 (62) 64 cm m\u00e5lt fra oppleggskanten midt bak.<\/p>\n<p>&nbsp;<\/p>\n<p><strong>GARN OG GARNFORBRUK<\/strong><br \/>\nLett x 4 by Marte Helgetun<br \/>\n(7) 8 (8) 9 (10) 10 n\u00f8ster nr. 17 \u00a0Sand<br \/>\nGenseren strikkes med 4 tr\u00e5der samtidig. Her brukte vi 4 like tr\u00e5der i fargen Sand<\/p>\n<p><strong><br \/>\nPINNER OG STRIKKEFASTHET<\/strong><br \/>\n40 og 80 cm rundpinne nr. 8<br \/>\nSettpinne nr 7 til I-cord kanten<br \/>\n14 masker glattstrikk p\u00e5 pinne nr. 8 = 10 cm i bredden<\/p>\n","protected":false},"excerpt":{"rendered":"<p>Lett er et utrolig deilig og fint garn i mohair og silke. Vesten er strikket med 4 tr\u00e5der samtidig p\u00e5 tykke pinner. Jeg startet med noen f\u00e5 masker bak i nakken og strikket meg nedover. Vesten har en halskant som g\u00e5r litt oppover i nakken slik at den varmer litt ekstra.<\/p>\n<p>&nbsp;<\/p>\n<p>&nbsp;<\/p>\n<p><strong>Norsk og Engelsk oppskrift.<\/strong> Du f\u00e5r tilgang til alle spr\u00e5k som pdf fil ved kj\u00f8p.<\/p>\n","protected":false},"featured_media":75997,"template":"","meta":{"_acf_changed":false,"_relevanssi_hide_post":"","_relevanssi_hide_content":"","_relevanssi_pin_for_all":"","_relevanssi_pin_keywords":"","_relevanssi_unpin_keywords":"","_relevanssi_related_keywords":"","_relevanssi_related_include_ids":"","_relevanssi_related_exclude_ids":"","_relevanssi_related_no_append":"","_relevanssi_related_not_related":"","_relevanssi_related_posts":"","_relevanssi_noindex_reason":""},"product_cat":[60,734,279],"product_tag":[128,37,281,290,134,136,291,264],"class_list":{"0":"post-70292","1":"product","2":"type-product","3":"status-publish","4":"has-post-thumbnail","6":"product_cat-strikkeoppskrifter","7":"product_cat-sommerstrikk","8":"product_cat-topp","9":"product_tag-design-by-marte-helgetun","10":"product_tag-lett","11":"product_tag-lett-a-like","12":"product_tag-lett-a-like-vest","13":"product_tag-marte-helgetun","14":"product_tag-strikkeoppskrift","15":"product_tag-strikket-vest","16":"product_tag-vest","18":"first","19":"instock","20":"downloadable","21":"taxable","22":"shipping-taxable","23":"purchasable","24":"product-type-mht_bundle"},"acf":[],"_links":{"self":[{"href":"https:\/\/martehelgetun.no\/en\/wp-json\/wp\/v2\/product\/70292","targetHints":{"allow":["GET"]}}],"collection":[{"href":"https:\/\/martehelgetun.no\/en\/wp-json\/wp\/v2\/product"}],"about":[{"href":"https:\/\/martehelgetun.no\/en\/wp-json\/wp\/v2\/types\/product"}],"wp:featuredmedia":[{"embeddable":true,"href":"https:\/\/martehelgetun.no\/en\/wp-json\/wp\/v2\/media\/75997"}],"wp:attachment":[{"href":"https:\/\/martehelgetun.no\/en\/wp-json\/wp\/v2\/media?parent=70292"}],"wp:term":[{"taxonomy":"product_cat","embeddable":true,"href":"https:\/\/martehelgetun.no\/en\/wp-json\/wp\/v2\/product_cat?post=70292"},{"taxonomy":"product_tag","embeddable":true,"href":"https:\/\/martehelgetun.no\/en\/wp-json\/wp\/v2\/product_tag?post=70292"}],"curies":[{"name":"wp","href":"https:\/\/api.w.org\/{rel}","templated":true}]}}