{"id":70273,"date":"2024-02-02T15:34:25","date_gmt":"2024-02-02T14:34:25","guid":{"rendered":"http:\/\/martehelgetun.no\/?post_type=product&#038;p=70273"},"modified":"2025-06-10T13:29:26","modified_gmt":"2025-06-10T11:29:26","slug":"lett-a-like-langjakke","status":"publish","type":"product","link":"https:\/\/martehelgetun.no\/en\/produkt\/lett-a-like-langjakke\/","title":{"rendered":"Lett \u00e5 like Langjakke"},"content":{"rendered":"<p><strong>ST\u00d8RRELSER OG M\u00c5L<\/strong><br \/>\nSt\u00f8rrelser: (XS) S (M) L (XL) XXL<br \/>\nOvervidde: (92) 101 (110) 118 (127) 136<br \/>\nHel lengde: (72) 73 (74) 75 (76) 77 cm m\u00e5lt fra oppleggskanten midt bak.<br \/>\nJakken vil sige litt i lengden n\u00e5r den tas i bruk.<br \/>\nErme: ca (38) 39 (40) 41 (42) 43 cm<\/p>\n<p>&nbsp;<\/p>\n<p><strong>GARN OG GARNFORBRUK<\/strong><br \/>\nLett x 4 by Marte Helgetun<br \/>\n(14) 16 (16) 18 (18) 20 n\u00f8ster Lett nr. 06 Skifer<br \/>\nJakken strikkes med 4 tr\u00e5der samtidig.<\/p>\n<p>&nbsp;<\/p>\n<p><strong>PINNER OG STRIKKEFASTHET<\/strong><br \/>\n40 og 80 cm rundpinne nr. 8 og settpinne nr 7 til I-cord kanten<br \/>\nSettepinner nr. 8 til lommer om du ikke benytter lang pinne og Magic Loop<br \/>\n14 masker glattstrikk p\u00e5 pinne nr. 8 = 10 cm i bredden<\/p>\n","protected":false},"excerpt":{"rendered":"<p>N\u00e5 f\u00e5r du bestselgeren v\u00e5r Lett \u00e5 Like Jakken i lang versjon, selvf\u00f8lgelig med lommer. Jakken er strikket med 4 tr\u00e5der Lett samtidig p\u00e5 tykke pinner, og du starter med noen f\u00e5 masker bak i nakken. Jakken har en krage som g\u00e5r litt oppover i nakken slik at den varmer litt ekstra.<\/p>\n<p>&nbsp;<\/p>\n<p>&nbsp;<\/p>\n<p><strong>Norsk og Engelsk oppskrift.<\/strong> Du f\u00e5r tilgang til alle spr\u00e5k som pdf fil ved kj\u00f8p.<\/p>\n","protected":false},"featured_media":70282,"template":"","meta":{"_acf_changed":false,"_relevanssi_hide_post":"","_relevanssi_hide_content":"","_relevanssi_pin_for_all":"","_relevanssi_pin_keywords":"","_relevanssi_unpin_keywords":"","_relevanssi_related_keywords":"","_relevanssi_related_include_ids":"","_relevanssi_related_exclude_ids":"","_relevanssi_related_no_append":"","_relevanssi_related_not_related":"","_relevanssi_related_posts":"","_relevanssi_noindex_reason":""},"product_cat":[60,208],"product_tag":[128,37,281,289,288,134,136],"class_list":{"0":"post-70273","1":"product","2":"type-product","3":"status-publish","4":"has-post-thumbnail","6":"product_cat-strikkeoppskrifter","7":"product_cat-jakke","8":"product_tag-design-by-marte-helgetun","9":"product_tag-lett","10":"product_tag-lett-a-like","11":"product_tag-lett-a-like-jakke","12":"product_tag-lett-a-like-langjakke","13":"product_tag-marte-helgetun","14":"product_tag-strikkeoppskrift","16":"first","17":"instock","18":"downloadable","19":"taxable","20":"shipping-taxable","21":"purchasable","22":"product-type-mht_bundle"},"acf":[],"_links":{"self":[{"href":"https:\/\/martehelgetun.no\/en\/wp-json\/wp\/v2\/product\/70273","targetHints":{"allow":["GET"]}}],"collection":[{"href":"https:\/\/martehelgetun.no\/en\/wp-json\/wp\/v2\/product"}],"about":[{"href":"https:\/\/martehelgetun.no\/en\/wp-json\/wp\/v2\/types\/product"}],"wp:featuredmedia":[{"embeddable":true,"href":"https:\/\/martehelgetun.no\/en\/wp-json\/wp\/v2\/media\/70282"}],"wp:attachment":[{"href":"https:\/\/martehelgetun.no\/en\/wp-json\/wp\/v2\/media?parent=70273"}],"wp:term":[{"taxonomy":"product_cat","embeddable":true,"href":"https:\/\/martehelgetun.no\/en\/wp-json\/wp\/v2\/product_cat?post=70273"},{"taxonomy":"product_tag","embeddable":true,"href":"https:\/\/martehelgetun.no\/en\/wp-json\/wp\/v2\/product_tag?post=70273"}],"curies":[{"name":"wp","href":"https:\/\/api.w.org\/{rel}","templated":true}]}}