{"id":70266,"date":"2024-02-02T15:27:29","date_gmt":"2024-02-02T14:27:29","guid":{"rendered":"http:\/\/martehelgetun.no\/?post_type=product&#038;p=70266"},"modified":"2025-06-10T13:42:44","modified_gmt":"2025-06-10T11:42:44","slug":"2-enkle-halser","status":"publish","type":"product","link":"https:\/\/martehelgetun.no\/en\/produkt\/2-enkle-halser\/","title":{"rendered":"To enkle halser"},"content":{"rendered":"<p><strong>ST\u00d8RRELSER OG M\u00c5L<\/strong><br \/>\nSt\u00f8rrelser: en st\u00f8rrelse<br \/>\nLengde f\u00f8r sammensying: ca 100 cm<\/p>\n<p><strong><br \/>\nGARN OG GARNFORBURK<\/strong><br \/>\n3x Lett by Marte Helgetun<br \/>\nPatentstrikket hals: 3 n\u00f8ster Lett nr. 01 Kitt<br \/>\nStrukturstrikket hals: 3 n\u00f8ster Lett nr. 05 Leire<\/p>\n<p>&nbsp;<\/p>\n<p><strong>PINNER OG STRIKKEFASTHET<\/strong><br \/>\n60-80 cm lang rundpinne nr. 8<br \/>\nStrukturstrikket hals: 14 masker strukturstrikk<br \/>\nmed trippel tr\u00e5d p\u00e5 pinne nr. 8 = 10 cm<br \/>\nPatentstrikket hals: 11 masker patentstrikk<br \/>\nmed trippel tr\u00e5d p\u00e5 pinne nr. 8 = 10 cm<\/p>\n","protected":false},"excerpt":{"rendered":"<p>Her kommer det oppskrifter p\u00e5 2 lette halser. Begge strikkes med trippel tr\u00e5d p\u00e5 pinne nr. 8, slik at det g\u00e5r ganske fort. Du kan velge vanskelighetsgrad selv; strukturstrikken er den enkleste, s\u00e5 f\u00f8lger patenten. Oppskriften finner du b\u00e5de som singeloppskrift og i heftet \u00abHverdagsfavoritter 03 Bj\u00f8rneb\u00e6rkrem\u00bb<\/p>\n<p>&nbsp;<\/p>\n<p>&nbsp;<\/p>\n<p><strong>Norsk og Engelsk oppskrift.<\/strong> Du f\u00e5r tilgang til alle spr\u00e5k som pdf fil ved kj\u00f8p.<\/p>\n","protected":false},"featured_media":70271,"template":"","meta":{"_acf_changed":false,"_relevanssi_hide_post":"","_relevanssi_hide_content":"","_relevanssi_pin_for_all":"","_relevanssi_pin_keywords":"","_relevanssi_unpin_keywords":"","_relevanssi_related_keywords":"","_relevanssi_related_include_ids":"","_relevanssi_related_exclude_ids":"","_relevanssi_related_no_append":"","_relevanssi_related_not_related":"","_relevanssi_related_posts":"","_relevanssi_noindex_reason":""},"product_cat":[60,81],"product_tag":[285,128,259,284,83,37,134,287,136,286],"class_list":{"0":"post-70266","1":"product","2":"type-product","3":"status-publish","4":"has-post-thumbnail","6":"product_cat-strikkeoppskrifter","7":"product_cat-skjerf-sjal-hals","8":"product_tag-2-enkle-halser","9":"product_tag-design-by-marte-helgetun","10":"product_tag-enkel-hals","11":"product_tag-enkle-halser","12":"product_tag-hals","13":"product_tag-lett","14":"product_tag-marte-helgetun","15":"product_tag-patentstrikket-hals","16":"product_tag-strikkeoppskrift","17":"product_tag-strikket-hals","19":"first","20":"instock","21":"downloadable","22":"taxable","23":"shipping-taxable","24":"purchasable","25":"product-type-mht_bundle"},"acf":[],"_links":{"self":[{"href":"https:\/\/martehelgetun.no\/en\/wp-json\/wp\/v2\/product\/70266","targetHints":{"allow":["GET"]}}],"collection":[{"href":"https:\/\/martehelgetun.no\/en\/wp-json\/wp\/v2\/product"}],"about":[{"href":"https:\/\/martehelgetun.no\/en\/wp-json\/wp\/v2\/types\/product"}],"wp:featuredmedia":[{"embeddable":true,"href":"https:\/\/martehelgetun.no\/en\/wp-json\/wp\/v2\/media\/70271"}],"wp:attachment":[{"href":"https:\/\/martehelgetun.no\/en\/wp-json\/wp\/v2\/media?parent=70266"}],"wp:term":[{"taxonomy":"product_cat","embeddable":true,"href":"https:\/\/martehelgetun.no\/en\/wp-json\/wp\/v2\/product_cat?post=70266"},{"taxonomy":"product_tag","embeddable":true,"href":"https:\/\/martehelgetun.no\/en\/wp-json\/wp\/v2\/product_tag?post=70266"}],"curies":[{"name":"wp","href":"https:\/\/api.w.org\/{rel}","templated":true}]}}