{"id":70253,"date":"2024-02-02T15:12:45","date_gmt":"2024-02-02T14:12:45","guid":{"rendered":"http:\/\/martehelgetun.no\/?post_type=product&#038;p=70253"},"modified":"2025-06-10T13:38:30","modified_gmt":"2025-06-10T11:38:30","slug":"enkel-bottelue","status":"publish","type":"product","link":"https:\/\/martehelgetun.no\/en\/produkt\/enkel-bottelue\/","title":{"rendered":"Enkel B\u00f8ttelue"},"content":{"rendered":"<p><strong>ST\u00d8RRELSER OG M\u00c5L<br \/>\n<\/strong>St\u00f8rrelser: en st\u00f8rrelse<\/p>\n<p><strong><br \/>\nGARN OG GARNFORBRUK<\/strong><br \/>\nLunt + 2x Lett by Marte Helgetun<br \/>\n2 n\u00f8ster Lunt nr. 05 Leire<br \/>\n2 n\u00f8ster Lett nr. 05 Leire<br \/>\nHele luen strikkes med 1 tr\u00e5d Lunt og 2 tr\u00e5der Lett sammen.<\/p>\n<p>&nbsp;<\/p>\n<p><strong>PINNER OG STRIKKEFASTHET<br \/>\n<\/strong>Rundpinne 40 cm og settpinner nr. 4,5<br \/>\n20 masker glattstrikk p\u00e5 pinne nr. 4,5 med 1 tr\u00e5d Lunt og<br \/>\n2 tr\u00e5der Lett = 10 cm Husk at luen skal strikkes fast.<\/p>\n","protected":false},"excerpt":{"rendered":"<p>Det er noe veldig sjarmerene med helt enkle b\u00f8tteluer. Denne strikkes ganske s\u00e5 fast nedenfra og opp, med en solid brem og avrundes fint i toppen.<\/p>\n<p>&nbsp;<\/p>\n<p>&nbsp;<\/p>\n<p><strong>Norsk og Engelsk oppskrift.<\/strong> Du f\u00e5r tilgang til alle spr\u00e5k som pdf fil ved kj\u00f8p.<\/p>\n","protected":false},"featured_media":70256,"template":"","meta":{"_acf_changed":false,"_relevanssi_hide_post":"","_relevanssi_hide_content":"","_relevanssi_pin_for_all":"","_relevanssi_pin_keywords":"","_relevanssi_unpin_keywords":"","_relevanssi_related_keywords":"","_relevanssi_related_include_ids":"","_relevanssi_related_exclude_ids":"","_relevanssi_related_no_append":"","_relevanssi_related_not_related":"","_relevanssi_related_posts":"","_relevanssi_noindex_reason":""},"product_cat":[60,401],"product_tag":[276,275,128,283,37,33,134,136,277],"class_list":{"0":"post-70253","1":"product","2":"type-product","3":"status-publish","4":"has-post-thumbnail","6":"product_cat-strikkeoppskrifter","7":"product_cat-lue-panneband","8":"product_tag-bottehatt","9":"product_tag-bottelue","10":"product_tag-design-by-marte-helgetun","11":"product_tag-enkel-bottelue","12":"product_tag-lett","13":"product_tag-lunt","14":"product_tag-marte-helgetun","15":"product_tag-strikkeoppskrift","16":"product_tag-strikket-bottelue","18":"first","19":"instock","20":"downloadable","21":"taxable","22":"shipping-taxable","23":"purchasable","24":"product-type-mht_bundle"},"acf":[],"_links":{"self":[{"href":"https:\/\/martehelgetun.no\/en\/wp-json\/wp\/v2\/product\/70253","targetHints":{"allow":["GET"]}}],"collection":[{"href":"https:\/\/martehelgetun.no\/en\/wp-json\/wp\/v2\/product"}],"about":[{"href":"https:\/\/martehelgetun.no\/en\/wp-json\/wp\/v2\/types\/product"}],"wp:featuredmedia":[{"embeddable":true,"href":"https:\/\/martehelgetun.no\/en\/wp-json\/wp\/v2\/media\/70256"}],"wp:attachment":[{"href":"https:\/\/martehelgetun.no\/en\/wp-json\/wp\/v2\/media?parent=70253"}],"wp:term":[{"taxonomy":"product_cat","embeddable":true,"href":"https:\/\/martehelgetun.no\/en\/wp-json\/wp\/v2\/product_cat?post=70253"},{"taxonomy":"product_tag","embeddable":true,"href":"https:\/\/martehelgetun.no\/en\/wp-json\/wp\/v2\/product_tag?post=70253"}],"curies":[{"name":"wp","href":"https:\/\/api.w.org\/{rel}","templated":true}]}}