{"id":70242,"date":"2024-02-02T15:01:46","date_gmt":"2024-02-02T14:01:46","guid":{"rendered":"http:\/\/martehelgetun.no\/?post_type=product&#038;p=70242"},"modified":"2025-06-10T13:25:19","modified_gmt":"2025-06-10T11:25:19","slug":"lett-a-like-genser","status":"publish","type":"product","link":"https:\/\/martehelgetun.no\/en\/produkt\/lett-a-like-genser\/","title":{"rendered":"Lett \u00e5 like Genser"},"content":{"rendered":"<p><strong>ST\u00d8RRELSER OG M\u00c5L<\/strong><br \/>\nSt\u00f8rrelser: (XS) S (M) L (XL) XXL<br \/>\nOvervidde: (92) 101 (110) 118 (127) 136<br \/>\nHel lengde: (54) 56 (58) 60 (62) 64 cm m\u00e5lt fra oppleggskanten midt bak.<br \/>\nErme: ca (38) 39 (40) 41 (42) 43 cm<\/p>\n<p>&nbsp;<\/p>\n<p><strong>GARN OG GARNFORBRUK<\/strong><br \/>\nLett x 4 by Marte Helgetun<br \/>\nEnsfarget genser 4 like tr\u00e5der samtidig: (10) 12 (12) 14 (14) 16 n\u00f8ster nr. 13 Bj\u00f8rneb\u00e6r<\/p>\n<p>Genser med flere farger:<br \/>\nFarge nr 1: (3) 3 (3) 4 (4) 4 n\u00f8ster<br \/>\nFarge nr 2: (3) 3 (3) 4 (4) 4 n\u00f8ster<br \/>\nFarge nr 3: (3) 3 (3) 4 (4) 4 n\u00f8ster<br \/>\nFarge nr 4: (3) 3 (3) 4 (4) 4 n\u00f8ster<\/p>\n<p>&nbsp;<\/p>\n<p><strong>PINNER OG STRIKKEFASTHET<\/strong><br \/>\n40 og 80 cm rundpinne nr. 8 og settpinne nr 7 til I-cord kanten<br \/>\n14 masker glattstrikk p\u00e5 pinne nr. 8 = 10 cm i bredden<\/p>\n","protected":false},"excerpt":{"rendered":"<p>Lett er et utrolig deilig og fint garn i mohair og silke. Genseren er strikket med 4 tr\u00e5der samtidig p\u00e5 tykke pinner, noe jeg er ganske sikker p\u00e5 jeg kommer til \u00e5 gj\u00f8re igjen. For denne genseren er utrolig lett \u00e5 like. Jeg startet med noen f\u00e5 masker bak i nakken og strikket meg nedover.Genseren har en krage som g\u00e5r litt oppover i nakken slik at den varmer litt ekstra.<\/p>\n<p>&nbsp;<\/p>\n<p>&nbsp;<\/p>\n<p><strong>Norsk og Engelsk oppskrift.<\/strong> Du f\u00e5r tilgang til alle spr\u00e5k som pdf fil ved kj\u00f8p.<\/p>\n","protected":false},"featured_media":70243,"template":"","meta":{"_acf_changed":false,"_relevanssi_hide_post":"","_relevanssi_hide_content":"","_relevanssi_pin_for_all":"","_relevanssi_pin_keywords":"","_relevanssi_unpin_keywords":"","_relevanssi_related_keywords":"","_relevanssi_related_include_ids":"","_relevanssi_related_exclude_ids":"","_relevanssi_related_no_append":"","_relevanssi_related_not_related":"","_relevanssi_related_posts":"","_relevanssi_noindex_reason":""},"product_cat":[60,76],"product_tag":[128,77,37,281,280,134,282,136,272],"class_list":{"0":"post-70242","1":"product","2":"type-product","3":"status-publish","4":"has-post-thumbnail","6":"product_cat-strikkeoppskrifter","7":"product_cat-genser","8":"product_tag-design-by-marte-helgetun","9":"product_tag-genser","10":"product_tag-lett","11":"product_tag-lett-a-like","12":"product_tag-lett-a-like-genser","13":"product_tag-marte-helgetun","14":"product_tag-oversized-genser","15":"product_tag-strikkeoppskrift","16":"product_tag-strikket-genser","18":"first","19":"instock","20":"downloadable","21":"taxable","22":"shipping-taxable","23":"purchasable","24":"product-type-mht_bundle"},"acf":[],"_links":{"self":[{"href":"https:\/\/martehelgetun.no\/en\/wp-json\/wp\/v2\/product\/70242","targetHints":{"allow":["GET"]}}],"collection":[{"href":"https:\/\/martehelgetun.no\/en\/wp-json\/wp\/v2\/product"}],"about":[{"href":"https:\/\/martehelgetun.no\/en\/wp-json\/wp\/v2\/types\/product"}],"wp:featuredmedia":[{"embeddable":true,"href":"https:\/\/martehelgetun.no\/en\/wp-json\/wp\/v2\/media\/70243"}],"wp:attachment":[{"href":"https:\/\/martehelgetun.no\/en\/wp-json\/wp\/v2\/media?parent=70242"}],"wp:term":[{"taxonomy":"product_cat","embeddable":true,"href":"https:\/\/martehelgetun.no\/en\/wp-json\/wp\/v2\/product_cat?post=70242"},{"taxonomy":"product_tag","embeddable":true,"href":"https:\/\/martehelgetun.no\/en\/wp-json\/wp\/v2\/product_tag?post=70242"}],"curies":[{"name":"wp","href":"https:\/\/api.w.org\/{rel}","templated":true}]}}