{"id":70223,"date":"2024-02-02T14:49:35","date_gmt":"2024-02-02T13:49:35","guid":{"rendered":"http:\/\/martehelgetun.no\/?post_type=product&#038;p=70223"},"modified":"2025-06-10T13:25:14","modified_gmt":"2025-06-10T11:25:14","slug":"storkosegenser","status":"publish","type":"product","link":"https:\/\/martehelgetun.no\/en\/produkt\/storkosegenser\/","title":{"rendered":"Storkosegenser"},"content":{"rendered":"<p><strong>ST\u00d8RRELSER OG M\u00c5L<\/strong><br \/>\nSt\u00f8rrelser: (XS) S (M) L (XL) XXL<br \/>\nOvervidde: (100) 110 (120) 130 (140) 150 cm<br \/>\nHel lengde: m\u00e5lt fra under halskanten<br \/>\nLang genser: (64) 66 (68) 70 (72) 74 cm<br \/>\nKort genser: (46) 48 (50) 52 (54) 56 cm<br \/>\nErmelengde: (45) 46 (47) 48 (49) 50 cm<br \/>\n(m\u00e5lt uten oppbrett)<\/p>\n<p>&nbsp;<\/p>\n<p><strong>GARN OG GARNFORBRUK<\/strong><br \/>\nLuftig + Lett by Marte Helgetun<br \/>\n<em>Lang genser:<\/em><br \/>\n(5) 5 (6) 6 (7) 8 n\u00f8ster Luftig nr. 13 Bj\u00f8rneb\u00e6r<br \/>\n(5) 5 (6) 6 (7) 8 n\u00f8ster Lett nr. 13 Bj\u00f8rneb\u00e6r<br \/>\n<em>Kort genser:<\/em><strong><br \/>\n<\/strong>(4) 4 (5) 5 (6) 7 n\u00f8ster Luftig nr. 05 Leire<br \/>\n(4) 4 (5) 5 (6) 7 n\u00f8ster Lett nr. 05 Leire<\/p>\n<p>Hele genseren strikkes med en tr\u00e5d av hver kvalitet<\/p>\n<p>&nbsp;<\/p>\n<p><strong>PINNER OG STRIKKEFASTHET<\/strong><br \/>\n80 og 40 cm rundpinne nr. 5 og 6<br \/>\nSettpinner nr. 5 og 6 (hvis du ikke strikker magic loop)<br \/>\n17 masker glattstrikk med en tr\u00e5d av hver kvalitet p\u00e5<br \/>\npinne nr. 6 = 10 cm i bredden<\/p>\n","protected":false},"excerpt":{"rendered":"<p>Dette er genseren som du vil stjele fra kj\u00e6resten din fordi den er s\u00e5 stor og god. N\u00e5 f\u00e5r du din egen. Genseren er stor i st\u00f8rrelsen og vi har laget b\u00e5de kort og lang variant av den. Den lange varianten er strikket i fargen Bj\u00f8rneb\u00e6r. Den korte er strikket i fargen Leire.<\/p>\n<p>NB! Du har nok garn til \u00e5 strikke den lange gensere i materialpakken. \u00d8nsker du kort versjon trekker du fra ett n\u00f8ste n\u00e5r du bestiller.<\/p>\n<p>&nbsp;<\/p>\n<p>&nbsp;<\/p>\n<p><strong>Norsk og Engelsk oppskrift.<\/strong> Du f\u00e5r tilgang til alle spr\u00e5k som pdf fil ved kj\u00f8p.<\/p>\n","protected":false},"featured_media":70238,"template":"","meta":{"_acf_changed":false,"_relevanssi_hide_post":"","_relevanssi_hide_content":"","_relevanssi_pin_for_all":"","_relevanssi_pin_keywords":"","_relevanssi_unpin_keywords":"","_relevanssi_related_keywords":"","_relevanssi_related_include_ids":"","_relevanssi_related_exclude_ids":"","_relevanssi_related_no_append":"","_relevanssi_related_not_related":"","_relevanssi_related_posts":"","_relevanssi_noindex_reason":""},"product_cat":[60,76],"product_tag":[128,37,36,134,278,136,272],"class_list":{"0":"post-70223","1":"product","2":"type-product","3":"status-publish","4":"has-post-thumbnail","6":"product_cat-strikkeoppskrifter","7":"product_cat-genser","8":"product_tag-design-by-marte-helgetun","9":"product_tag-lett","10":"product_tag-luftig","11":"product_tag-marte-helgetun","12":"product_tag-storkosegenser","13":"product_tag-strikkeoppskrift","14":"product_tag-strikket-genser","16":"first","17":"instock","18":"downloadable","19":"taxable","20":"shipping-taxable","21":"purchasable","22":"product-type-mht_bundle"},"acf":[],"_links":{"self":[{"href":"https:\/\/martehelgetun.no\/en\/wp-json\/wp\/v2\/product\/70223","targetHints":{"allow":["GET"]}}],"collection":[{"href":"https:\/\/martehelgetun.no\/en\/wp-json\/wp\/v2\/product"}],"about":[{"href":"https:\/\/martehelgetun.no\/en\/wp-json\/wp\/v2\/types\/product"}],"wp:featuredmedia":[{"embeddable":true,"href":"https:\/\/martehelgetun.no\/en\/wp-json\/wp\/v2\/media\/70238"}],"wp:attachment":[{"href":"https:\/\/martehelgetun.no\/en\/wp-json\/wp\/v2\/media?parent=70223"}],"wp:term":[{"taxonomy":"product_cat","embeddable":true,"href":"https:\/\/martehelgetun.no\/en\/wp-json\/wp\/v2\/product_cat?post=70223"},{"taxonomy":"product_tag","embeddable":true,"href":"https:\/\/martehelgetun.no\/en\/wp-json\/wp\/v2\/product_tag?post=70223"}],"curies":[{"name":"wp","href":"https:\/\/api.w.org\/{rel}","templated":true}]}}