{"id":70184,"date":"2024-02-02T14:33:50","date_gmt":"2024-02-02T13:33:50","guid":{"rendered":"http:\/\/martehelgetun.no\/?post_type=product&#038;p=70184"},"modified":"2025-06-10T13:38:28","modified_gmt":"2025-06-10T11:38:28","slug":"pa-rett-spor-bottelue","status":"publish","type":"product","link":"https:\/\/martehelgetun.no\/en\/produkt\/pa-rett-spor-bottelue\/","title":{"rendered":"P\u00e5 rett spor B\u00f8ttelue"},"content":{"rendered":"<p><strong>ST\u00d8RRELSER OG M\u00c5L<\/strong><br \/>\nSt\u00f8rrelser: en st\u00f8rrelse<\/p>\n<p>&nbsp;<\/p>\n<p><strong>GARN OG GARNFORBRUK<\/strong><br \/>\nLunt + 2x Lett by Marte Helgetun<br \/>\n2 n\u00f8ster Lunt nr. 13 Bj\u00f8rneb\u00e6r<br \/>\n2 n\u00f8ster Lett nr. 13 Bj\u00f8rneb\u00e6r<br \/>\nHele luen strikkes med 1 tr\u00e5d Lunt og 2 tr\u00e5der Lett sammen.<\/p>\n<p>&nbsp;<\/p>\n<p><strong>PINNER OG STRIKKEFASTHET<\/strong><br \/>\nRundpinne 40 cm og settpinner nr. 4,5<br \/>\n20 masker glattstrikk p\u00e5 pinne nr. 4,5 med 1 tr\u00e5d Lunt og 2 tr\u00e5der lett = 10 cm Husk at luen skal strikkes fast.<\/p>\n","protected":false},"excerpt":{"rendered":"<p>Det er noe veldig sjarmerene med helt enkle b\u00f8tteluer. Denne strikkes ganske s\u00e5 fast nedenfra og opp, med en solid brem og avrundes fint i toppen. Storfavoritten v\u00e5r \u201cP\u00e5 rett spor sjalet\u201d blir skikkelig fint sammen med denne lua, her tar vi igjen strukturen fra sjalet.<\/p>\n<p>&nbsp;<\/p>\n<p>&nbsp;<\/p>\n<p><strong>Norsk og Engelsk oppskrift.<\/strong> Du f\u00e5r tilgang til alle spr\u00e5k som pdf fil ved kj\u00f8p.<\/p>\n","protected":false},"featured_media":69954,"template":"","meta":{"_acf_changed":false,"_relevanssi_hide_post":"","_relevanssi_hide_content":"","_relevanssi_pin_for_all":"","_relevanssi_pin_keywords":"","_relevanssi_unpin_keywords":"","_relevanssi_related_keywords":"","_relevanssi_related_include_ids":"","_relevanssi_related_exclude_ids":"","_relevanssi_related_no_append":"","_relevanssi_related_not_related":"","_relevanssi_related_posts":"","_relevanssi_noindex_reason":""},"product_cat":[60,401],"product_tag":[276,275,128,37,171,33,134,274,136,277],"acf":[],"_links":{"self":[{"href":"https:\/\/martehelgetun.no\/en\/wp-json\/wp\/v2\/product\/70184"}],"collection":[{"href":"https:\/\/martehelgetun.no\/en\/wp-json\/wp\/v2\/product"}],"about":[{"href":"https:\/\/martehelgetun.no\/en\/wp-json\/wp\/v2\/types\/product"}],"wp:featuredmedia":[{"embeddable":true,"href":"https:\/\/martehelgetun.no\/en\/wp-json\/wp\/v2\/media\/69954"}],"wp:attachment":[{"href":"https:\/\/martehelgetun.no\/en\/wp-json\/wp\/v2\/media?parent=70184"}],"wp:term":[{"taxonomy":"product_cat","embeddable":true,"href":"https:\/\/martehelgetun.no\/en\/wp-json\/wp\/v2\/product_cat?post=70184"},{"taxonomy":"product_tag","embeddable":true,"href":"https:\/\/martehelgetun.no\/en\/wp-json\/wp\/v2\/product_tag?post=70184"}],"curies":[{"name":"wp","href":"https:\/\/api.w.org\/{rel}","templated":true}]}}