{"id":70134,"date":"2024-02-02T14:12:43","date_gmt":"2024-02-02T13:12:43","guid":{"rendered":"http:\/\/martehelgetun.no\/?post_type=product&#038;p=70134"},"modified":"2025-06-10T13:10:34","modified_gmt":"2025-06-10T11:10:34","slug":"luksus-hostjakke","status":"publish","type":"product","link":"https:\/\/martehelgetun.no\/en\/produkt\/luksus-hostjakke\/","title":{"rendered":"Luksus H\u00f8stjakke"},"content":{"rendered":"<p><strong>ST\u00d8RRELSER OG M\u00c5L<\/strong><br \/>\nSt\u00f8rrelse: S (M) L (XL) XXL<br \/>\nOvervidde: 100 (110) 120 (130) 140 cm + litt ekstra krage foran<br \/>\nHel lengde: ca 63 (65) 68 (70) 72 cm<br \/>\nErmlengde: 42 (42) 42 (42) 42 cm<\/p>\n<p>&nbsp;<\/p>\n<p><strong>GARN OG GARNFORBRUK<\/strong><br \/>\nLunt og Lunt Fargespill + Lett by Marte Helgetun<br \/>\n1 n\u00f8ste Fargespill nr. 06 H\u00f8st<br \/>\n4 (5) 6 (7) 8 n\u00f8ster Lunt nr. 01 Kitt<br \/>\n6 (7) 8 (9) 10 n\u00f8ster Lett nr. 01 Kitt<\/p>\n<p>&nbsp;<\/p>\n<p><strong>PINNER OG STRIKKEFASTHET<\/strong><br \/>\n80 cm rundpinne nr. 4,5 (nr. 5 til opplegg) (nr. 3.5 til ermekant)<br \/>\n16 masker patentstrikk med en tr\u00e5d av hver kvalitet p\u00e5 pinne nr. 4,5 = 10 cm<\/p>\n","protected":false},"excerpt":{"rendered":"<div>\n<p>Innimellom skal man unne seg litt luksus. Denne jakken er strikket med en tr\u00e5d Lett\u00a0sammen med Lunt Fargespill eller Lunt. Da vi skulle lage garnet Lunt Fargespill hadde jeg sett for meg \u00e5\u00a0kombinere ensfargede n\u00f8ster sammen med graderingene. Dette gav oss en mulighet til ogs\u00e5\u00a0\u00e5 strikke st\u00f8rre plagg i dette fantastiske garnet. Jakken strikkes fram og tilbake, ovenfra og ned og du\u00a0starter med noen f\u00e5 masker bak i nakken.<\/p>\n<p>&nbsp;<\/p>\n<p><strong>Norsk og Engelsk oppskrift.<\/strong> Du f\u00e5r tilgang til alle spr\u00e5k som pdf fil ved kj\u00f8p.<\/p>\n<\/div>\n","protected":false},"featured_media":70147,"template":"","meta":{"_acf_changed":false,"_relevanssi_hide_post":"","_relevanssi_hide_content":"","_relevanssi_pin_for_all":"","_relevanssi_pin_keywords":"","_relevanssi_unpin_keywords":"","_relevanssi_related_keywords":"","_relevanssi_related_include_ids":"","_relevanssi_related_exclude_ids":"","_relevanssi_related_no_append":"","_relevanssi_related_not_related":"","_relevanssi_related_posts":"","_relevanssi_noindex_reason":""},"product_cat":[60,86,208],"product_tag":[128,270,37,269,33,28,134,136,268,267],"class_list":{"0":"post-70134","1":"product","2":"type-product","3":"status-publish","4":"has-post-thumbnail","6":"product_cat-strikkeoppskrifter","7":"product_cat-fargespill","8":"product_cat-jakke","9":"product_tag-design-by-marte-helgetun","10":"product_tag-hostjakke","11":"product_tag-lett","12":"product_tag-luksus-hostjakke","13":"product_tag-lunt","14":"product_tag-lunt-fargespill","15":"product_tag-marte-helgetun","16":"product_tag-strikkeoppskrift","17":"product_tag-strikket-cardigan","18":"product_tag-strikket-jakke","20":"first","21":"instock","22":"downloadable","23":"taxable","24":"shipping-taxable","25":"purchasable","26":"product-type-mht_bundle"},"acf":[],"_links":{"self":[{"href":"https:\/\/martehelgetun.no\/en\/wp-json\/wp\/v2\/product\/70134","targetHints":{"allow":["GET"]}}],"collection":[{"href":"https:\/\/martehelgetun.no\/en\/wp-json\/wp\/v2\/product"}],"about":[{"href":"https:\/\/martehelgetun.no\/en\/wp-json\/wp\/v2\/types\/product"}],"wp:featuredmedia":[{"embeddable":true,"href":"https:\/\/martehelgetun.no\/en\/wp-json\/wp\/v2\/media\/70147"}],"wp:attachment":[{"href":"https:\/\/martehelgetun.no\/en\/wp-json\/wp\/v2\/media?parent=70134"}],"wp:term":[{"taxonomy":"product_cat","embeddable":true,"href":"https:\/\/martehelgetun.no\/en\/wp-json\/wp\/v2\/product_cat?post=70134"},{"taxonomy":"product_tag","embeddable":true,"href":"https:\/\/martehelgetun.no\/en\/wp-json\/wp\/v2\/product_tag?post=70134"}],"curies":[{"name":"wp","href":"https:\/\/api.w.org\/{rel}","templated":true}]}}