{"id":70107,"date":"2024-02-02T13:19:08","date_gmt":"2024-02-02T12:19:08","guid":{"rendered":"http:\/\/martehelgetun.no\/?post_type=product&#038;p=70107"},"modified":"2025-06-10T13:29:21","modified_gmt":"2025-06-10T11:29:21","slug":"luksus-jakke","status":"publish","type":"product","link":"https:\/\/martehelgetun.no\/en\/produkt\/luksus-jakke\/","title":{"rendered":"Luksus Jakke"},"content":{"rendered":"<p><strong>ST\u00d8RRELSER OG M\u00c5L<\/strong><br \/>\nSt\u00f8rrelse: S (M) L (XL) XXL<br \/>\nOvervidde: 100 (110) 120 (130) 140 cm + litt ekstra krage foran<br \/>\nHel lengde: ca 53 (55) 57 (59) 61 cm (M\u00e5l fra oppleggskanten bak i nakken)<br \/>\nErmlengde: 40 (40) 40 (40) 40 cm<\/p>\n<p>&nbsp;<\/p>\n<p><strong>GARN OG GARNFORBRUK<\/strong><br \/>\nLunt \u00a0+ Lett by Marte Helgetun<br \/>\n6 (7) 8 (9) 10 n\u00f8ster Lunt nr. 04 Cappuccino<br \/>\n5 (6) 7 (8) 9 n\u00f8ster Lett nr. 04 Cappuccino<\/p>\n<p>&nbsp;<\/p>\n<p><strong>PINNER OG STRIKKEFASTHET<\/strong><br \/>\n80 cm rundpinne nr. 4,5 (nr. 5 til opplegg) (nr. 3.5 til ermekant)<br \/>\n16 masker patentstrikk med en tr\u00e5d av hver kvalitet p\u00e5 pinne nr. 4,5 = 10 cm<\/p>\n","protected":false},"excerpt":{"rendered":"<p>Innimellom skal man unne seg litt luksus. Denne jakken er strikket med en tr\u00e5d Lett sammen med en tr\u00e5d Lunt. Den eksklusive fargen og kvaliteten p\u00e5 garnet gir denne jakken det lille ekstra.\u00a0Dette er en litt mindre variant av Luksus H\u00f8stjakke i Fargespill. Jakken strikkes fram og tilbake, ovenfra og ned og du\u00a0starter med noen f\u00e5 masker bak i nakken.<\/p>\n<p>&nbsp;<\/p>\n<p>&nbsp;<\/p>\n<p><strong>Norsk og Engelsk oppskrift.<\/strong> Du f\u00e5r tilgang til alle spr\u00e5k som pdf fil ved kj\u00f8p.<\/p>\n","protected":false},"featured_media":81256,"template":"","meta":{"_acf_changed":false,"_relevanssi_hide_post":"","_relevanssi_hide_content":"","_relevanssi_pin_for_all":"","_relevanssi_pin_keywords":"","_relevanssi_unpin_keywords":"","_relevanssi_related_keywords":"","_relevanssi_related_include_ids":"","_relevanssi_related_exclude_ids":"","_relevanssi_related_no_append":"","_relevanssi_related_not_related":"","_relevanssi_related_posts":"","_relevanssi_noindex_reason":""},"product_cat":[60,208],"product_tag":[237,128,211,37,266,33,134,136,268,267],"class_list":{"0":"post-70107","1":"product","2":"type-product","3":"status-publish","4":"has-post-thumbnail","6":"product_cat-strikkeoppskrifter","7":"product_cat-jakke","8":"product_tag-cardigan","9":"product_tag-design-by-marte-helgetun","10":"product_tag-jakke","11":"product_tag-lett","12":"product_tag-luksus-jakke","13":"product_tag-lunt","14":"product_tag-marte-helgetun","15":"product_tag-strikkeoppskrift","16":"product_tag-strikket-cardigan","17":"product_tag-strikket-jakke","19":"first","20":"instock","21":"downloadable","22":"taxable","23":"shipping-taxable","24":"purchasable","25":"product-type-mht_bundle"},"acf":[],"_links":{"self":[{"href":"https:\/\/martehelgetun.no\/en\/wp-json\/wp\/v2\/product\/70107","targetHints":{"allow":["GET"]}}],"collection":[{"href":"https:\/\/martehelgetun.no\/en\/wp-json\/wp\/v2\/product"}],"about":[{"href":"https:\/\/martehelgetun.no\/en\/wp-json\/wp\/v2\/types\/product"}],"wp:featuredmedia":[{"embeddable":true,"href":"https:\/\/martehelgetun.no\/en\/wp-json\/wp\/v2\/media\/81256"}],"wp:attachment":[{"href":"https:\/\/martehelgetun.no\/en\/wp-json\/wp\/v2\/media?parent=70107"}],"wp:term":[{"taxonomy":"product_cat","embeddable":true,"href":"https:\/\/martehelgetun.no\/en\/wp-json\/wp\/v2\/product_cat?post=70107"},{"taxonomy":"product_tag","embeddable":true,"href":"https:\/\/martehelgetun.no\/en\/wp-json\/wp\/v2\/product_tag?post=70107"}],"curies":[{"name":"wp","href":"https:\/\/api.w.org\/{rel}","templated":true}]}}