{"id":70086,"date":"2024-02-02T13:07:33","date_gmt":"2024-02-02T12:07:33","guid":{"rendered":"http:\/\/martehelgetun.no\/?post_type=product&#038;p=70086"},"modified":"2026-04-09T10:50:46","modified_gmt":"2026-04-09T08:50:46","slug":"sunny-slipover","status":"publish","type":"product","link":"https:\/\/martehelgetun.no\/en\/produkt\/sunny-slipover\/","title":{"rendered":"Sunny Slipover"},"content":{"rendered":"<p><strong>ST\u00d8RRELSER OG M\u00c5L<\/strong><br \/>\nSt\u00f8rrelser: (XS) S (M) L (XL) XXL<br \/>\nOvervidde: (100) 104 (108) 112 (116) 120 cm<br \/>\nHel lengde: (50) 52 (54) 58 (62) 66 cm<\/p>\n<p>&nbsp;<\/p>\n<p><strong>GARN OG GARNFORBRUK<\/strong><br \/>\n(6) 7 (8) 9 (10) 11 n\u00f8ster Line, Lys lin nr. 2331<br \/>\n(3) 4 (4) 5 (5) 6 n\u00f8ster Lett nr. 01 Kitt<\/p>\n<p>&nbsp;<\/p>\n<p><strong>TILBEH\u00d8R<\/strong><br \/>\n2 skinntrykknapper<\/p>\n<p><strong><br \/>\nPINNE OG STRIKKEFASTHET<\/strong><br \/>\nRundpinne 80 cm lang nr. 5 og 4 og 40 cm nr. 4<br \/>\nHa gjerne en ekstra pinne eller vaier, slik at det blir lettere for deg \u00e5 strikke for- og bakstykkene.<br \/>\n20 masker strukturstrikk med en tr\u00e5d av hver kvalitet\u00a0p\u00e5 pinne nr. 5 = 10 cm<\/p>\n","protected":false},"excerpt":{"rendered":"<div>\n<p>Denne vesten strikket jeg med en tr\u00e5d Line og en tr\u00e5d Lett og den ble akkurat passe varm til litt svale sommerkvelder. Bruk den gjerne til kortermet kjole eller med en skjorte under.\u00a0Vesten strikkes ovenfra og ned, fram og tilbake, med en tr\u00e5d av hver kvalitet og du starter med noen f\u00e5 masker bak i nakken. Dette er en vest du lukker i siden med en trykknapp.<\/p>\n<p>&nbsp;<\/p>\n<p><strong>Norsk og Engelsk oppskrift.<\/strong> Du f\u00e5r tilgang til alle spr\u00e5k som pdf fil ved kj\u00f8p.<\/p>\n<\/div>\n","protected":false},"featured_media":70091,"template":"","meta":{"_acf_changed":false,"_relevanssi_hide_post":"","_relevanssi_hide_content":"","_relevanssi_pin_for_all":"","_relevanssi_pin_keywords":"","_relevanssi_unpin_keywords":"","_relevanssi_related_keywords":"","_relevanssi_related_include_ids":"","_relevanssi_related_exclude_ids":"","_relevanssi_related_no_append":"","_relevanssi_related_not_related":"","_relevanssi_related_posts":"","_relevanssi_noindex_reason":""},"product_cat":[60,734,279],"product_tag":[128,37,43,134,263,136,265,262,264],"class_list":{"0":"post-70086","1":"product","2":"type-product","3":"status-publish","4":"has-post-thumbnail","6":"product_cat-strikkeoppskrifter","7":"product_cat-sommerstrikk","8":"product_cat-topp","9":"product_tag-design-by-marte-helgetun","10":"product_tag-lett","11":"product_tag-line","12":"product_tag-marte-helgetun","13":"product_tag-slipover","14":"product_tag-strikkeoppskrift","15":"product_tag-strikket-topp","16":"product_tag-sunny-slipover","17":"product_tag-vest","19":"first","20":"instock","21":"downloadable","22":"taxable","23":"shipping-taxable","24":"purchasable","25":"product-type-mht_bundle"},"acf":[],"_links":{"self":[{"href":"https:\/\/martehelgetun.no\/en\/wp-json\/wp\/v2\/product\/70086","targetHints":{"allow":["GET"]}}],"collection":[{"href":"https:\/\/martehelgetun.no\/en\/wp-json\/wp\/v2\/product"}],"about":[{"href":"https:\/\/martehelgetun.no\/en\/wp-json\/wp\/v2\/types\/product"}],"wp:featuredmedia":[{"embeddable":true,"href":"https:\/\/martehelgetun.no\/en\/wp-json\/wp\/v2\/media\/70091"}],"wp:attachment":[{"href":"https:\/\/martehelgetun.no\/en\/wp-json\/wp\/v2\/media?parent=70086"}],"wp:term":[{"taxonomy":"product_cat","embeddable":true,"href":"https:\/\/martehelgetun.no\/en\/wp-json\/wp\/v2\/product_cat?post=70086"},{"taxonomy":"product_tag","embeddable":true,"href":"https:\/\/martehelgetun.no\/en\/wp-json\/wp\/v2\/product_tag?post=70086"}],"curies":[{"name":"wp","href":"https:\/\/api.w.org\/{rel}","templated":true}]}}