{"id":70059,"date":"2024-02-02T12:51:33","date_gmt":"2024-02-02T11:51:33","guid":{"rendered":"http:\/\/martehelgetun.no\/?post_type=product&#038;p=70059"},"modified":"2025-06-10T13:29:17","modified_gmt":"2025-06-10T11:29:17","slug":"pa-rett-spor-jakke","status":"publish","type":"product","link":"https:\/\/martehelgetun.no\/en\/product\/pa-rett-spor-jakke\/","title":{"rendered":"P\u00e5 rett spor Jakke"},"content":{"rendered":"<p><strong>ST\u00d8RRELSER OG M\u00c5L<\/strong><br \/>\nSt\u00f8rrelser: (XS) S (M) L (XL) XXL<br \/>\nOvervidde: (88) 98 (108) 118 (128) 138 cm<br \/>\nHel lengde: (45) 47 (49) 51 (53) 55 cm<br \/>\nM\u00e5lt fra oppleggskanten bak i nakken<br \/>\nErmer: (45) 46 (47) 48 (49) 50 cm<\/p>\n<p>&nbsp;<\/p>\n<p><strong>GARN OG GARNFORBRUK<\/strong><br \/>\nLunt + Lett by Marte Helgetun<br \/>\n(6) 6 (7) 8 (9) 10 n\u00f8ster Lunt nr. 01 Kitt<br \/>\n(5) 5 (6) 7 (8) 9 n\u00f8ster Lett nr. 01 Kitt<\/p>\n<p>&nbsp;<\/p>\n<p><strong>TILBEH\u00d8R<\/strong><br \/>\n3 Skinntrykknapper i natur<\/p>\n<p>&nbsp;<\/p>\n<p><strong>PINNER OG STRIKKEFASTHET<\/strong><br \/>\n80 og 40 cm rundpinne nr. 4 og 4,5<br \/>\nSettpinner nr. 4 og 4,5 dersom du ikke\u00a0bruker magic loop<br \/>\n21 masker glattstrikk p\u00e5pinne nr. 4,5\u00a0= 10 cm i bredden<\/p>\n","protected":false},"excerpt":{"rendered":"<p>Denne jakken er g\u00f8y \u00e5 strikke. Du starter med noen\u00a0masker bak i nakken og strikker deg nedover. Slik kan\u00a0du enkelt pr\u00f8ve p\u00e5 og tilpasse lengden p\u00e5 ermer og\u00a0jakke slik at den blir akkurat slik du \u00f8nsker den.<\/p>\n<p>&nbsp;<\/p>\n<p>&nbsp;<\/p>\n<p><strong>Norsk og Engelsk oppskrift.<\/strong> Du f\u00e5r tilgang til alle spr\u00e5k som pdf fil ved kj\u00f8p.<\/p>\n","protected":false},"featured_media":77821,"template":"","meta":{"_acf_changed":false,"_relevanssi_hide_post":"","_relevanssi_hide_content":"","_relevanssi_pin_for_all":"","_relevanssi_pin_keywords":"","_relevanssi_unpin_keywords":"","_relevanssi_related_keywords":"","_relevanssi_related_include_ids":"","_relevanssi_related_exclude_ids":"","_relevanssi_related_no_append":"","_relevanssi_related_not_related":"","_relevanssi_related_posts":"","_relevanssi_noindex_reason":""},"product_brand":[],"product_cat":[208,60],"product_tag":[237,128,211,37,33,134,248,261,136],"class_list":{"0":"post-70059","1":"product","2":"type-product","3":"status-publish","4":"has-post-thumbnail","6":"product_cat-jakke","7":"product_cat-strikkeoppskrifter","8":"product_tag-cardigan","9":"product_tag-design-by-marte-helgetun","10":"product_tag-jakke","11":"product_tag-lett","12":"product_tag-lunt","13":"product_tag-marte-helgetun","14":"product_tag-pa-rett-spor","15":"product_tag-pa-rett-spor-jakke","16":"product_tag-strikkeoppskrift","18":"first","19":"instock","20":"downloadable","21":"taxable","22":"shipping-taxable","23":"purchasable","24":"product-type-mht_bundle"},"acf":[],"_links":{"self":[{"href":"https:\/\/martehelgetun.no\/en\/wp-json\/wp\/v2\/product\/70059","targetHints":{"allow":["GET"]}}],"collection":[{"href":"https:\/\/martehelgetun.no\/en\/wp-json\/wp\/v2\/product"}],"about":[{"href":"https:\/\/martehelgetun.no\/en\/wp-json\/wp\/v2\/types\/product"}],"wp:featuredmedia":[{"embeddable":true,"href":"https:\/\/martehelgetun.no\/en\/wp-json\/wp\/v2\/media\/77821"}],"wp:attachment":[{"href":"https:\/\/martehelgetun.no\/en\/wp-json\/wp\/v2\/media?parent=70059"}],"wp:term":[{"taxonomy":"product_brand","embeddable":true,"href":"https:\/\/martehelgetun.no\/en\/wp-json\/wp\/v2\/product_brand?post=70059"},{"taxonomy":"product_cat","embeddable":true,"href":"https:\/\/martehelgetun.no\/en\/wp-json\/wp\/v2\/product_cat?post=70059"},{"taxonomy":"product_tag","embeddable":true,"href":"https:\/\/martehelgetun.no\/en\/wp-json\/wp\/v2\/product_tag?post=70059"}],"curies":[{"name":"wp","href":"https:\/\/api.w.org\/{rel}","templated":true}]}}