{"id":70052,"date":"2024-02-02T12:19:47","date_gmt":"2024-02-02T11:19:47","guid":{"rendered":"http:\/\/martehelgetun.no\/?post_type=product&#038;p=70052"},"modified":"2025-04-24T12:37:02","modified_gmt":"2025-04-24T10:37:02","slug":"superenkel-rullehals","status":"publish","type":"product","link":"https:\/\/martehelgetun.no\/en\/produkt\/superenkel-rullehals\/","title":{"rendered":"Superenkel rullehals"},"content":{"rendered":"<div id=\"EditorContentContainer\" class=\"EditorContentContainer \">\n<p><strong>ST\u00d8RRELSER OG M\u00c5L<\/strong><br \/>\nSt\u00f8rrelser: en st\u00f8rrelse<br \/>\nLengde: ca. 44 cm<br \/>\nVidde: ca. 28 cm<\/p>\n<p>&nbsp;<\/p>\n<p><strong>GARN OG GARNFORBRUK<\/strong><br \/>\nLuftig + Lett by Marte Helgetun<br \/>\n1 n\u00f8ste Luftig nr. 02 Lysegr\u00e5 melert<br \/>\n1 n\u00f8ste Lett nr. 01 Kitt<\/p>\n<p>&nbsp;<\/p>\n<p><strong>PINNER OG STRIKKEFASTHET<\/strong><br \/>\n40 cm rundpinne nr. 6<br \/>\n18 masker glattstrikk p\u00e5 pinne nr. 6 = 10 cm<\/p>\n<\/div>\n<section class=\"download-pattern-wrapper\">\u00a0<\/section>\n","protected":false},"excerpt":{"rendered":"<p>Dette er en helt fantastisk enkel hals \u00e5 strikke, og ikke minst nydelig \u00e5 ha p\u00e5.\u00a0Strikk en til deg selv eller til kj\u00e6resten din.\u00a0Det perfekte nybegynnerprosjekt.<\/p>\n<p>&nbsp;<\/p>\n<p>&nbsp;<\/p>\n<p><strong>Norsk og Engelsk oppskrift.<\/strong> Du f\u00e5r tilgang til alle spr\u00e5k som pdf fil ved kj\u00f8p.<\/p>\n","protected":false},"featured_media":70053,"template":"","meta":{"_acf_changed":false,"_relevanssi_hide_post":"","_relevanssi_hide_content":"","_relevanssi_pin_for_all":"","_relevanssi_pin_keywords":"","_relevanssi_unpin_keywords":"","_relevanssi_related_keywords":"","_relevanssi_related_include_ids":"","_relevanssi_related_exclude_ids":"","_relevanssi_related_no_append":"","_relevanssi_related_not_related":"","_relevanssi_related_posts":"","_relevanssi_noindex_reason":""},"product_cat":[60,735,81],"product_tag":[128,259,83,37,36,134,260,136,258],"class_list":{"0":"post-70052","1":"product","2":"type-product","3":"status-publish","4":"has-post-thumbnail","6":"product_cat-strikkeoppskrifter","7":"product_cat-gratis-oppskrifter","8":"product_cat-skjerf-sjal-hals","9":"product_tag-design-by-marte-helgetun","10":"product_tag-enkel-hals","11":"product_tag-hals","12":"product_tag-lett","13":"product_tag-luftig","14":"product_tag-marte-helgetun","15":"product_tag-rullehals","16":"product_tag-strikkeoppskrift","17":"product_tag-superenkel-rullehals","19":"first","20":"instock","21":"downloadable","22":"taxable","23":"shipping-taxable","24":"purchasable","25":"product-type-mht_bundle"},"acf":[],"_links":{"self":[{"href":"https:\/\/martehelgetun.no\/en\/wp-json\/wp\/v2\/product\/70052","targetHints":{"allow":["GET"]}}],"collection":[{"href":"https:\/\/martehelgetun.no\/en\/wp-json\/wp\/v2\/product"}],"about":[{"href":"https:\/\/martehelgetun.no\/en\/wp-json\/wp\/v2\/types\/product"}],"wp:featuredmedia":[{"embeddable":true,"href":"https:\/\/martehelgetun.no\/en\/wp-json\/wp\/v2\/media\/70053"}],"wp:attachment":[{"href":"https:\/\/martehelgetun.no\/en\/wp-json\/wp\/v2\/media?parent=70052"}],"wp:term":[{"taxonomy":"product_cat","embeddable":true,"href":"https:\/\/martehelgetun.no\/en\/wp-json\/wp\/v2\/product_cat?post=70052"},{"taxonomy":"product_tag","embeddable":true,"href":"https:\/\/martehelgetun.no\/en\/wp-json\/wp\/v2\/product_tag?post=70052"}],"curies":[{"name":"wp","href":"https:\/\/api.w.org\/{rel}","templated":true}]}}