{"id":70050,"date":"2024-03-02T12:08:11","date_gmt":"2024-03-02T11:08:11","guid":{"rendered":"http:\/\/martehelgetun.no\/?post_type=product&#038;p=70050"},"modified":"2025-06-10T13:27:41","modified_gmt":"2025-06-10T11:27:41","slug":"mormors-happyfeet","status":"publish","type":"product","link":"https:\/\/martehelgetun.no\/en\/produkt\/mormors-happyfeet\/","title":{"rendered":"Mormors HappyFeet"},"content":{"rendered":"<p><strong>ST\u00d8RRELSER OG M\u00c5L<\/strong><br \/>\nSt\u00f8rrelser: 36\/37 (38\/39) 40\/41 42\/43<\/p>\n<p>&nbsp;<\/p>\n<p><strong>GARN OG GARNFORBRUK<\/strong><br \/>\nLunt + Lett by Marte Helgetun<br \/>\n1 n\u00f8ste Lunt nr. 01 Kitt<br \/>\n1 n\u00f8ste Lett nr. 01 Kitt<br \/>\n1 n\u00f8ste Lunt nr. 03 Sand<br \/>\n1 n\u00f8ste Lett nr. 17 Sand<br \/>\nSokkene strikkes med 1 tr\u00e5d Lunt og 1 tr\u00e5d Lett sammen<\/p>\n<p>&nbsp;<\/p>\n<p><strong>TILBEH\u00d8R<\/strong><br \/>\n2 skinntagger<\/p>\n<p>&nbsp;<\/p>\n<p><strong>PINNER OG STRIKKEFASTHET<\/strong><br \/>\n80 cm lang rundpinne nr. 4,5. Bruker du rundpinner med utskiftbare tupper anbefaler<br \/>\nvi \u00e5 bruke en tupp nr. 4,5 og en tupp nr. 3<br \/>\nPinne nr. 3 til Icordkant og vrangbord, enten lang rundpinne eller settpinner<br \/>\n24 masker strukturstrikk med en tr\u00e5d av hver kvalitet p\u00e5 pinne nr. 4,5 = 10 cm<\/p>\n","protected":false},"excerpt":{"rendered":"<p>Det var mormor som l\u00e6rte meg \u00e5 strikke og hun brukte ofte dette tofargede m\u00f8nsteret. Hun var\u00a0jordmor og hadde de aller mykeste hendene og disse hadde alltid tid til \u00e5 l\u00e6re bort, vise fram og\u00a0holde rundt.\u00a0Du starter ved t\u00e5a og strikker deg oppover med en tr\u00e5d av hver kvalitet. Her f\u00e5r du b\u00e5de pr\u00f8vd\u00a0deg p\u00e5 tyrkisk opplegg, i-cord og magic loop.<\/p>\n<p>&nbsp;<\/p>\n<p>&nbsp;<\/p>\n<p><strong>Norsk og Engelsk oppskrift.<\/strong> Du f\u00e5r tilgang til alle spr\u00e5k som pdf fil ved kj\u00f8p.<\/p>\n","protected":false},"featured_media":70040,"template":"","meta":{"_acf_changed":false,"_relevanssi_hide_post":"","_relevanssi_hide_content":"","_relevanssi_pin_for_all":"","_relevanssi_pin_keywords":"","_relevanssi_unpin_keywords":"","_relevanssi_related_keywords":"","_relevanssi_related_include_ids":"","_relevanssi_related_exclude_ids":"","_relevanssi_related_no_append":"","_relevanssi_related_not_related":"","_relevanssi_related_posts":"","_relevanssi_noindex_reason":""},"product_cat":[60,85],"product_tag":[118,128,90,37,33,134,257,136],"class_list":{"0":"post-70050","1":"product","2":"type-product","3":"status-publish","4":"has-post-thumbnail","6":"product_cat-strikkeoppskrifter","7":"product_cat-happyfeet","8":"product_tag-ankelsokker","9":"product_tag-design-by-marte-helgetun","10":"product_tag-happyfeet","11":"product_tag-lett","12":"product_tag-lunt","13":"product_tag-marte-helgetun","14":"product_tag-mormors-happyfeet","15":"product_tag-strikkeoppskrift","17":"first","18":"instock","19":"downloadable","20":"taxable","21":"shipping-taxable","22":"purchasable","23":"product-type-mht_bundle"},"acf":[],"_links":{"self":[{"href":"https:\/\/martehelgetun.no\/en\/wp-json\/wp\/v2\/product\/70050","targetHints":{"allow":["GET"]}}],"collection":[{"href":"https:\/\/martehelgetun.no\/en\/wp-json\/wp\/v2\/product"}],"about":[{"href":"https:\/\/martehelgetun.no\/en\/wp-json\/wp\/v2\/types\/product"}],"wp:featuredmedia":[{"embeddable":true,"href":"https:\/\/martehelgetun.no\/en\/wp-json\/wp\/v2\/media\/70040"}],"wp:attachment":[{"href":"https:\/\/martehelgetun.no\/en\/wp-json\/wp\/v2\/media?parent=70050"}],"wp:term":[{"taxonomy":"product_cat","embeddable":true,"href":"https:\/\/martehelgetun.no\/en\/wp-json\/wp\/v2\/product_cat?post=70050"},{"taxonomy":"product_tag","embeddable":true,"href":"https:\/\/martehelgetun.no\/en\/wp-json\/wp\/v2\/product_tag?post=70050"}],"curies":[{"name":"wp","href":"https:\/\/api.w.org\/{rel}","templated":true}]}}