{"id":70001,"date":"2024-02-02T11:32:14","date_gmt":"2024-02-02T10:32:14","guid":{"rendered":"http:\/\/martehelgetun.no\/?post_type=product&#038;p=70001"},"modified":"2025-06-10T13:51:56","modified_gmt":"2025-06-10T11:51:56","slug":"mormors-votter","status":"publish","type":"product","link":"https:\/\/martehelgetun.no\/en\/produkt\/mormors-votter\/","title":{"rendered":"Mormors Votter"},"content":{"rendered":"<p><strong>ST\u00d8RRELSER OG M\u00c5L<\/strong><br \/>\nSt\u00f8rrelser: En st\u00f8rrelse dame<\/p>\n<p>&nbsp;<\/p>\n<p><strong>GARN OG GARNFORBRUK<\/strong><br \/>\nLunt + Lett by Marte Helgetun<br \/>\n1 n\u00f8ste Lunt nr. 01 Kitt<br \/>\n1 n\u00f8ste Lett nr. 01 Kitt<br \/>\n1 n\u00f8ste Lunt nr. 03 Sand<br \/>\n1 n\u00f8ste Lett nr. 17 Sand<br \/>\nVottene strikkes med 1 tr\u00e5d Lunt og 1 tr\u00e5d Lett sammen<\/p>\n<p>&nbsp;<\/p>\n<p><strong>PINNER OG STRIKKEFASTHET<\/strong><br \/>\n80 cm lang rundpinne nr. 4,5. Bruker du rundpinner med utskiftbare tupper anbefaler<br \/>\nvi \u00e5 bruke en tupp nr. 4,5 og en tupp nr. 3<br \/>\nPinne nr. 3 til Icordkant og vrangbord, enten lang rundpinne eller settpinner<br \/>\n24 masker strukturstrikk med en tr\u00e5d av hver kvalitet p\u00e5 pinne nr. 4,5 = 10 cm<\/p>\n","protected":false},"excerpt":{"rendered":"<p>Disse vottene er et kj\u00e6rt minne om min mormor. Hun var jordmor og hadde de mykeste\u00a0hendene og disse hadde alltid tid til \u00e5 l\u00e6re bort, vise fram og holde rundt. Det var mormor som\u00a0l\u00e6rte meg \u00e5 strikke og hennes votter hadde alltid dette tofargede m\u00f8nsteret.<br \/>\nDu starter ved fingrene og strikker deg oppover med en tr\u00e5d av hver kvalitet. Her f\u00e5r du b\u00e5de\u00a0pr\u00f8vd deg p\u00e5 tyrkisk opplegg, i-cord og magic loop.<\/p>\n<p>&nbsp;<\/p>\n<p>&nbsp;<\/p>\n<p><strong>Norsk og Engelsk oppskrift.<\/strong> Du f\u00e5r tilgang til alle spr\u00e5k som pdf fil ved kj\u00f8p.<\/p>\n<p>&nbsp;<\/p>\n","protected":false},"featured_media":70028,"template":"","meta":{"_acf_changed":false,"_relevanssi_hide_post":"","_relevanssi_hide_content":"","_relevanssi_pin_for_all":"","_relevanssi_pin_keywords":"","_relevanssi_unpin_keywords":"","_relevanssi_related_keywords":"","_relevanssi_related_include_ids":"","_relevanssi_related_exclude_ids":"","_relevanssi_related_no_append":"","_relevanssi_related_not_related":"","_relevanssi_related_posts":"","_relevanssi_noindex_reason":""},"product_cat":[60,402],"product_tag":[256,181],"class_list":{"0":"post-70001","1":"product","2":"type-product","3":"status-publish","4":"has-post-thumbnail","6":"product_cat-strikkeoppskrifter","7":"product_cat-votter","8":"product_tag-mormors-votter","9":"product_tag-votter","11":"first","12":"instock","13":"downloadable","14":"taxable","15":"shipping-taxable","16":"purchasable","17":"product-type-mht_bundle"},"acf":[],"_links":{"self":[{"href":"https:\/\/martehelgetun.no\/en\/wp-json\/wp\/v2\/product\/70001","targetHints":{"allow":["GET"]}}],"collection":[{"href":"https:\/\/martehelgetun.no\/en\/wp-json\/wp\/v2\/product"}],"about":[{"href":"https:\/\/martehelgetun.no\/en\/wp-json\/wp\/v2\/types\/product"}],"wp:featuredmedia":[{"embeddable":true,"href":"https:\/\/martehelgetun.no\/en\/wp-json\/wp\/v2\/media\/70028"}],"wp:attachment":[{"href":"https:\/\/martehelgetun.no\/en\/wp-json\/wp\/v2\/media?parent=70001"}],"wp:term":[{"taxonomy":"product_cat","embeddable":true,"href":"https:\/\/martehelgetun.no\/en\/wp-json\/wp\/v2\/product_cat?post=70001"},{"taxonomy":"product_tag","embeddable":true,"href":"https:\/\/martehelgetun.no\/en\/wp-json\/wp\/v2\/product_tag?post=70001"}],"curies":[{"name":"wp","href":"https:\/\/api.w.org\/{rel}","templated":true}]}}