{"id":69997,"date":"2024-02-02T11:12:07","date_gmt":"2024-02-02T10:12:07","guid":{"rendered":"http:\/\/martehelgetun.no\/?post_type=product&#038;p=69997"},"modified":"2025-06-10T13:42:35","modified_gmt":"2025-06-10T11:42:35","slug":"cool-classic-hals","status":"publish","type":"product","link":"https:\/\/martehelgetun.no\/en\/produkt\/cool-classic-hals\/","title":{"rendered":"Cool Classic Hals"},"content":{"rendered":"<p><strong>ST\u00d8RRELSER OG M\u00c5L<\/strong><br \/>\nSt\u00f8rrelser: (barn) voksen<\/p>\n<p>&nbsp;<\/p>\n<p><strong>GARN OG GARNFORBRUK<\/strong><br \/>\nLuftig + Lett by Marte Helgetun<br \/>\n2 (2) n\u00f8ster Luftig nr. 06 Skifer<br \/>\n2 (2) n\u00f8ster Lett nr. 06 Skifer<br \/>\nHalsen strikkes med en tr\u00e5d av hver kvalitet<\/p>\n<p>&nbsp;<\/p>\n<p><strong>PINNER OG STRIKKEFASTHET<\/strong><br \/>\n80 og 40 cm rundpinne nr. 5,5<br \/>\n20 masker glattstrikk p\u00e5 pinne nr. 5,5<br \/>\n= 10 cm i bredden.<\/p>\n","protected":false},"excerpt":{"rendered":"<p>En enkel hals strikket i garnkombinasjonen Luftig + Lett har lenge st\u00e5tt p\u00e5 \u00f8nskelisten,<br \/>\nog endelig kan jeg presentere det siste tilskuddet til Cool Classic-serien v\u00e5r. Du f\u00e5r<br \/>\nfaktisk nok garn til \u00e5 strikke et sett med lue og hals av 3+3 n\u00f8ster. Oppskriften finner du b\u00e5de som singeloppskrift og i heftet \u00abCool Classic tilbeh\u00f8r\u00bb.<\/p>\n<p>&nbsp;<\/p>\n<p>&nbsp;<\/p>\n<p><strong>Norsk og Engelsk oppskrift.<\/strong> Du f\u00e5r tilgang til alle spr\u00e5k som pdf fil ved kj\u00f8p.<\/p>\n","protected":false},"featured_media":69866,"template":"","meta":{"_acf_changed":false,"_relevanssi_hide_post":"","_relevanssi_hide_content":"","_relevanssi_pin_for_all":"","_relevanssi_pin_keywords":"","_relevanssi_unpin_keywords":"","_relevanssi_related_keywords":"","_relevanssi_related_include_ids":"","_relevanssi_related_exclude_ids":"","_relevanssi_related_no_append":"","_relevanssi_related_not_related":"","_relevanssi_related_posts":"","_relevanssi_noindex_reason":""},"product_cat":[60,81],"product_tag":[234,255,128,37,36,134,136,84],"class_list":{"0":"post-69997","1":"product","2":"type-product","3":"status-publish","4":"has-post-thumbnail","6":"product_cat-strikkeoppskrifter","7":"product_cat-skjerf-sjal-hals","8":"product_tag-cool-classic","9":"product_tag-cool-classic-hals","10":"product_tag-design-by-marte-helgetun","11":"product_tag-lett","12":"product_tag-luftig","13":"product_tag-marte-helgetun","14":"product_tag-strikkeoppskrift","15":"product_tag-tilbehor","17":"first","18":"instock","19":"downloadable","20":"taxable","21":"shipping-taxable","22":"purchasable","23":"product-type-mht_bundle"},"acf":[],"_links":{"self":[{"href":"https:\/\/martehelgetun.no\/en\/wp-json\/wp\/v2\/product\/69997","targetHints":{"allow":["GET"]}}],"collection":[{"href":"https:\/\/martehelgetun.no\/en\/wp-json\/wp\/v2\/product"}],"about":[{"href":"https:\/\/martehelgetun.no\/en\/wp-json\/wp\/v2\/types\/product"}],"wp:featuredmedia":[{"embeddable":true,"href":"https:\/\/martehelgetun.no\/en\/wp-json\/wp\/v2\/media\/69866"}],"wp:attachment":[{"href":"https:\/\/martehelgetun.no\/en\/wp-json\/wp\/v2\/media?parent=69997"}],"wp:term":[{"taxonomy":"product_cat","embeddable":true,"href":"https:\/\/martehelgetun.no\/en\/wp-json\/wp\/v2\/product_cat?post=69997"},{"taxonomy":"product_tag","embeddable":true,"href":"https:\/\/martehelgetun.no\/en\/wp-json\/wp\/v2\/product_tag?post=69997"}],"curies":[{"name":"wp","href":"https:\/\/api.w.org\/{rel}","templated":true}]}}