{"id":69994,"date":"2024-02-02T10:55:56","date_gmt":"2024-02-02T09:55:56","guid":{"rendered":"http:\/\/martehelgetun.no\/?post_type=product&#038;p=69994"},"modified":"2025-04-24T12:36:51","modified_gmt":"2025-04-24T10:36:51","slug":"cool-classic-panneband","status":"publish","type":"product","link":"https:\/\/martehelgetun.no\/en\/produkt\/cool-classic-panneband\/","title":{"rendered":"Cool Classic Panneb\u00e5nd"},"content":{"rendered":"<p><strong>ST\u00d8RRELSER OG M\u00c5L<br \/>\n<\/strong>St\u00f8rrelser: barn (voksen)<\/p>\n<p>&nbsp;<\/p>\n<p><strong>GARN OG GARNFORBRUK<br \/>\n<\/strong>Luftig + Lett by Marte Helgetun<br \/>\n1 n\u00f8ste Luftig nr 02 Lysegr\u00e5melert<br \/>\n1 n\u00f8ste Lett nr. 01 Kitt<br \/>\nPanneb\u00e5ndet strikkes med en tr\u00e5d av hver kvalitet<\/p>\n<p>&nbsp;<\/p>\n<p><strong>PINNER OG STRIKKEFASTHET<br \/>\n<\/strong>80 cm rundpinne nr. 5,5 til panneb\u00e5ndet hvis du strikker med magic loop<br \/>\nhvis ikke trenger du settpinner nr. 5,5<br \/>\n20 masker glattstrikk p\u00e5 pinne nr. 5,5 = 10 cm i bredden<\/p>\n","protected":false},"excerpt":{"rendered":"<p>&nbsp;<\/p>\n<p>&nbsp;<\/p>\n<p><strong>Norsk og Engelsk oppskrift.<\/strong> Du f\u00e5r tilgang til alle spr\u00e5k som pdf fil ved kj\u00f8p.<\/p>\n","protected":false},"featured_media":69884,"template":"","meta":{"_acf_changed":false,"_relevanssi_hide_post":"","_relevanssi_hide_content":"","_relevanssi_pin_for_all":"","_relevanssi_pin_keywords":"","_relevanssi_unpin_keywords":"","_relevanssi_related_keywords":"","_relevanssi_related_include_ids":"","_relevanssi_related_exclude_ids":"","_relevanssi_related_no_append":"","_relevanssi_related_not_related":"","_relevanssi_related_posts":"","_relevanssi_noindex_reason":""},"product_cat":[60,735,401],"product_tag":[234,252,128,37,36,134,173,136],"class_list":{"0":"post-69994","1":"product","2":"type-product","3":"status-publish","4":"has-post-thumbnail","6":"product_cat-strikkeoppskrifter","7":"product_cat-gratis-oppskrifter","8":"product_cat-lue-panneband","9":"product_tag-cool-classic","10":"product_tag-cool-classic-panneband","11":"product_tag-design-by-marte-helgetun","12":"product_tag-lett","13":"product_tag-luftig","14":"product_tag-marte-helgetun","15":"product_tag-panneband","16":"product_tag-strikkeoppskrift","18":"first","19":"instock","20":"downloadable","21":"taxable","22":"shipping-taxable","23":"purchasable","24":"product-type-mht_bundle"},"acf":[],"_links":{"self":[{"href":"https:\/\/martehelgetun.no\/en\/wp-json\/wp\/v2\/product\/69994","targetHints":{"allow":["GET"]}}],"collection":[{"href":"https:\/\/martehelgetun.no\/en\/wp-json\/wp\/v2\/product"}],"about":[{"href":"https:\/\/martehelgetun.no\/en\/wp-json\/wp\/v2\/types\/product"}],"wp:featuredmedia":[{"embeddable":true,"href":"https:\/\/martehelgetun.no\/en\/wp-json\/wp\/v2\/media\/69884"}],"wp:attachment":[{"href":"https:\/\/martehelgetun.no\/en\/wp-json\/wp\/v2\/media?parent=69994"}],"wp:term":[{"taxonomy":"product_cat","embeddable":true,"href":"https:\/\/martehelgetun.no\/en\/wp-json\/wp\/v2\/product_cat?post=69994"},{"taxonomy":"product_tag","embeddable":true,"href":"https:\/\/martehelgetun.no\/en\/wp-json\/wp\/v2\/product_tag?post=69994"}],"curies":[{"name":"wp","href":"https:\/\/api.w.org\/{rel}","templated":true}]}}