{"id":69978,"date":"2024-02-02T10:36:59","date_gmt":"2024-02-02T09:36:59","guid":{"rendered":"http:\/\/martehelgetun.no\/?post_type=product&#038;p=69978"},"modified":"2025-06-10T13:25:05","modified_gmt":"2025-06-10T11:25:05","slug":"infinity-genser","status":"publish","type":"product","link":"https:\/\/martehelgetun.no\/en\/produkt\/infinity-genser\/","title":{"rendered":"Infinity Genser"},"content":{"rendered":"<p><strong>ST\u00d8RRELSER OG M\u00c5L<\/strong><br \/>\nSt\u00f8rrelser: XS (S) M (L) XL (XXL)<br \/>\nOvervidde: 95 (102) 109 (116) 122 (129) cm<br \/>\nHel lengde: 48 (52) 56 (60) 64 (68) cm m\u00e5lt fra skulderen og ned<br \/>\nErmelengde: 30 (31) 32 (33) 34 (35) cm<\/p>\n<p>&nbsp;<\/p>\n<p><strong>GARN OG GARNFORBRUK<\/strong><br \/>\n3 x Lett by Marte Helgetun<br \/>\n8 (9) 10 (11) 12 (14) n\u00f8ster Lett nr. 17 Sand<\/p>\n<p>Hele genseren strikkes med 3 tr\u00e5der Lett samtidig<\/p>\n<p>&nbsp;<\/p>\n<p><strong>PINNER OG STRIKKEFASTHET<\/strong><br \/>\n40 og 80 cm rundpinne nr. 4,5 og 3,5<br \/>\nSettpinner nr. 4,5 og 3,5 hvis du ikke strikker magic loop<br \/>\n18 masker glattstrikk p\u00e5 pinne nr. 4,5 = 10 cm<\/p>\n","protected":false},"excerpt":{"rendered":"<p>Det er noe med disse helt enkle tidl\u00f8se genserne som gj\u00f8r at man blir s\u00e5 glad i dem.\u00a0Jeg elsker det klassiske snittet og den fine detaljen p\u00e5 ermene som gj\u00f8r hele genseren. Infinity\u00a0genseren strikkes nedenfra og opp og syes sammen p\u00e5 skuldrene med maskesting.<\/p>\n<p>&nbsp;<\/p>\n<p>&nbsp;<\/p>\n<p><strong>Norsk og Engelsk oppskrift.<\/strong> Du f\u00e5r tilgang til alle spr\u00e5k som pdf fil ved kj\u00f8p.<\/p>\n","protected":false},"featured_media":77751,"template":"","meta":{"_acf_changed":false,"_relevanssi_hide_post":"","_relevanssi_hide_content":"","_relevanssi_pin_for_all":"","_relevanssi_pin_keywords":"","_relevanssi_unpin_keywords":"","_relevanssi_related_keywords":"","_relevanssi_related_include_ids":"","_relevanssi_related_exclude_ids":"","_relevanssi_related_no_append":"","_relevanssi_related_not_related":"","_relevanssi_related_posts":"","_relevanssi_noindex_reason":""},"product_cat":[60,76],"product_tag":[128,77,250,37,134,251,136],"class_list":{"0":"post-69978","1":"product","2":"type-product","3":"status-publish","4":"has-post-thumbnail","6":"product_cat-strikkeoppskrifter","7":"product_cat-genser","8":"product_tag-design-by-marte-helgetun","9":"product_tag-genser","10":"product_tag-infinity-genser","11":"product_tag-lett","12":"product_tag-marte-helgetun","13":"product_tag-silk-mohair","14":"product_tag-strikkeoppskrift","16":"first","17":"instock","18":"downloadable","19":"taxable","20":"shipping-taxable","21":"purchasable","22":"product-type-mht_bundle"},"acf":[],"_links":{"self":[{"href":"https:\/\/martehelgetun.no\/en\/wp-json\/wp\/v2\/product\/69978","targetHints":{"allow":["GET"]}}],"collection":[{"href":"https:\/\/martehelgetun.no\/en\/wp-json\/wp\/v2\/product"}],"about":[{"href":"https:\/\/martehelgetun.no\/en\/wp-json\/wp\/v2\/types\/product"}],"wp:featuredmedia":[{"embeddable":true,"href":"https:\/\/martehelgetun.no\/en\/wp-json\/wp\/v2\/media\/77751"}],"wp:attachment":[{"href":"https:\/\/martehelgetun.no\/en\/wp-json\/wp\/v2\/media?parent=69978"}],"wp:term":[{"taxonomy":"product_cat","embeddable":true,"href":"https:\/\/martehelgetun.no\/en\/wp-json\/wp\/v2\/product_cat?post=69978"},{"taxonomy":"product_tag","embeddable":true,"href":"https:\/\/martehelgetun.no\/en\/wp-json\/wp\/v2\/product_tag?post=69978"}],"curies":[{"name":"wp","href":"https:\/\/api.w.org\/{rel}","templated":true}]}}