{"id":69811,"date":"2024-01-23T14:17:02","date_gmt":"2024-01-23T13:17:02","guid":{"rendered":"http:\/\/martehelgetun.no\/?post_type=product&#038;p=69811"},"modified":"2025-06-10T13:38:24","modified_gmt":"2025-06-10T11:38:24","slug":"pa-rett-spor-baggy-lue","status":"publish","type":"product","link":"https:\/\/martehelgetun.no\/en\/produkt\/pa-rett-spor-baggy-lue\/","title":{"rendered":"P\u00e5 rett spor Baggy Lue"},"content":{"rendered":"<p><strong>ST\u00d8RRELSER OG M\u00c5L<\/strong><br \/>\nSt\u00f8rrelser One Size<br \/>\nH\u00f8yde 26 cm<\/p>\n<p>&nbsp;<\/p>\n<p><strong>GARN OG GARNFORBRUK<\/strong><br \/>\nLunt + Lett by Marte Helgetun<br \/>\n1 n\u00f8ste Lunt nr. 02 Lysegr\u00e5 melert<br \/>\n1 n\u00f8ste Lett nr. 01 Kitt<br \/>\nHer er det akkurat med garn (Lunt) s\u00e5 v\u00e6r litt ekstra oppmerksom p\u00e5 strikkefastheten.<\/p>\n<p>&nbsp;<\/p>\n<p><strong>PINNER OG STRIKKEFASTHET<\/strong><br \/>\n100 cm lang rundpinne nr. 4<br \/>\n(Bruker du rundpinner med utskiftbare tupper, anbefaler vi \u00e5 bruke en tupp nr. 4 og en tupp nr. 3)<br \/>\nOm du ikke \u00f8nsker \u00e5 benytte magic loop-teknikken etter \u00f8kningene p\u00e5 toppen av luen,<br \/>\nkan du bruke en liten rundpinne 40 cm nr. 4 og liten rundpinne 40 cm nr.3,5 til ribbekanten.<br \/>\n22 masker glattstrikk med en tr\u00e5d av hver garnkvalitet p\u00e5 pinne nr. 4 = 10 cm.<\/p>\n","protected":false},"excerpt":{"rendered":"<p>Dette er en baggy lue med den lettstrikkede strukturen som sjalet og jakken med samme navn. Luen strikkes ovenfra og ned og avsluttes med en ribb som gj\u00f8r at den sitter godt ved pannen<\/p>\n<p>&nbsp;<\/p>\n<p>&nbsp;<\/p>\n<p><strong>Norsk og Engelsk oppskrift.<\/strong> Du f\u00e5r tilgang til alle spr\u00e5k som pdf fil ved kj\u00f8p.<\/p>\n<p>&nbsp;<\/p>\n","protected":false},"featured_media":69822,"template":"","meta":{"_acf_changed":false,"_relevanssi_hide_post":"","_relevanssi_hide_content":"","_relevanssi_pin_for_all":"","_relevanssi_pin_keywords":"","_relevanssi_unpin_keywords":"","_relevanssi_related_keywords":"","_relevanssi_related_include_ids":"","_relevanssi_related_exclude_ids":"","_relevanssi_related_no_append":"","_relevanssi_related_not_related":"","_relevanssi_related_posts":"","_relevanssi_noindex_reason":""},"product_cat":[60,401],"product_tag":[216,128,37,33,134,248,247,249,136],"acf":[],"_links":{"self":[{"href":"https:\/\/martehelgetun.no\/en\/wp-json\/wp\/v2\/product\/69811"}],"collection":[{"href":"https:\/\/martehelgetun.no\/en\/wp-json\/wp\/v2\/product"}],"about":[{"href":"https:\/\/martehelgetun.no\/en\/wp-json\/wp\/v2\/types\/product"}],"wp:featuredmedia":[{"embeddable":true,"href":"https:\/\/martehelgetun.no\/en\/wp-json\/wp\/v2\/media\/69822"}],"wp:attachment":[{"href":"https:\/\/martehelgetun.no\/en\/wp-json\/wp\/v2\/media?parent=69811"}],"wp:term":[{"taxonomy":"product_cat","embeddable":true,"href":"https:\/\/martehelgetun.no\/en\/wp-json\/wp\/v2\/product_cat?post=69811"},{"taxonomy":"product_tag","embeddable":true,"href":"https:\/\/martehelgetun.no\/en\/wp-json\/wp\/v2\/product_tag?post=69811"}],"curies":[{"name":"wp","href":"https:\/\/api.w.org\/{rel}","templated":true}]}}