{"id":69777,"date":"2024-01-17T11:22:59","date_gmt":"2024-01-17T10:22:59","guid":{"rendered":"http:\/\/martehelgetun.no\/?post_type=product&#038;p=69777"},"modified":"2025-06-10T13:42:29","modified_gmt":"2025-06-10T11:42:29","slug":"luftig-lett-skjerf","status":"publish","type":"product","link":"https:\/\/martehelgetun.no\/en\/product\/luftig-lett-skjerf\/","title":{"rendered":"Cool Classic Skjerf"},"content":{"rendered":"<p><strong>ST\u00d8RRELSER OG M\u00c5L<\/strong><br \/>\nSt\u00f8rrelser: En st\u00f8rrelse<\/p>\n<p>&nbsp;<\/p>\n<p><strong>GARN OG GARNFORBRUK<br \/>\n<\/strong>Lett + Luftig by Marte Helgetun<br \/>\n3 n\u00f8ster Luftig nr. 16 Svart<br \/>\n3 n\u00f8ster Lett nr. 06 Skifer<\/p>\n<p>Skjerfet strikkes med en tr\u00e5d av hver kvalitet sammen.<\/p>\n<p>&nbsp;<\/p>\n<p><strong>PINNER OG STRIKKEFASTHET<br \/>\n<\/strong>40 cm rundpinne nr. 6<br \/>\n18 masker glattstrikk p\u00e5 pinne nr. 6 = 10 cm i bredden<\/p>\n","protected":false},"excerpt":{"rendered":"<p>Enklere skjerf enn dette skal du lete lenge etter. Her strikker du en lang tube som du syr sammen i hver sin ende. Supert for dere som ikke har strikket s\u00e5 mye f\u00f8r. Oppskriften finner du b\u00e5de som singeloppskrift og i heftet \u00abCool Classic tilbeh\u00f8r\u00bb.<\/p>\n<p>&nbsp;<\/p>\n<p>&nbsp;<\/p>\n<p><strong>Norsk og Engelsk oppskrift.<\/strong> Du f\u00e5r tilgang til alle spr\u00e5k som pdf fil ved kj\u00f8p.<\/p>\n","protected":false},"featured_media":69956,"template":"","meta":{"_acf_changed":false,"_relevanssi_hide_post":"","_relevanssi_hide_content":"","_relevanssi_pin_for_all":"","_relevanssi_pin_keywords":"","_relevanssi_unpin_keywords":"","_relevanssi_related_keywords":"","_relevanssi_related_include_ids":"","_relevanssi_related_exclude_ids":"","_relevanssi_related_no_append":"","_relevanssi_related_not_related":"","_relevanssi_related_posts":"","_relevanssi_noindex_reason":""},"product_brand":[],"product_cat":[81,60],"product_tag":[234,128,37,36,239,134,194,136],"class_list":{"0":"post-69777","1":"product","2":"type-product","3":"status-publish","4":"has-post-thumbnail","6":"product_cat-skjerf-sjal-hals","7":"product_cat-strikkeoppskrifter","8":"product_tag-cool-classic","9":"product_tag-design-by-marte-helgetun","10":"product_tag-lett","11":"product_tag-luftig","12":"product_tag-luftig-lett-skjerf","13":"product_tag-marte-helgetun","14":"product_tag-skjerf","15":"product_tag-strikkeoppskrift","17":"first","18":"instock","19":"downloadable","20":"taxable","21":"shipping-taxable","22":"purchasable","23":"product-type-mht_bundle"},"acf":[],"_links":{"self":[{"href":"https:\/\/martehelgetun.no\/en\/wp-json\/wp\/v2\/product\/69777","targetHints":{"allow":["GET"]}}],"collection":[{"href":"https:\/\/martehelgetun.no\/en\/wp-json\/wp\/v2\/product"}],"about":[{"href":"https:\/\/martehelgetun.no\/en\/wp-json\/wp\/v2\/types\/product"}],"wp:featuredmedia":[{"embeddable":true,"href":"https:\/\/martehelgetun.no\/en\/wp-json\/wp\/v2\/media\/69956"}],"wp:attachment":[{"href":"https:\/\/martehelgetun.no\/en\/wp-json\/wp\/v2\/media?parent=69777"}],"wp:term":[{"taxonomy":"product_brand","embeddable":true,"href":"https:\/\/martehelgetun.no\/en\/wp-json\/wp\/v2\/product_brand?post=69777"},{"taxonomy":"product_cat","embeddable":true,"href":"https:\/\/martehelgetun.no\/en\/wp-json\/wp\/v2\/product_cat?post=69777"},{"taxonomy":"product_tag","embeddable":true,"href":"https:\/\/martehelgetun.no\/en\/wp-json\/wp\/v2\/product_tag?post=69777"}],"curies":[{"name":"wp","href":"https:\/\/api.w.org\/{rel}","templated":true}]}}