{"id":69766,"date":"2024-01-17T10:05:54","date_gmt":"2024-01-17T09:05:54","guid":{"rendered":"http:\/\/martehelgetun.no\/?post_type=product&#038;p=69766"},"modified":"2025-06-10T13:51:52","modified_gmt":"2025-06-10T11:51:52","slug":"luftig-lett-votter","status":"publish","type":"product","link":"https:\/\/martehelgetun.no\/en\/produkt\/luftig-lett-votter\/","title":{"rendered":"Cool Classic Votter"},"content":{"rendered":"<p><strong>ST\u00d8RRELSER OG M\u00c5L<br \/>\n<\/strong>St\u00f8rrelser: En st\u00f8rrelse<\/p>\n<p>&nbsp;<\/p>\n<p><strong>GARN OG GARNFORBRUK<br \/>\n<\/strong>2x Luftig + Lett by Marte Helgetun<br \/>\n1 n\u00f8ste Luftig nr. 16 Svart<br \/>\n1 n\u00f8ste Lett nr. 06 Skifer<\/p>\n<p>Vottene strikkes med to tr\u00e5der Luftig<br \/>\nog en tr\u00e5d Lett sammen.<\/p>\n<p>Det g\u00e5r fint \u00e5 ta ut tr\u00e5den b\u00e5de fra<br \/>\nutsiden og innsiden av Luftign\u00f8stet,<br \/>\ns\u00e5 du slipper \u00e5 kj\u00f8pe to n\u00f8ster.<\/p>\n<p>&nbsp;<\/p>\n<p><strong>PINNER OG STRIKKEFASTHET<\/strong> <strong><br \/>\n<\/strong>80 cm lang rundpinne nr. 6<br \/>\neller settpinner hvis du heller foretrekker det.<br \/>\n18 masker glattstrikk med to tr\u00e5der Luftig og<br \/>\nen tr\u00e5d Lett sammen nr. 6 = 10 cm.<\/p>\n","protected":false},"excerpt":{"rendered":"<p>Et par skikkelig gode myke og varme votter blir aldri feil. Disse vottene er strikket for \u00e5 passe til bestselgeren v\u00e5r Luftig + Lett lue. Sammen med Luftig + Lett skjerf blir antrekket komplett med disse vottene. Du starter ved h\u00e5ndleddet med en dobbel mansjett og strikker deg nedover.<\/p>\n<p>&nbsp;<\/p>\n<p>&nbsp;<\/p>\n<p><strong>Norsk og Engelsk oppskrift.<\/strong> Du f\u00e5r tilgang til alle spr\u00e5k som pdf fil ved kj\u00f8p.<\/p>\n","protected":false},"featured_media":69771,"template":"","meta":{"_acf_changed":false,"_relevanssi_hide_post":"","_relevanssi_hide_content":"","_relevanssi_pin_for_all":"","_relevanssi_pin_keywords":"","_relevanssi_unpin_keywords":"","_relevanssi_related_keywords":"","_relevanssi_related_include_ids":"","_relevanssi_related_exclude_ids":"","_relevanssi_related_no_append":"","_relevanssi_related_not_related":"","_relevanssi_related_posts":"","_relevanssi_noindex_reason":""},"product_cat":[60,402],"product_tag":[128,37,36,238,134,136,181],"class_list":{"0":"post-69766","1":"product","2":"type-product","3":"status-publish","4":"has-post-thumbnail","6":"product_cat-strikkeoppskrifter","7":"product_cat-votter","8":"product_tag-design-by-marte-helgetun","9":"product_tag-lett","10":"product_tag-luftig","11":"product_tag-luftig-lette-votter","12":"product_tag-marte-helgetun","13":"product_tag-strikkeoppskrift","14":"product_tag-votter","16":"first","17":"instock","18":"downloadable","19":"taxable","20":"shipping-taxable","21":"purchasable","22":"product-type-mht_bundle"},"acf":[],"_links":{"self":[{"href":"https:\/\/martehelgetun.no\/en\/wp-json\/wp\/v2\/product\/69766","targetHints":{"allow":["GET"]}}],"collection":[{"href":"https:\/\/martehelgetun.no\/en\/wp-json\/wp\/v2\/product"}],"about":[{"href":"https:\/\/martehelgetun.no\/en\/wp-json\/wp\/v2\/types\/product"}],"wp:featuredmedia":[{"embeddable":true,"href":"https:\/\/martehelgetun.no\/en\/wp-json\/wp\/v2\/media\/69771"}],"wp:attachment":[{"href":"https:\/\/martehelgetun.no\/en\/wp-json\/wp\/v2\/media?parent=69766"}],"wp:term":[{"taxonomy":"product_cat","embeddable":true,"href":"https:\/\/martehelgetun.no\/en\/wp-json\/wp\/v2\/product_cat?post=69766"},{"taxonomy":"product_tag","embeddable":true,"href":"https:\/\/martehelgetun.no\/en\/wp-json\/wp\/v2\/product_tag?post=69766"}],"curies":[{"name":"wp","href":"https:\/\/api.w.org\/{rel}","templated":true}]}}