{"id":69717,"date":"2024-01-17T09:40:34","date_gmt":"2024-01-17T08:40:34","guid":{"rendered":"http:\/\/martehelgetun.no\/?post_type=product&#038;p=69717"},"modified":"2025-06-10T13:24:51","modified_gmt":"2025-06-10T11:24:51","slug":"cool-classic-genser","status":"publish","type":"product","link":"https:\/\/martehelgetun.no\/en\/produkt\/cool-classic-genser\/","title":{"rendered":"Cool Classic Genser"},"content":{"rendered":"<p><strong>ST\u00d8RRELSER OG M\u00c5L<\/strong><br \/>\nSt\u00f8rrelser: (XS) S (M) L (XL) XXL<br \/>\nOvervidde: (96) 101 (106) 110 (115) 120 cm<br \/>\nHel lengde: (50) 52 (54) 58 (62) 66 cm<br \/>\nErmlengde: (40) 41 (42) 43 (44) 45 cm<\/p>\n<p>&nbsp;<\/p>\n<p><strong>GARN OG GARNFORBRUK<br \/>\n<\/strong>Luftig + Lett by Marte Helgetun<br \/>\n(3) 4 (4) 5 (5) 6 n\u00f8ster Luftig nr. 09 Skog<br \/>\n(3) 4 (4) 5 (5) 6 n\u00f8ster Lett nr. 18 Einer<br \/>\nHele genseren strikkes med en tr\u00e5d av hver kvalitet<\/p>\n<p>&nbsp;<\/p>\n<p><strong>TILBEH\u00d8R<br \/>\n<\/strong>2 svarte kokosknapper, ca. 18 mm i diameter<\/p>\n<p>&nbsp;<\/p>\n<p><strong>PINNER OG STRIKKEFASTHET<br \/>\n<\/strong>80 og 40 cm rundpinne nr. 6<br \/>\npinne 60 cm rundpinne 5 til halskanten.<br \/>\nsettpinne nr. 4,5 til Icord felling.<br \/>\n17 masker glattstrikk p\u00e5 pinne nr. 6 = 10 cm i bredden<\/p>\n<p>&nbsp;<\/p>\n<p>&nbsp;<\/p>\n","protected":false},"excerpt":{"rendered":"<p>Enkel klassisk genser strikket i garnkombinasjonen Luftig + Lett by Marte Helgetun. Genseren strikkes fra halsen og ned og du starter med noen f\u00e5 masker bak i nakken.<\/p>\n<p>&nbsp;<\/p>\n<p>&nbsp;<\/p>\n<p><strong>Norsk og Engelsk oppskrift.<\/strong> Du f\u00e5r tilgang til alle spr\u00e5k som pdf fil ved kj\u00f8p.<\/p>\n","protected":false},"featured_media":69746,"template":"","meta":{"_acf_changed":false,"_relevanssi_hide_post":"","_relevanssi_hide_content":"","_relevanssi_pin_for_all":"","_relevanssi_pin_keywords":"","_relevanssi_unpin_keywords":"","_relevanssi_related_keywords":"","_relevanssi_related_include_ids":"","_relevanssi_related_exclude_ids":"","_relevanssi_related_no_append":"","_relevanssi_related_not_related":"","_relevanssi_related_posts":"","_relevanssi_noindex_reason":""},"product_cat":[60,76],"product_tag":[234,233,128,37,36,134,136],"class_list":{"0":"post-69717","1":"product","2":"type-product","3":"status-publish","4":"has-post-thumbnail","6":"product_cat-strikkeoppskrifter","7":"product_cat-genser","8":"product_tag-cool-classic","9":"product_tag-cool-classic-genser","10":"product_tag-design-by-marte-helgetun","11":"product_tag-lett","12":"product_tag-luftig","13":"product_tag-marte-helgetun","14":"product_tag-strikkeoppskrift","16":"first","17":"instock","18":"downloadable","19":"taxable","20":"shipping-taxable","21":"purchasable","22":"product-type-mht_bundle"},"acf":[],"_links":{"self":[{"href":"https:\/\/martehelgetun.no\/en\/wp-json\/wp\/v2\/product\/69717","targetHints":{"allow":["GET"]}}],"collection":[{"href":"https:\/\/martehelgetun.no\/en\/wp-json\/wp\/v2\/product"}],"about":[{"href":"https:\/\/martehelgetun.no\/en\/wp-json\/wp\/v2\/types\/product"}],"wp:featuredmedia":[{"embeddable":true,"href":"https:\/\/martehelgetun.no\/en\/wp-json\/wp\/v2\/media\/69746"}],"wp:attachment":[{"href":"https:\/\/martehelgetun.no\/en\/wp-json\/wp\/v2\/media?parent=69717"}],"wp:term":[{"taxonomy":"product_cat","embeddable":true,"href":"https:\/\/martehelgetun.no\/en\/wp-json\/wp\/v2\/product_cat?post=69717"},{"taxonomy":"product_tag","embeddable":true,"href":"https:\/\/martehelgetun.no\/en\/wp-json\/wp\/v2\/product_tag?post=69717"}],"curies":[{"name":"wp","href":"https:\/\/api.w.org\/{rel}","templated":true}]}}