{"id":69706,"date":"2024-01-17T08:33:32","date_gmt":"2024-01-17T07:33:32","guid":{"rendered":"http:\/\/martehelgetun.no\/?post_type=product&#038;p=69706"},"modified":"2025-06-10T13:51:49","modified_gmt":"2025-06-10T11:51:49","slug":"happy-hands-voksen","status":"publish","type":"product","link":"https:\/\/martehelgetun.no\/en\/product\/happy-hands-voksen\/","title":{"rendered":"Happy Hands Voksen"},"content":{"rendered":"<p><strong>ST\u00d8RRELSER OG M\u00c5L<\/strong><br \/>\nSt\u00f8rrelser: dame (herre)<\/p>\n<p>&nbsp;<\/p>\n<p><strong>GARN OG GARNFORBRUK<\/strong><br \/>\nLunt + Lett by Marte Helgetun<br \/>\n1 n\u00f8ste Lunt nr. 07 Lys Skifer<br \/>\n1 n\u00f8ste Lett nr. 07 Lys Skifer<\/p>\n<p>Vottene strikkes med en tr\u00e5d av hver kvalitet sammen.<\/p>\n<p>&nbsp;<\/p>\n<p><strong>TILBEH\u00d8R<\/strong><br \/>\n2 skinntagger<\/p>\n<p>&nbsp;<\/p>\n<p><strong>PINNER OG STRIKKEFASTHET<\/strong><br \/>\n80 cm lang rundpinne nr. 4 Bruker du rundpinner med utskiftbare tupper anbefaler vi \u00e5 bruke en tupp nr. 4 og en tupp nr. 3,5<br \/>\nEn pinne nr. 3 til I-cordkanten, rundpinne eller str\u00f8mpepinne 24 masker glattstrikk med en tr\u00e5d av hver kvalitet p\u00e5 pinne nr. 4 = 10 cm<\/p>\n","protected":false},"excerpt":{"rendered":"<p>Dette er votter som jeg blir glad av \u00e5 strikke, fordi teknikkene er s\u00e5 morsomme. De sitter s\u00e5 godt p\u00e5 h\u00e5nden, og skinntaggene gir dem det lille ekstra.<\/p>\n<p>&nbsp;<\/p>\n<p>&nbsp;<\/p>\n<p><strong>Norsk og Engelsk oppskrift.<\/strong> Du f\u00e5r tilgang til alle spr\u00e5k som pdf fil ved kj\u00f8p.<\/p>\n","protected":false},"featured_media":69709,"template":"","meta":{"_acf_changed":false,"_relevanssi_hide_post":"","_relevanssi_hide_content":"","_relevanssi_pin_for_all":"","_relevanssi_pin_keywords":"","_relevanssi_unpin_keywords":"","_relevanssi_related_keywords":"","_relevanssi_related_include_ids":"","_relevanssi_related_exclude_ids":"","_relevanssi_related_no_append":"","_relevanssi_related_not_related":"","_relevanssi_related_posts":"","_relevanssi_noindex_reason":""},"product_brand":[],"product_cat":[60,402],"product_tag":[128,182,37,33,136,181],"class_list":{"0":"post-69706","1":"product","2":"type-product","3":"status-publish","4":"has-post-thumbnail","6":"product_cat-strikkeoppskrifter","7":"product_cat-votter","8":"product_tag-design-by-marte-helgetun","9":"product_tag-happyhands","10":"product_tag-lett","11":"product_tag-lunt","12":"product_tag-strikkeoppskrift","13":"product_tag-votter","15":"first","16":"instock","17":"downloadable","18":"taxable","19":"shipping-taxable","20":"purchasable","21":"product-type-mht_bundle"},"acf":[],"_links":{"self":[{"href":"https:\/\/martehelgetun.no\/en\/wp-json\/wp\/v2\/product\/69706","targetHints":{"allow":["GET"]}}],"collection":[{"href":"https:\/\/martehelgetun.no\/en\/wp-json\/wp\/v2\/product"}],"about":[{"href":"https:\/\/martehelgetun.no\/en\/wp-json\/wp\/v2\/types\/product"}],"wp:featuredmedia":[{"embeddable":true,"href":"https:\/\/martehelgetun.no\/en\/wp-json\/wp\/v2\/media\/69709"}],"wp:attachment":[{"href":"https:\/\/martehelgetun.no\/en\/wp-json\/wp\/v2\/media?parent=69706"}],"wp:term":[{"taxonomy":"product_brand","embeddable":true,"href":"https:\/\/martehelgetun.no\/en\/wp-json\/wp\/v2\/product_brand?post=69706"},{"taxonomy":"product_cat","embeddable":true,"href":"https:\/\/martehelgetun.no\/en\/wp-json\/wp\/v2\/product_cat?post=69706"},{"taxonomy":"product_tag","embeddable":true,"href":"https:\/\/martehelgetun.no\/en\/wp-json\/wp\/v2\/product_tag?post=69706"}],"curies":[{"name":"wp","href":"https:\/\/api.w.org\/{rel}","templated":true}]}}