{"id":69682,"date":"2024-01-16T15:26:52","date_gmt":"2024-01-16T14:26:52","guid":{"rendered":"http:\/\/martehelgetun.no\/?post_type=product&#038;p=69682"},"modified":"2024-11-26T12:44:53","modified_gmt":"2024-11-26T11:44:53","slug":"lantern-moon-80-cm-fast-rundpinne-4-mm","status":"publish","type":"product","link":"https:\/\/martehelgetun.no\/en\/produkt\/lantern-moon-80-cm-fast-rundpinne-4-mm\/","title":{"rendered":"Lantern Moon 80 cm fast rundpinne 4 mm"},"content":{"rendered":"<p>Eksklusive pinner fra Lantern Moon laget av ibenholt, og skj\u00f8tene er belagt med 24K gull.\u00a0 Vaieren er laget av nylonbelagt rustfritt st\u00e5l og er b\u00e5de slitesterkt og fleksibel.<\/p>\n<p>Du f\u00e5r en strikkepinne som b\u00e5de f\u00f8les god \u00e5 ha i hendene og ser eksklusiv ut.<br \/>\nPinnest\u00f8rrelsen er gravert inn b\u00e5de US og mm.<\/p>\n<p>Lantern Moons produkter er h\u00e5ndlaget i India og fair trade<\/p>\n","protected":false},"excerpt":{"rendered":"<p>Eksklusive pinner fra Lantern Moon laget av ibenholt, og skj\u00f8tene er belagt med 24K gull.\u00a0 Vaieren er laget av nylonbelagt rustfritt st\u00e5l og er b\u00e5de slitesterkt og fleksibel. Du f\u00e5r en strikkepinne som b\u00e5de f\u00f8les god \u00e5 ha i hendene og ser eksklusiv ut. Pinnest\u00f8rrelsen er gravert inn b\u00e5de US og mm. Lantern Moons produkter [&hellip;]<\/p>\n","protected":false},"featured_media":69677,"template":"","meta":{"_acf_changed":false,"_relevanssi_hide_post":"","_relevanssi_hide_content":"","_relevanssi_pin_for_all":"","_relevanssi_pin_keywords":"","_relevanssi_unpin_keywords":"","_relevanssi_related_keywords":"","_relevanssi_related_include_ids":"","_relevanssi_related_exclude_ids":"","_relevanssi_related_no_append":"","_relevanssi_related_not_related":"","_relevanssi_related_posts":"","_relevanssi_noindex_reason":""},"product_cat":[88,230],"product_tag":[231,232,227],"acf":[],"_links":{"self":[{"href":"https:\/\/martehelgetun.no\/en\/wp-json\/wp\/v2\/product\/69682"}],"collection":[{"href":"https:\/\/martehelgetun.no\/en\/wp-json\/wp\/v2\/product"}],"about":[{"href":"https:\/\/martehelgetun.no\/en\/wp-json\/wp\/v2\/types\/product"}],"wp:featuredmedia":[{"embeddable":true,"href":"https:\/\/martehelgetun.no\/en\/wp-json\/wp\/v2\/media\/69677"}],"wp:attachment":[{"href":"https:\/\/martehelgetun.no\/en\/wp-json\/wp\/v2\/media?parent=69682"}],"wp:term":[{"taxonomy":"product_cat","embeddable":true,"href":"https:\/\/martehelgetun.no\/en\/wp-json\/wp\/v2\/product_cat?post=69682"},{"taxonomy":"product_tag","embeddable":true,"href":"https:\/\/martehelgetun.no\/en\/wp-json\/wp\/v2\/product_tag?post=69682"}],"curies":[{"name":"wp","href":"https:\/\/api.w.org\/{rel}","templated":true}]}}