{"id":69667,"date":"2024-01-16T15:16:04","date_gmt":"2024-01-16T14:16:04","guid":{"rendered":"http:\/\/martehelgetun.no\/?post_type=product&#038;p=69667"},"modified":"2024-11-06T12:08:03","modified_gmt":"2024-11-06T11:08:03","slug":"lantern-moon-settpinner-8-mm","status":"publish","type":"product","link":"https:\/\/martehelgetun.no\/en\/produkt\/lantern-moon-settpinner-8-mm\/","title":{"rendered":"Lantern Moon Settpinner 8 mm"},"content":{"rendered":"<p>Eksklusive settpinner fra Lantern Moon laget av ibenholt.<\/p>\n<p>Du f\u00e5r alts\u00e5 et sett med strikkepinner som b\u00e5de f\u00f8les godt i hendene og ser eksklusivt ut. Pinnest\u00f8rrelsen er gravert inn b\u00e5de US og mm.<br \/>\nLantern Moons produkter er h\u00e5ndlaget i India og fair trade.<\/p>\n","protected":false},"excerpt":{"rendered":"<p>Eksklusive settpinner fra Lantern Moon laget av ibenholt. Du f\u00e5r alts\u00e5 et sett med strikkepinner som b\u00e5de f\u00f8les godt i hendene og ser eksklusivt ut. Pinnest\u00f8rrelsen er gravert inn b\u00e5de US og mm. Lantern Moons produkter er h\u00e5ndlaget i India og fair trade.<\/p>\n","protected":false},"featured_media":69658,"template":"","meta":{"_acf_changed":false,"_relevanssi_hide_post":"","_relevanssi_hide_content":"","_relevanssi_pin_for_all":"","_relevanssi_pin_keywords":"","_relevanssi_unpin_keywords":"","_relevanssi_related_keywords":"","_relevanssi_related_include_ids":"","_relevanssi_related_exclude_ids":"","_relevanssi_related_no_append":"","_relevanssi_related_not_related":"","_relevanssi_related_posts":"","_relevanssi_noindex_reason":""},"product_cat":[88,96],"product_tag":[227,228,229],"acf":[],"_links":{"self":[{"href":"https:\/\/martehelgetun.no\/en\/wp-json\/wp\/v2\/product\/69667"}],"collection":[{"href":"https:\/\/martehelgetun.no\/en\/wp-json\/wp\/v2\/product"}],"about":[{"href":"https:\/\/martehelgetun.no\/en\/wp-json\/wp\/v2\/types\/product"}],"wp:featuredmedia":[{"embeddable":true,"href":"https:\/\/martehelgetun.no\/en\/wp-json\/wp\/v2\/media\/69658"}],"wp:attachment":[{"href":"https:\/\/martehelgetun.no\/en\/wp-json\/wp\/v2\/media?parent=69667"}],"wp:term":[{"taxonomy":"product_cat","embeddable":true,"href":"https:\/\/martehelgetun.no\/en\/wp-json\/wp\/v2\/product_cat?post=69667"},{"taxonomy":"product_tag","embeddable":true,"href":"https:\/\/martehelgetun.no\/en\/wp-json\/wp\/v2\/product_tag?post=69667"}],"curies":[{"name":"wp","href":"https:\/\/api.w.org\/{rel}","templated":true}]}}