{"id":69630,"date":"2024-01-16T14:59:57","date_gmt":"2024-01-16T13:59:57","guid":{"rendered":"http:\/\/martehelgetun.no\/?post_type=product&#038;p=69630"},"modified":"2025-06-10T13:38:20","modified_gmt":"2025-06-10T11:38:20","slug":"lucifer-lue","status":"publish","type":"product","link":"https:\/\/martehelgetun.no\/en\/produkt\/lucifer-lue\/","title":{"rendered":"Lucifer Lue"},"content":{"rendered":"<p><strong>ST\u00d8RRELSER OG M\u00c5L<\/strong><br \/>\nSt\u00f8rrelse: En st\u00f8rrelse voksen<br \/>\nH\u00f8yde: 28 cm<\/p>\n<p>&nbsp;<\/p>\n<p><strong>GARN OG GARNFORBRUK<\/strong><br \/>\nLunt + Lett by Marte Helgetun<br \/>\n1 n\u00f8ste Lunt nr. 06 Skifer<br \/>\n1 n\u00f8ste Lett nr. 06 Skifer<\/p>\n<p>&nbsp;<\/p>\n<p><strong>PINNER OG STRIKKEFASTHET<\/strong><br \/>\n100 cm lang rundpinne nr. 4,5 (Bruker du rundpinner med utskiftbare tupper, anbefaler vi \u00e5 bruke en tupp nr. 4,5 og en tupp nr. 3,5)<\/p>\n<p>Om du ikke \u00f8nsker \u00e5 benytte magic loop-teknikken etter \u00f8kningene p\u00e5 toppen av lua, kan du bruke en liten rundpinne 40 cm nr. 4,5, f\u00f8r du bytter til liten rundpinne 40 cm nr. 3,5 p\u00e5 glattstrikkpartiet<\/p>\n<p>Settpinne nr. 3 til I-cordfelling.<\/p>\n<p>22 masker strukturstrikk med en tr\u00e5d av hver garnkvalitet p\u00e5 pinne nr. 4,5 = 10 cm<\/p>\n","protected":false},"excerpt":{"rendered":"<p>Lucifer luen har ogs\u00e5 den fine strukturen som sjalet med samme navn. Den strikkes i garnkvalitetene Lunt og Lett, og ovenfra og ned med en enkel flettestruktur. En glattstrikket avslutning gj\u00f8r at den sitter godt ved pannen.<\/p>\n<p>&nbsp;<\/p>\n<p>&nbsp;<\/p>\n<p><strong>Norsk og Engelsk oppskrift.<\/strong> Du f\u00e5r tilgang til alle spr\u00e5k som pdf fil ved kj\u00f8p.<\/p>\n","protected":false},"featured_media":69633,"template":"","meta":{"_acf_changed":false,"_relevanssi_hide_post":"","_relevanssi_hide_content":"","_relevanssi_pin_for_all":"","_relevanssi_pin_keywords":"","_relevanssi_unpin_keywords":"","_relevanssi_related_keywords":"","_relevanssi_related_include_ids":"","_relevanssi_related_exclude_ids":"","_relevanssi_related_no_append":"","_relevanssi_related_not_related":"","_relevanssi_related_posts":"","_relevanssi_noindex_reason":""},"product_cat":[60,401],"product_tag":[128,37,226,171,33,136],"acf":[],"_links":{"self":[{"href":"https:\/\/martehelgetun.no\/en\/wp-json\/wp\/v2\/product\/69630"}],"collection":[{"href":"https:\/\/martehelgetun.no\/en\/wp-json\/wp\/v2\/product"}],"about":[{"href":"https:\/\/martehelgetun.no\/en\/wp-json\/wp\/v2\/types\/product"}],"wp:featuredmedia":[{"embeddable":true,"href":"https:\/\/martehelgetun.no\/en\/wp-json\/wp\/v2\/media\/69633"}],"wp:attachment":[{"href":"https:\/\/martehelgetun.no\/en\/wp-json\/wp\/v2\/media?parent=69630"}],"wp:term":[{"taxonomy":"product_cat","embeddable":true,"href":"https:\/\/martehelgetun.no\/en\/wp-json\/wp\/v2\/product_cat?post=69630"},{"taxonomy":"product_tag","embeddable":true,"href":"https:\/\/martehelgetun.no\/en\/wp-json\/wp\/v2\/product_tag?post=69630"}],"curies":[{"name":"wp","href":"https:\/\/api.w.org\/{rel}","templated":true}]}}