{"id":69625,"date":"2024-01-15T15:42:44","date_gmt":"2024-01-15T14:42:44","guid":{"rendered":"http:\/\/martehelgetun.no\/?post_type=product&#038;p=69625"},"modified":"2024-03-19T21:56:02","modified_gmt":"2024-03-19T20:56:02","slug":"pinnemappe-uten-pinner","status":"publish","type":"product","link":"https:\/\/martehelgetun.no\/en\/produkt\/pinnemappe-uten-pinner\/","title":{"rendered":"Pinnemappe uten pinner"},"content":{"rendered":"","protected":false},"excerpt":{"rendered":"<p>Pinnemappe i tykk plast med glidel\u00e5s i toppen til \u00e5 legge strikkepinnene i. Mappene er laget for \u00e5 passe til 20 mm lange str\u00f8mpepinner slik som vist p\u00e5 bildet. Det passer ogs\u00e5 godt til alt annet sm\u00e5godt som knapper b\u00e5nd, til penner og toalettsaker.<\/p>\n","protected":false},"featured_media":69626,"template":"","meta":{"_acf_changed":false,"_relevanssi_hide_post":"","_relevanssi_hide_content":"","_relevanssi_pin_for_all":"","_relevanssi_pin_keywords":"","_relevanssi_unpin_keywords":"","_relevanssi_related_keywords":"","_relevanssi_related_include_ids":"","_relevanssi_related_exclude_ids":"","_relevanssi_related_no_append":"","_relevanssi_related_not_related":"","_relevanssi_related_posts":"","_relevanssi_noindex_reason":""},"product_cat":[87,671],"product_tag":[225],"class_list":{"0":"post-69625","1":"product","2":"type-product","3":"status-publish","4":"has-post-thumbnail","6":"product_cat-strikketilbehor","7":"product_cat-oppbevaring","8":"product_tag-pinnemappe","10":"first","11":"instock","12":"taxable","13":"shipping-taxable","14":"purchasable","15":"product-type-simple"},"acf":[],"_links":{"self":[{"href":"https:\/\/martehelgetun.no\/en\/wp-json\/wp\/v2\/product\/69625","targetHints":{"allow":["GET"]}}],"collection":[{"href":"https:\/\/martehelgetun.no\/en\/wp-json\/wp\/v2\/product"}],"about":[{"href":"https:\/\/martehelgetun.no\/en\/wp-json\/wp\/v2\/types\/product"}],"wp:featuredmedia":[{"embeddable":true,"href":"https:\/\/martehelgetun.no\/en\/wp-json\/wp\/v2\/media\/69626"}],"wp:attachment":[{"href":"https:\/\/martehelgetun.no\/en\/wp-json\/wp\/v2\/media?parent=69625"}],"wp:term":[{"taxonomy":"product_cat","embeddable":true,"href":"https:\/\/martehelgetun.no\/en\/wp-json\/wp\/v2\/product_cat?post=69625"},{"taxonomy":"product_tag","embeddable":true,"href":"https:\/\/martehelgetun.no\/en\/wp-json\/wp\/v2\/product_tag?post=69625"}],"curies":[{"name":"wp","href":"https:\/\/api.w.org\/{rel}","templated":true}]}}