{"id":69620,"date":"2024-01-15T15:31:30","date_gmt":"2024-01-15T14:31:30","guid":{"rendered":"http:\/\/martehelgetun.no\/?post_type=product&#038;p=69620"},"modified":"2024-03-19T21:54:38","modified_gmt":"2024-03-19T20:54:38","slug":"luebrem-medium-17-cm","status":"publish","type":"product","link":"https:\/\/martehelgetun.no\/en\/produkt\/luebrem-medium-17-cm\/","title":{"rendered":"Luebrem Medium  17 cm"},"content":{"rendered":"","protected":false},"excerpt":{"rendered":"<p>Luebrem laget av papp som passer perfekt til t\u00f8ffe strikkede capser.<\/p>\n<p>Denne luebremen m\u00e5ler ca. 17 cm m\u00e5lt p\u00e5 langs.<\/p>\n<p>Egner seg godt til skolebarn.<\/p>\n","protected":false},"featured_media":69617,"template":"","meta":{"_acf_changed":false,"_relevanssi_hide_post":"","_relevanssi_hide_content":"","_relevanssi_pin_for_all":"","_relevanssi_pin_keywords":"","_relevanssi_unpin_keywords":"","_relevanssi_related_keywords":"","_relevanssi_related_include_ids":"","_relevanssi_related_exclude_ids":"","_relevanssi_related_no_append":"","_relevanssi_related_not_related":"","_relevanssi_related_posts":"","_relevanssi_noindex_reason":""},"product_cat":[87,680],"product_tag":[224],"class_list":{"0":"post-69620","1":"product","2":"type-product","3":"status-publish","4":"has-post-thumbnail","6":"product_cat-strikketilbehor","7":"product_cat-luebrem","8":"product_tag-luebrem","10":"first","11":"instock","12":"taxable","13":"shipping-taxable","14":"purchasable","15":"product-type-simple"},"acf":[],"_links":{"self":[{"href":"https:\/\/martehelgetun.no\/en\/wp-json\/wp\/v2\/product\/69620","targetHints":{"allow":["GET"]}}],"collection":[{"href":"https:\/\/martehelgetun.no\/en\/wp-json\/wp\/v2\/product"}],"about":[{"href":"https:\/\/martehelgetun.no\/en\/wp-json\/wp\/v2\/types\/product"}],"wp:featuredmedia":[{"embeddable":true,"href":"https:\/\/martehelgetun.no\/en\/wp-json\/wp\/v2\/media\/69617"}],"wp:attachment":[{"href":"https:\/\/martehelgetun.no\/en\/wp-json\/wp\/v2\/media?parent=69620"}],"wp:term":[{"taxonomy":"product_cat","embeddable":true,"href":"https:\/\/martehelgetun.no\/en\/wp-json\/wp\/v2\/product_cat?post=69620"},{"taxonomy":"product_tag","embeddable":true,"href":"https:\/\/martehelgetun.no\/en\/wp-json\/wp\/v2\/product_tag?post=69620"}],"curies":[{"name":"wp","href":"https:\/\/api.w.org\/{rel}","templated":true}]}}